{"id":146473,"date":"2021-01-15T10:53:45","date_gmt":"2021-01-15T10:53:45","guid":{"rendered":"https:\/\/codengine3.ch\/?product=import-placeholder-for-208300"},"modified":"2021-01-15T17:52:27","modified_gmt":"2021-01-15T17:52:27","slug":"alles-klettern-ist-problemloesen","status":"publish","type":"product","link":"https:\/\/pizbube.ch\/en\/shop\/alles-klettern-ist-problemloesen\/","title":{"rendered":"Alles Klettern ist Probleml\u00f6sen"},"content":{"rendered":"<p>\nWie ich meinen Weg nach oben fand<\/p>\n<p>Wenn ein Kletterstar den Blick hinter die Kulissen einer Bilderbuchkarriere<br \/>\ngew\u00e4hrt<\/p>\n<p>Sportkletterer wissen: Klettern hei\u00dft Bewegungsprobleme knacken, die einen die<br \/>\nWand stellt. Der Faszination dieses Geist und K\u00f6rper gleicherma\u00dfen fordernden<br \/>\nSpiels in der Vertikalen ist &#171;Angy&#187; seit ihrer Kindheit verfallen. Das<br \/>\nkleine M\u00e4dchen war talentiert, extrem motiviert, gab immer sein Bestes.  <\/p>\n<p>Bald war ein gefeierter &#171;Rockstar&#187; geboren, der boomende Klettersport hatte<br \/>\nein frisches, junges Gesicht. Doch auf dem Weg ganz nach oben k\u00e4mpfte die<br \/>\njunge Sportkletterathletin mit viel gr\u00f6\u00dferen Problemen, als sie in der Wand je<br \/>\nvorfand. Es gab Phasen der Magersucht, Mobbingattacken, tragisches<br \/>\nVerletzungspech. Vom Licht und Schatten ihres Lebens f\u00fcr den Klettersport<br \/>\nerz\u00e4hlt sie nun als erwachsene Frau zum ersten Mal in diesem Buch:<br \/>\nauthentisch, offen und ehrlich.  <\/p>\n<p>ANGELA &#171;ANGY&#187; EITER, 1986 in Zams geboren und in Arzl im Pitztal<br \/>\naufgewachsen, z\u00e4hlt zu den besten Sportkletterinnen der Welt. Die Bilanz ihrer<br \/>\nWettkampfkarriere sucht ihresgleichen: Die Tirolerin wurde 2005, 2007, 2011<br \/>\nund 2012 Weltmeisterin im Lead, 2010 Europameisterin und sicherte sich 2004,<br \/>\n2005 und 2006 drei Mal hintereinander den Weltcup-Gesamtsieg. Den legend\u00e4ren<br \/>\nRockmaster in Arco entschied sie sechs Mal f\u00fcr sich &#8211; eine au\u00dfergew\u00f6hnliche<br \/>\nLeistung, die bis heute keiner anderen Frau gelang.  <\/p>\n<p>2013 zog sich die heute 33-J\u00e4hrige aus dem Wettkampfgeschehen zur\u00fcck und<br \/>\nwidmete sich fortan dem Freiklettern im Fels. Den gr\u00f6\u00dften Triumph realisierte<br \/>\nsie 2017 in Spanien: Als erste Frau weltweit kletterte sie eine Route im<br \/>\nSchwierigkeitsgrad 9b (XI+\/XII-).  <\/p>","protected":false},"excerpt":{"rendered":"<p>Wie ich meinen Weg nach oben fand Wenn ein Kletterstar den Blick hinter die Kulissen einer Bilderbuchkarriere gew\u00e4hrt Sportkletterer wissen: Klettern hei\u00dft Bewegungsprobleme knacken, die einen die Wand stellt. Der Faszination dieses Geist und K\u00f6rper gleicherma\u00dfen fordernden Spiels in der Vertikalen ist &#171;Angy&#187; seit ihrer Kindheit verfallen. Das kleine M\u00e4dchen war talentiert, extrem motiviert, gab [&#8230;]\n","protected":false},"featured_media":39921,"template":"","meta":[],"product_brand":[],"product_cat":[21542],"product_tag":[],"class_list":{"0":"post-146473","1":"product","2":"type-product","3":"status-publish","4":"has-post-thumbnail","6":"product_cat-sachbuecher-dokumentationen","7":"pa_autor-eiter","8":"pa_erscheinungsjahr-21586","9":"pa_region-oesterreich","10":"pa_sprache-de","12":"first","13":"instock","14":"taxable","15":"shipping-taxable","16":"purchasable","17":"product-type-simple"},"_links":{"self":[{"href":"https:\/\/pizbube.ch\/en\/wp-json\/wp\/v2\/product\/146473","targetHints":{"allow":["GET"]}}],"collection":[{"href":"https:\/\/pizbube.ch\/en\/wp-json\/wp\/v2\/product"}],"about":[{"href":"https:\/\/pizbube.ch\/en\/wp-json\/wp\/v2\/types\/product"}],"wp:featuredmedia":[{"embeddable":true,"href":"https:\/\/pizbube.ch\/en\/wp-json\/wp\/v2\/media\/39921"}],"wp:attachment":[{"href":"https:\/\/pizbube.ch\/en\/wp-json\/wp\/v2\/media?parent=146473"}],"wp:term":[{"taxonomy":"product_brand","embeddable":true,"href":"https:\/\/pizbube.ch\/en\/wp-json\/wp\/v2\/product_brand?post=146473"},{"taxonomy":"product_cat","embeddable":true,"href":"https:\/\/pizbube.ch\/en\/wp-json\/wp\/v2\/product_cat?post=146473"},{"taxonomy":"product_tag","embeddable":true,"href":"https:\/\/pizbube.ch\/en\/wp-json\/wp\/v2\/product_tag?post=146473"}],"curies":[{"name":"wp","href":"https:\/\/api.w.org\/{rel}","templated":true}]}}