{"id":146474,"date":"2021-01-15T10:53:45","date_gmt":"2021-01-15T10:53:45","guid":{"rendered":"https:\/\/codengine3.ch\/?product=import-placeholder-for-200056"},"modified":"2021-08-24T14:37:36","modified_gmt":"2021-08-24T12:37:36","slug":"hoyamoros-boulder-guide","status":"publish","type":"product","link":"https:\/\/pizbube.ch\/en\/shop\/hoyamoros-boulder-guide\/","title":{"rendered":"Hoyamoros Boulder Guide"},"content":{"rendered":"<p>The bouldering area is located 2 hours west of Madrid (Sierra de Gredos in<br \/>\nwestern Spain ) and is especially characterized by its unspoiled nature .<\/p>\n<p>The area lies at 2000m above sea level and has 840 boulder problems spread<br \/>\nover 14 sectors.<br \/>\nBest seasons are spring and autumn.<\/p>\n<p>includes Vertical Life Climbing App<br \/>\nPages 124; Format A5<\/p>\n<p>Das Bouldergebiet Hoyamoros befindet sich in Spanien, zwei Stunden \u00f6stlich von Madrid in der Sierra de Gredos, West-Spanien. Das Gebiet liegt auf einer H\u00f6he von 2.200 Metern in einem von Gletscher geformten Tal. Der kompakte Granit bietet Bl\u00f6cke und Linien von verschiedensten Schwierigkeitsgraden. Aus diesem Grund sind die Boulder f\u00fcr Jedermann geeignet: Anf\u00e4nger und auch passionierte Kletterer. Die beste Jahreszeit einen dieser 1.000 Bl\u00f6cke zu klettern ist Fr\u00fchling und Herbst.<\/p>\n<p>In Hoyamoros ist es nicht m\u00f6glich im Winter zu klettern, da die Bl\u00f6cke von Schnee bedeckt sind. Im Sommer hingegen, k\u00f6nnen auf Grund der H\u00f6he des Bouldergebietes gute Bedingungen vorherrschen. Das Gebiet Hoyamoros befindet sich in einer einzigartigen Naturlandschaft und wurde damit zum UNESCO Weltnaturerbe ernannt. Die Erhaltung, der Schutz und das Respektieren der Natur sollte f\u00fcr jenen Kletterer im Vordergrund stehen. Befolgt die vorherrschenden Regeln, um das Gebiet und die Bl\u00f6cke zum Klettern zu sch\u00fctzen.<\/p>","protected":false},"excerpt":{"rendered":"<p>The bouldering area is located 2 hours west of Madrid (Sierra de Gredos in western Spain ) and is especially characterized by its unspoiled nature . The area lies at 2000m above sea level and has 840 boulder problems spread over 14 sectors. Best seasons are spring and autumn. includes Vertical Life Climbing App Pages [&#8230;]\n","protected":false},"featured_media":158501,"template":"","meta":[],"product_brand":[],"product_cat":[21539],"product_tag":[],"class_list":{"0":"post-146474","1":"product","2":"type-product","3":"status-publish","4":"has-post-thumbnail","6":"product_cat-fuehrerliteratur-sportklettern-bouldern","7":"pa_autor-lopez-garcia-alonso","8":"pa_erscheinungsjahr-21597","9":"pa_region-spanien","10":"pa_sprache-es-en","12":"first","13":"instock","14":"taxable","15":"shipping-taxable","16":"purchasable","17":"product-type-simple"},"_links":{"self":[{"href":"https:\/\/pizbube.ch\/en\/wp-json\/wp\/v2\/product\/146474","targetHints":{"allow":["GET"]}}],"collection":[{"href":"https:\/\/pizbube.ch\/en\/wp-json\/wp\/v2\/product"}],"about":[{"href":"https:\/\/pizbube.ch\/en\/wp-json\/wp\/v2\/types\/product"}],"wp:featuredmedia":[{"embeddable":true,"href":"https:\/\/pizbube.ch\/en\/wp-json\/wp\/v2\/media\/158501"}],"wp:attachment":[{"href":"https:\/\/pizbube.ch\/en\/wp-json\/wp\/v2\/media?parent=146474"}],"wp:term":[{"taxonomy":"product_brand","embeddable":true,"href":"https:\/\/pizbube.ch\/en\/wp-json\/wp\/v2\/product_brand?post=146474"},{"taxonomy":"product_cat","embeddable":true,"href":"https:\/\/pizbube.ch\/en\/wp-json\/wp\/v2\/product_cat?post=146474"},{"taxonomy":"product_tag","embeddable":true,"href":"https:\/\/pizbube.ch\/en\/wp-json\/wp\/v2\/product_tag?post=146474"}],"curies":[{"name":"wp","href":"https:\/\/api.w.org\/{rel}","templated":true}]}}