{"id":146475,"date":"2021-01-15T10:53:46","date_gmt":"2021-01-15T10:53:46","guid":{"rendered":"https:\/\/codengine3.ch\/?product=import-placeholder-for-202108"},"modified":"2021-01-15T12:33:27","modified_gmt":"2021-01-15T12:33:27","slug":"la-sierra-de-gredos","status":"publish","type":"product","link":"https:\/\/pizbube.ch\/en\/shop\/la-sierra-de-gredos\/","title":{"rendered":"La Sierra de Gredos"},"content":{"rendered":"<p>Topof\u00fchrer; beschrieben sind: Villarejo, Galayos und Torozo.<br \/>\nIdeal para quienes deseen introducirse en la pr\u00e1ctica de la escalada en alta<br \/>\nmonta\u00f1a. Recoge las mejores zonas de Galayos, Riscos de Villarejo y Torozo,<br \/>\nrutas de gran belleza sobre un s\u00f3lido granito. Las v\u00edas m\u00e1s cl\u00e1sicas aparecen<br \/>\nen esta gu\u00eda aunque no todas est\u00e1n rese\u00f1adas, s\u00f3lo las m\u00e1s representativas de<br \/>\nla parte sur de la sierra de Gredos. Croquis de v\u00edas y grados de dificultad<br \/>\nm\u00e1xima y obligada.<\/p>","protected":false},"excerpt":{"rendered":"<p>Topof\u00fchrer; beschrieben sind: Villarejo, Galayos und Torozo. Ideal para quienes deseen introducirse en la pr\u00e1ctica de la escalada en alta monta\u00f1a. Recoge las mejores zonas de Galayos, Riscos de Villarejo y Torozo, rutas de gran belleza sobre un s\u00f3lido granito. Las v\u00edas m\u00e1s cl\u00e1sicas aparecen en esta gu\u00eda aunque no todas est\u00e1n rese\u00f1adas, s\u00f3lo las [&#8230;]\n","protected":false},"featured_media":29496,"template":"","meta":[],"product_brand":[],"product_cat":[21539],"product_tag":[],"class_list":{"0":"post-146475","1":"product","2":"type-product","3":"status-publish","4":"has-post-thumbnail","6":"product_cat-fuehrerliteratur-sportklettern-bouldern","7":"pa_autor-martin","8":"pa_erscheinungsjahr-22137","9":"pa_region-spanien","10":"pa_sprache-sp","12":"first","13":"instock","14":"taxable","15":"shipping-taxable","16":"purchasable","17":"product-type-simple"},"_links":{"self":[{"href":"https:\/\/pizbube.ch\/en\/wp-json\/wp\/v2\/product\/146475","targetHints":{"allow":["GET"]}}],"collection":[{"href":"https:\/\/pizbube.ch\/en\/wp-json\/wp\/v2\/product"}],"about":[{"href":"https:\/\/pizbube.ch\/en\/wp-json\/wp\/v2\/types\/product"}],"wp:featuredmedia":[{"embeddable":true,"href":"https:\/\/pizbube.ch\/en\/wp-json\/wp\/v2\/media\/29496"}],"wp:attachment":[{"href":"https:\/\/pizbube.ch\/en\/wp-json\/wp\/v2\/media?parent=146475"}],"wp:term":[{"taxonomy":"product_brand","embeddable":true,"href":"https:\/\/pizbube.ch\/en\/wp-json\/wp\/v2\/product_brand?post=146475"},{"taxonomy":"product_cat","embeddable":true,"href":"https:\/\/pizbube.ch\/en\/wp-json\/wp\/v2\/product_cat?post=146475"},{"taxonomy":"product_tag","embeddable":true,"href":"https:\/\/pizbube.ch\/en\/wp-json\/wp\/v2\/product_tag?post=146475"}],"curies":[{"name":"wp","href":"https:\/\/api.w.org\/{rel}","templated":true}]}}