{"id":146476,"date":"2021-01-15T10:53:46","date_gmt":"2021-01-15T10:53:46","guid":{"rendered":"https:\/\/codengine3.ch\/?product=import-placeholder-for-206541"},"modified":"2025-01-27T13:51:48","modified_gmt":"2025-01-27T12:51:48","slug":"sierra-de-gredos","status":"publish","type":"product","link":"https:\/\/pizbube.ch\/en\/shop\/sierra-de-gredos\/","title":{"rendered":"Sierra de Gredos"},"content":{"rendered":"<p>Circo de Gredos \u2013 Valle del Ti\u00e9tar \u2013 Valle del Jerte<br \/>\n56 Touren<\/p>\n<p>Die Sierra de Gredos bildet die Fortsetzung der Sierra de Guadarrama, der<br \/>\nMadrider Hausberge, nach Westen. Wie letztere geh\u00f6rt sie zum Kastilischen<br \/>\nHauptscheidegebirge, welches das Innere der Iberischen Halbinsel in Nord- und<br \/>\nS\u00fcdmeseta unterteilt.<br \/>\nDas Gebirge beginnt an seinem \u00f6stlichen Rand, wo einige Madrilenen<br \/>\nZweitwohnsitze haben, mit vergleichsweise sanften H\u00f6henz\u00fcgen und geht jenseits<br \/>\ndes Puerto del Pico im zentralen Teil (Macizo Central) in schroffe und alpine<br \/>\nFormen mit Gipfelh\u00f6hen bis 2600 m (Almanzor 2596 m) \u00fcber. Das westliche Massiv<br \/>\nb\u00e4umt sich als Sierra de B\u00e9jar noch einmal bis 2400 m auf.<\/p>\n<p>Rund zwei Autostunden ab der spanischen Hauptstadt und eine Autostunde von den<br \/>\nmittelalterlichen Stadtmauern \u00c1vilas entfernt befinden sich am Oberlauf des<br \/>\nR\u00edo Tormes die bekanntesten und meistbesuchten Gebiete um den Circo de Gredos<br \/>\nund die Cinco Lagunas \u2013 f\u00fcr viele Spanier schlechthin der Inbegriff von<br \/>\n\u00bbGredos\u00ab. Der Anblick des Bergsees Laguna Grande inmitten eines von gezackten<br \/>\nGraten und schlanken Felsgipfeln aus Granit \u00fcberragten Kares, ebenso wie die<br \/>\nbenachbarten Cinco Lagunas, eine Abfolge von gr\u00f6\u00dferen und kleineren<br \/>\neiszeitlichen Bergseen, ist f\u00fcr Gredos-Neulinge schlichtweg unerwartet und<br \/>\nergreifend und beeindruckt selbst Veteranen immer wieder aufs Neue.<\/p>\n<p>An der S\u00fcdabdachung des Zentralmassivs, das bei Candeleda mehr als 2000 m<br \/>\nsteil zum Ti\u00e9tar-Tal abf\u00e4llt, findet man die Galayos, eine Art Aiguilles de<br \/>\nChamonix en miniature.<br \/>\nGro\u00dfe (kultur-)landschaftliche Gegens\u00e4tze zwischen Nord- und S\u00fcdseite des<br \/>\nGebirges kennzeichnen die Sierra de Gredos, die neben einer Wasser- (Ausnahme:<br \/>\nR\u00edo Alberche) auch eine Art Klimascheide inmitten der Iberischen Halbinsel<br \/>\nbildet.<\/p>\n<p>Kelten und R\u00f6mer haben ihre Spuren in der Region hinterlassen; viele<br \/>\nWanderwege f\u00fchren \u00fcber mittelalterliche Passwege, die einst f\u00fcr transhumante<br \/>\nViehweiden angelegt wurden. Aus der Zeit Alfons XIII., der vor \u00fcber 100 Jahren<br \/>\nein Jagdrevier der Krone zum Schutz des Gredos-Steinbocks gr\u00fcndete, stammen<br \/>\neinige gepflasterte Steige in der zentralen Sierra de Gredos. Beim Kloster<br \/>\nYuste im Landstrich La Vera (Extremadura) kann man auf den Spuren Karls V.<br \/>\nwandern.<br \/>\nZur Auswahl geh\u00f6ren ebenso leichte von-Dorf-zu-Dorf-Wanderungen wie stramme<br \/>\nGipfelanstiege mit leichten Klettereinlagen.<\/p>\n<p>1. Auflage 2011; 144 Seiten mit 60 Farbabbildungen, 56 H\u00f6henprofile, 56<br \/>\nWanderk\u00e4rtchen im Ma\u00dfstab 1:50.000, eine \u00dcbersichtskarte<\/p>","protected":false},"excerpt":{"rendered":"<p>Circo de Gredos \u2013 Valle del Ti\u00e9tar \u2013 Valle del Jerte 56 Touren Die Sierra de Gredos bildet die Fortsetzung der Sierra de Guadarrama, der Madrider Hausberge, nach Westen. Wie letztere geh\u00f6rt sie zum Kastilischen Hauptscheidegebirge, welches das Innere der Iberischen Halbinsel in Nord- und S\u00fcdmeseta unterteilt. Das Gebirge beginnt an seinem \u00f6stlichen Rand, wo [&#8230;]\n","protected":false},"featured_media":156587,"template":"","meta":[],"product_brand":[],"product_cat":[21605],"product_tag":[27534],"class_list":{"0":"post-146476","1":"product","2":"type-product","3":"status-publish","4":"has-post-thumbnail","6":"product_cat-wanderfuehrer-trekking","7":"product_tag-sierra-de-guadarrama","8":"pa_autor-plikat","9":"pa_erscheinungsjahr-21610","10":"pa_region-spanien","11":"pa_sprache-de","13":"first","14":"instock","15":"taxable","16":"shipping-taxable","17":"purchasable","18":"product-type-simple"},"_links":{"self":[{"href":"https:\/\/pizbube.ch\/en\/wp-json\/wp\/v2\/product\/146476","targetHints":{"allow":["GET"]}}],"collection":[{"href":"https:\/\/pizbube.ch\/en\/wp-json\/wp\/v2\/product"}],"about":[{"href":"https:\/\/pizbube.ch\/en\/wp-json\/wp\/v2\/types\/product"}],"wp:featuredmedia":[{"embeddable":true,"href":"https:\/\/pizbube.ch\/en\/wp-json\/wp\/v2\/media\/156587"}],"wp:attachment":[{"href":"https:\/\/pizbube.ch\/en\/wp-json\/wp\/v2\/media?parent=146476"}],"wp:term":[{"taxonomy":"product_brand","embeddable":true,"href":"https:\/\/pizbube.ch\/en\/wp-json\/wp\/v2\/product_brand?post=146476"},{"taxonomy":"product_cat","embeddable":true,"href":"https:\/\/pizbube.ch\/en\/wp-json\/wp\/v2\/product_cat?post=146476"},{"taxonomy":"product_tag","embeddable":true,"href":"https:\/\/pizbube.ch\/en\/wp-json\/wp\/v2\/product_tag?post=146476"}],"curies":[{"name":"wp","href":"https:\/\/api.w.org\/{rel}","templated":true}]}}