{"id":146477,"date":"2021-01-15T10:53:46","date_gmt":"2021-01-15T10:53:46","guid":{"rendered":"https:\/\/codengine3.ch\/?product=import-placeholder-for-205229"},"modified":"2023-01-18T14:35:28","modified_gmt":"2023-01-18T13:35:28","slug":"circo-de-gredos-escaladas-en-hielo-nieve-mixto-y-roca","status":"publish","type":"product","link":"https:\/\/pizbube.ch\/en\/shop\/circo-de-gredos-escaladas-en-hielo-nieve-mixto-y-roca\/","title":{"rendered":"Circo de Gredos Escaladas en hielo, nieve, mixto y roca"},"content":{"rendered":"<p>La Sierra de Gredos ocupa la zona intermedia del Sistema Central, entre la<br \/>\nSierra de Guadarrama y las de Gata y Pe\u00f1a de Francia. Orientada<br \/>\naproximadamente en direcci\u00f3n este-oeste a lo largo de m\u00e1s de 140 km entre el<br \/>\ncerro de Guisando y el corredor de B\u00e9jar, la mayor\u00eda de sus 3.500 kil\u00f3metros<br \/>\ncuadrados de superficie pertenecen a la provincia de \u00c1vila, y una peque\u00f1a<br \/>\nfracci\u00f3n del Macizo Occidental, a las provincias de C\u00e1ceres y Salamanca.<\/p>\n<p>Todas las v\u00edas descritas en esta gu\u00eda se sit\u00faan en el enclave m\u00e1s popular y<br \/>\nvisitado de la sierra: el Circo de Gredos. Te presentamos una selecci\u00f3n de 100<br \/>\nv\u00edas, en las que destacan principalmente las v\u00edas de hielo. Si algo hay que<br \/>\ndestacar de este sector son sus buenas condiciones para este tipo de escalada.<\/p>\n<p>Debido a su orientaci\u00f3n norte y al clima fr\u00edo y seco de sus inviernos, se<br \/>\nforma un tipo de hielo que suele ser cristalino, poco poroso y muy duro, sobre<br \/>\ntodo durante los meses m\u00e1s fr\u00edos (diciembre y enero). En esta \u00e9poca suelen<br \/>\nformarse peque\u00f1as cascadas, fruto de la congelaci\u00f3n de algunos cursos de agua.<br \/>\nMientras que en febrero y marzo, gracias a las precipitaciones en forma de<br \/>\nnieve y al aumento de las horas de luz diarias, se forman los grandes<br \/>\nitinerarios de hielo, nieve y mixto, situados, principalmente, en el<br \/>\nCasquerazo y el Cuchillar de las Navajas.<\/p>\n<p>224 paginas<\/p>","protected":false},"excerpt":{"rendered":"<p>La Sierra de Gredos ocupa la zona intermedia del Sistema Central, entre la Sierra de Guadarrama y las de Gata y Pe\u00f1a de Francia. Orientada aproximadamente en direcci\u00f3n este-oeste a lo largo de m\u00e1s de 140 km entre el cerro de Guisando y el corredor de B\u00e9jar, la mayor\u00eda de sus 3.500 kil\u00f3metros cuadrados de [&#8230;]\n","protected":false},"featured_media":165686,"template":"","meta":[],"product_brand":[],"product_cat":[21540],"product_tag":[],"class_list":{"0":"post-146477","1":"product","2":"type-product","3":"status-publish","4":"has-post-thumbnail","6":"product_cat-fuehrerliteratur-alpin-winter","7":"pa_autor-del-cerro","8":"pa_erscheinungsjahr-21591","9":"pa_region-spanien","10":"pa_sprache-sp","12":"first","13":"instock","14":"taxable","15":"shipping-taxable","16":"purchasable","17":"product-type-simple"},"_links":{"self":[{"href":"https:\/\/pizbube.ch\/en\/wp-json\/wp\/v2\/product\/146477","targetHints":{"allow":["GET"]}}],"collection":[{"href":"https:\/\/pizbube.ch\/en\/wp-json\/wp\/v2\/product"}],"about":[{"href":"https:\/\/pizbube.ch\/en\/wp-json\/wp\/v2\/types\/product"}],"wp:featuredmedia":[{"embeddable":true,"href":"https:\/\/pizbube.ch\/en\/wp-json\/wp\/v2\/media\/165686"}],"wp:attachment":[{"href":"https:\/\/pizbube.ch\/en\/wp-json\/wp\/v2\/media?parent=146477"}],"wp:term":[{"taxonomy":"product_brand","embeddable":true,"href":"https:\/\/pizbube.ch\/en\/wp-json\/wp\/v2\/product_brand?post=146477"},{"taxonomy":"product_cat","embeddable":true,"href":"https:\/\/pizbube.ch\/en\/wp-json\/wp\/v2\/product_cat?post=146477"},{"taxonomy":"product_tag","embeddable":true,"href":"https:\/\/pizbube.ch\/en\/wp-json\/wp\/v2\/product_tag?post=146477"}],"curies":[{"name":"wp","href":"https:\/\/api.w.org\/{rel}","templated":true}]}}