{"id":146478,"date":"2021-01-15T10:53:46","date_gmt":"2021-01-15T10:53:46","guid":{"rendered":"https:\/\/codengine3.ch\/?product=import-placeholder-for-202812"},"modified":"2021-01-15T12:39:33","modified_gmt":"2021-01-15T12:39:33","slug":"las-100-mejores-escaladas-de-la-zona-centro","status":"publish","type":"product","link":"https:\/\/pizbube.ch\/en\/shop\/las-100-mejores-escaladas-de-la-zona-centro\/","title":{"rendered":"LAS 100 MEJORES ESCALADAS DE LA ZONA CENTRO"},"content":{"rendered":"<p>Topoguidebook; selection of routes in the center of Spain: Pedriza, El<br \/>\nEscorial, Penalara, Patones, Cabrera, Ceunca, Galayos El Torozo, La Albujera,<br \/>\nGredos.<br \/>\nUna selecci\u00f3n de las mejores escaladas dentro de la zona centro de Espa\u00f1a: Las<br \/>\nzonas de escalada del Centro de Espa\u00f1a conforman un fabuloso terreno de juego<br \/>\npara los escaladores. En un territorio relativamente reducido, se encuentran<br \/>\nnumerosas escuelas y zonas de escalada de variadas caracter\u00edsticas. Desde las<br \/>\na\u00e9reas agujas gran\u00edticas de los Galayos hasta los potentes y atl\u00e9ticos<br \/>\ndesplomes de Cuenca o Patones, los escaladores de la regi\u00f3n tienen a su<br \/>\ndisposici\u00f3n y a menos de dos horas desde Madrid, una oferta tan variada como<br \/>\ntentadora, apta tanto para el escalador deportivo \u00e1vido de cortas y explosivas<br \/>\nescaladas de dificultad, como para el amante de las largas rutas cl\u00e1sicas<br \/>\nsobre el soberbio granito de Gredos o Guadarrama, pr\u00f3ximo Parque Nacional.<br \/>\nEste libro no pretende ser una gu\u00eda en el sentido tradicional de la palabra,<br \/>\nsino una colecci\u00f3n de propuestas v\u00e1lidas tanto para los asiduos de la zona,<br \/>\nque a buen seguro encontrar\u00e1n &#8218;joyas ocultas&#8216;, como para los visitantes<br \/>\nocasionales, que tendr\u00e1n con \u00e9l una visi\u00f3n de conjunto.<\/p>","protected":false},"excerpt":{"rendered":"<p>Topoguidebook; selection of routes in the center of Spain: Pedriza, El Escorial, Penalara, Patones, Cabrera, Ceunca, Galayos El Torozo, La Albujera, Gredos. Una selecci\u00f3n de las mejores escaladas dentro de la zona centro de Espa\u00f1a: Las zonas de escalada del Centro de Espa\u00f1a conforman un fabuloso terreno de juego para los escaladores. En un territorio [&#8230;]\n","protected":false},"featured_media":30259,"template":"","meta":[],"product_brand":[],"product_cat":[21539],"product_tag":[],"class_list":{"0":"post-146478","1":"product","2":"type-product","3":"status-publish","4":"has-post-thumbnail","6":"product_cat-fuehrerliteratur-sportklettern-bouldern","7":"pa_autor-aguado","8":"pa_autor-gomez","9":"pa_erscheinungsjahr-22144","10":"pa_region-spanien","11":"pa_sprache-sp","13":"first","14":"instock","15":"taxable","16":"shipping-taxable","17":"purchasable","18":"product-type-simple"},"_links":{"self":[{"href":"https:\/\/pizbube.ch\/en\/wp-json\/wp\/v2\/product\/146478","targetHints":{"allow":["GET"]}}],"collection":[{"href":"https:\/\/pizbube.ch\/en\/wp-json\/wp\/v2\/product"}],"about":[{"href":"https:\/\/pizbube.ch\/en\/wp-json\/wp\/v2\/types\/product"}],"wp:featuredmedia":[{"embeddable":true,"href":"https:\/\/pizbube.ch\/en\/wp-json\/wp\/v2\/media\/30259"}],"wp:attachment":[{"href":"https:\/\/pizbube.ch\/en\/wp-json\/wp\/v2\/media?parent=146478"}],"wp:term":[{"taxonomy":"product_brand","embeddable":true,"href":"https:\/\/pizbube.ch\/en\/wp-json\/wp\/v2\/product_brand?post=146478"},{"taxonomy":"product_cat","embeddable":true,"href":"https:\/\/pizbube.ch\/en\/wp-json\/wp\/v2\/product_cat?post=146478"},{"taxonomy":"product_tag","embeddable":true,"href":"https:\/\/pizbube.ch\/en\/wp-json\/wp\/v2\/product_tag?post=146478"}],"curies":[{"name":"wp","href":"https:\/\/api.w.org\/{rel}","templated":true}]}}