{"id":146479,"date":"2021-01-15T10:53:46","date_gmt":"2021-01-15T10:53:46","guid":{"rendered":"https:\/\/codengine3.ch\/?product=import-placeholder-for-200528"},"modified":"2025-10-09T09:10:30","modified_gmt":"2025-10-09T07:10:30","slug":"gredos-sport-climbing","status":"publish","type":"product","link":"https:\/\/pizbube.ch\/en\/shop\/gredos-sport-climbing\/","title":{"rendered":"Gredos Sport Climbing"},"content":{"rendered":"<p>A sport climbing guide covering the Gredos Mounatins, up to now, an area<br \/>\nbetter known for its trad and alpine climbing.<\/p>\n<p>This new guidebook describes over 1,000 routes on perfect vertical granite<br \/>\nwalls&#8230; the guide is in full colour throughout with good quality photo-topos<br \/>\nof all the routes, easy-to-follow maps to all the climnbing areas and a good<br \/>\nselection of action shots giving a flavour of what&#8217;s on offer in the area &#8211;<br \/>\nSpanish and English language.<\/p>\n<p>176 pages, Colour Photo-Topos + Maps<\/p>\n<p>&nbsp;<\/p>\n<p>Robledillo * La Cancha. Navalacruz * Navatalgordo * Garganta del Cuervo *<br \/>\nNavarredonda de Gredos * La Plataforma. Hoyos del Espino * Pe\u00f1a la vieja *<br \/>\nNavalperal de Tormes * Laguna del Duque. Solana de \u00c1vila * Santib\u00e1\u00f1ez de B\u00e9jar<br \/>\n* Risco Gordo * La Covatilla * Barrera de Valdesancho * La Covatilla *<br \/>\nCarabancheles * Valdesangil * Cancho Bermejo * Valdesangil * Canalizos *<br \/>\nCandelario * La Corbera * Navalmoral de B\u00e9jar * El Picacho * Vallejera de<br \/>\nRiofr\u00edo.<\/p>\n<p>Gredos. Escalada deportiva<br \/>\nLa Sierra de Gredos es mucho m\u00e1s conocida por sus posibilidades para la<br \/>\nescalada cl\u00e1sica y el alpinismo que por sus zonas de escalada deportiva. No<br \/>\nobstante, a lo largo y ancho de todos los valles que rodean estas monta\u00f1as hay<br \/>\nmultitud de sectores que suman alrededor de 1.000 v\u00edas equipadas. La mayor\u00eda<br \/>\nde estos sectores no est\u00e1n entre las zonas de moda de la escalada nacional.<br \/>\nSin embargo, todos ellos est\u00e1n salpicados de v\u00edas de excepcional calidad que,<br \/>\nsin lugar a dudas, merece la pena descubrir.<\/p>\n<p>Sectores como La Casquera de Navatalgordo, La Corbera de Navalmoral o<br \/>\nSantib\u00e1\u00f1ez de B\u00e9jar re\u00fanen un buen pu\u00f1ado de v\u00edas muy recomendables, pero<br \/>\notros, como la laguna del Duque \u2013en Solana de \u00c1vila\u2013, deber\u00edan estar en la<br \/>\nlista de las mejores zonas de escalada en granito de la Pen\u00ednsula. All\u00ed<br \/>\nencontrar\u00e9is interminables y verticales muros salpicados de regletas, fisuras<br \/>\nperfectas en las que practicar todo tipo de empotramientos y extenuantes<br \/>\ndesplomes con generosos agarres; todo ello, rodeado del sobrio y embriagador<br \/>\npaisaje gredense, plagado de lagunas, gargantas, piornos, robles y encinas. Os<br \/>\nanimamos a que descubr\u00e1is la cara m\u00e1s amable y c\u00f3moda de la escalada en la<br \/>\nSierra de Gredos, estamos seguros de que no os defraudar\u00e1.<\/p>","protected":false},"excerpt":{"rendered":"<p>A sport climbing guide covering the Gredos Mounatins, up to now, an area better known for its trad and alpine climbing. This new guidebook describes over 1,000 routes on perfect vertical granite walls&#8230; the guide is in full colour throughout with good quality photo-topos of all the routes, easy-to-follow maps to all the climnbing areas [&#8230;]\n","protected":false},"featured_media":181688,"template":"","meta":[],"product_brand":[],"product_cat":[21539],"product_tag":[],"class_list":{"0":"post-146479","1":"product","2":"type-product","3":"status-publish","4":"has-post-thumbnail","6":"product_cat-fuehrerliteratur-sportklettern-bouldern","7":"pa_autor-lora","8":"pa_erscheinungsjahr-21546","9":"pa_region-spanien","10":"pa_sprache-es-en","12":"first","13":"instock","14":"taxable","15":"shipping-taxable","16":"purchasable","17":"product-type-simple"},"_links":{"self":[{"href":"https:\/\/pizbube.ch\/en\/wp-json\/wp\/v2\/product\/146479","targetHints":{"allow":["GET"]}}],"collection":[{"href":"https:\/\/pizbube.ch\/en\/wp-json\/wp\/v2\/product"}],"about":[{"href":"https:\/\/pizbube.ch\/en\/wp-json\/wp\/v2\/types\/product"}],"wp:featuredmedia":[{"embeddable":true,"href":"https:\/\/pizbube.ch\/en\/wp-json\/wp\/v2\/media\/181688"}],"wp:attachment":[{"href":"https:\/\/pizbube.ch\/en\/wp-json\/wp\/v2\/media?parent=146479"}],"wp:term":[{"taxonomy":"product_brand","embeddable":true,"href":"https:\/\/pizbube.ch\/en\/wp-json\/wp\/v2\/product_brand?post=146479"},{"taxonomy":"product_cat","embeddable":true,"href":"https:\/\/pizbube.ch\/en\/wp-json\/wp\/v2\/product_cat?post=146479"},{"taxonomy":"product_tag","embeddable":true,"href":"https:\/\/pizbube.ch\/en\/wp-json\/wp\/v2\/product_tag?post=146479"}],"curies":[{"name":"wp","href":"https:\/\/api.w.org\/{rel}","templated":true}]}}