{"id":146480,"date":"2021-01-15T10:53:46","date_gmt":"2021-01-15T10:53:46","guid":{"rendered":"https:\/\/codengine3.ch\/?product=import-placeholder-for-207801"},"modified":"2021-01-15T16:58:45","modified_gmt":"2021-01-15T16:58:45","slug":"iberian-boulder","status":"publish","type":"product","link":"https:\/\/pizbube.ch\/en\/shop\/iberian-boulder\/","title":{"rendered":"IBERIAN BOULDER"},"content":{"rendered":"<p>Gu\u00eda de bloque en el centro-oeste peninsular &#8211; Bouldering Guidebook for Spain<\/p>\n<p>Tras m\u00e1s de dos d\u00e9cadas de aperturas y encadenamientos de bloques y de intensa<br \/>\nactividad, la zona del centro-oeste de Espa\u00f1a, que comprende el sudeste de la<br \/>\nprovincia de Salamanca y el sudoeste de la provincia de \u00c1vila, se ha<br \/>\nconvertido en un referente de la escalada en bloque en Europa, pues ofrece<br \/>\nmultitud de bloques de caracter\u00edsticas \u00fanicas en un entorno natural<br \/>\nexcepcional.<\/p>\n<p>El centro-oeste peninsular cuenta con numerosas zonas de escalada para blocar.<br \/>\nEl af\u00e1n por abrir, descubrir y escalar ha permitido registrar m\u00e1s de 7.500<br \/>\nbloques, muchos de los cuales, a\u00fan sin escalar, se sit\u00faan entre los m\u00e1s duros<br \/>\ny complicados de nuestro pa\u00eds. Para esta gu\u00eda hemos seleccionado las zonas de<br \/>\nLa Dehesa, Agua Dulce, El Puertecito (La Muela), Bloque del Travieso, Pe\u00f1a de<br \/>\nla Cruz, Valdesangil, Vallejera, La Hoya y Becedas. Sin desmerecer a las<br \/>\ndem\u00e1s, estas son las m\u00e1s desarrolladas, las que contienen mayor n\u00famero de<br \/>\nproblemas y se puede decir que son las de mayor calidad.<\/p>\n<p>M\u00e1s de 1.800 problemas de bloque nos esperan entre estas p\u00e1ginas. Toda la<br \/>\ninformaci\u00f3n necesaria para que puedas descifrar los enigmas del granito y<br \/>\ndisfrutar del boulder en su estado m\u00e1s puro.  <\/p>","protected":false},"excerpt":{"rendered":"<p>Gu\u00eda de bloque en el centro-oeste peninsular &#8211; Bouldering Guidebook for Spain Tras m\u00e1s de dos d\u00e9cadas de aperturas y encadenamientos de bloques y de intensa actividad, la zona del centro-oeste de Espa\u00f1a, que comprende el sudeste de la provincia de Salamanca y el sudoeste de la provincia de \u00c1vila, se ha convertido en un [&#8230;]\n","protected":false},"featured_media":38470,"template":"","meta":[],"product_brand":[],"product_cat":[21539],"product_tag":[],"class_list":{"0":"post-146480","1":"product","2":"type-product","3":"status-publish","4":"has-post-thumbnail","6":"product_cat-fuehrerliteratur-sportklettern-bouldern","7":"pa_autor-lopez","8":"pa_erscheinungsjahr-21546","9":"pa_region-spanien","10":"pa_sprache-es-en","12":"first","13":"instock","14":"taxable","15":"shipping-taxable","16":"purchasable","17":"product-type-simple"},"_links":{"self":[{"href":"https:\/\/pizbube.ch\/en\/wp-json\/wp\/v2\/product\/146480","targetHints":{"allow":["GET"]}}],"collection":[{"href":"https:\/\/pizbube.ch\/en\/wp-json\/wp\/v2\/product"}],"about":[{"href":"https:\/\/pizbube.ch\/en\/wp-json\/wp\/v2\/types\/product"}],"wp:featuredmedia":[{"embeddable":true,"href":"https:\/\/pizbube.ch\/en\/wp-json\/wp\/v2\/media\/38470"}],"wp:attachment":[{"href":"https:\/\/pizbube.ch\/en\/wp-json\/wp\/v2\/media?parent=146480"}],"wp:term":[{"taxonomy":"product_brand","embeddable":true,"href":"https:\/\/pizbube.ch\/en\/wp-json\/wp\/v2\/product_brand?post=146480"},{"taxonomy":"product_cat","embeddable":true,"href":"https:\/\/pizbube.ch\/en\/wp-json\/wp\/v2\/product_cat?post=146480"},{"taxonomy":"product_tag","embeddable":true,"href":"https:\/\/pizbube.ch\/en\/wp-json\/wp\/v2\/product_tag?post=146480"}],"curies":[{"name":"wp","href":"https:\/\/api.w.org\/{rel}","templated":true}]}}