{"id":146481,"date":"2021-01-15T10:53:46","date_gmt":"2021-01-15T10:53:46","guid":{"rendered":"https:\/\/codengine3.ch\/?product=import-placeholder-for-207983"},"modified":"2021-01-15T17:48:53","modified_gmt":"2021-01-15T17:48:53","slug":"gredos-350-escaladas-en-el-macizo-central","status":"publish","type":"product","link":"https:\/\/pizbube.ch\/en\/shop\/gredos-350-escaladas-en-el-macizo-central\/","title":{"rendered":"Gredos &#8211; 350 escaladas en el macizo central"},"content":{"rendered":"<p>La gu\u00eda Gredos, 350 escaladas en el Macizo Central, escrita por David de<br \/>\nEsteban Resino y editada por la RSEA Pe\u00f1alara supone una nueva, m\u00e1s amplia y<br \/>\nm\u00e1s completa visi\u00f3n de Gredos, presentando muchas y excelentes v\u00edas de<br \/>\nescalada en lugares ins\u00f3litos, enclaves de gran inter\u00e9s incluso al margen de<br \/>\nlas escaladas.<\/p>\n<p>El libro cuenta con numerosas fotograf\u00edas de gran calidad; la informaci\u00f3n<br \/>\nt\u00e9cnica est\u00e1 muy cuidada y contrastada y las referencias a la historia<br \/>\nmonta\u00f1era de Gredos est\u00e1 muy presente, constituyendo otra gran aportaci\u00f3n de<br \/>\nla gu\u00eda.<\/p>","protected":false},"excerpt":{"rendered":"<p>La gu\u00eda Gredos, 350 escaladas en el Macizo Central, escrita por David de Esteban Resino y editada por la RSEA Pe\u00f1alara supone una nueva, m\u00e1s amplia y m\u00e1s completa visi\u00f3n de Gredos, presentando muchas y excelentes v\u00edas de escalada en lugares ins\u00f3litos, enclaves de gran inter\u00e9s incluso al margen de las escaladas. El libro cuenta [&#8230;]\n","protected":false},"featured_media":39013,"template":"","meta":[],"product_brand":[],"product_cat":[21539],"product_tag":[],"class_list":{"0":"post-146481","1":"product","2":"type-product","3":"status-publish","4":"has-post-thumbnail","6":"product_cat-fuehrerliteratur-sportklettern-bouldern","7":"pa_autor-de-esteban-resino","8":"pa_erscheinungsjahr-21574","9":"pa_region-spanien","10":"pa_sprache-es","12":"first","13":"instock","14":"taxable","15":"shipping-taxable","16":"purchasable","17":"product-type-simple"},"_links":{"self":[{"href":"https:\/\/pizbube.ch\/en\/wp-json\/wp\/v2\/product\/146481","targetHints":{"allow":["GET"]}}],"collection":[{"href":"https:\/\/pizbube.ch\/en\/wp-json\/wp\/v2\/product"}],"about":[{"href":"https:\/\/pizbube.ch\/en\/wp-json\/wp\/v2\/types\/product"}],"wp:featuredmedia":[{"embeddable":true,"href":"https:\/\/pizbube.ch\/en\/wp-json\/wp\/v2\/media\/39013"}],"wp:attachment":[{"href":"https:\/\/pizbube.ch\/en\/wp-json\/wp\/v2\/media?parent=146481"}],"wp:term":[{"taxonomy":"product_brand","embeddable":true,"href":"https:\/\/pizbube.ch\/en\/wp-json\/wp\/v2\/product_brand?post=146481"},{"taxonomy":"product_cat","embeddable":true,"href":"https:\/\/pizbube.ch\/en\/wp-json\/wp\/v2\/product_cat?post=146481"},{"taxonomy":"product_tag","embeddable":true,"href":"https:\/\/pizbube.ch\/en\/wp-json\/wp\/v2\/product_tag?post=146481"}],"curies":[{"name":"wp","href":"https:\/\/api.w.org\/{rel}","templated":true}]}}