{"id":146482,"date":"2021-01-15T10:53:46","date_gmt":"2021-01-15T10:53:46","guid":{"rendered":"https:\/\/codengine3.ch\/?product=import-placeholder-for-208067"},"modified":"2021-01-15T17:49:51","modified_gmt":"2021-01-15T17:49:51","slug":"burguillo-boulder-guide","status":"publish","type":"product","link":"https:\/\/pizbube.ch\/en\/shop\/burguillo-boulder-guide\/","title":{"rendered":"Burguillo boulder guide"},"content":{"rendered":"<p>1001 bloques en Burguillo y El Tiemblo,<\/p>\n<p>Nueva gu\u00eda de bloque del Burguillo y El Tiemblo, m\u00e1s de 1000 bloques con fotos<br \/>\na todo color, graduaci\u00f3n, orientaci\u00f3n, as\u00ed como movimientos clave y croquis de<br \/>\nacceso a los sectores.<\/p>","protected":false},"excerpt":{"rendered":"<p>1001 bloques en Burguillo y El Tiemblo, Nueva gu\u00eda de bloque del Burguillo y El Tiemblo, m\u00e1s de 1000 bloques con fotos a todo color, graduaci\u00f3n, orientaci\u00f3n, as\u00ed como movimientos clave y croquis de acceso a los sectores.<\/p>","protected":false},"featured_media":39249,"template":"","meta":[],"product_brand":[],"product_cat":[21539],"product_tag":[],"class_list":{"0":"post-146482","1":"product","2":"type-product","3":"status-publish","4":"has-post-thumbnail","6":"product_cat-fuehrerliteratur-sportklettern-bouldern","7":"pa_autor-alonso","8":"pa_erscheinungsjahr-21574","9":"pa_region-spanien","10":"pa_sprache-es-en","12":"first","13":"instock","14":"taxable","15":"shipping-taxable","16":"purchasable","17":"product-type-simple"},"_links":{"self":[{"href":"https:\/\/pizbube.ch\/en\/wp-json\/wp\/v2\/product\/146482","targetHints":{"allow":["GET"]}}],"collection":[{"href":"https:\/\/pizbube.ch\/en\/wp-json\/wp\/v2\/product"}],"about":[{"href":"https:\/\/pizbube.ch\/en\/wp-json\/wp\/v2\/types\/product"}],"wp:featuredmedia":[{"embeddable":true,"href":"https:\/\/pizbube.ch\/en\/wp-json\/wp\/v2\/media\/39249"}],"wp:attachment":[{"href":"https:\/\/pizbube.ch\/en\/wp-json\/wp\/v2\/media?parent=146482"}],"wp:term":[{"taxonomy":"product_brand","embeddable":true,"href":"https:\/\/pizbube.ch\/en\/wp-json\/wp\/v2\/product_brand?post=146482"},{"taxonomy":"product_cat","embeddable":true,"href":"https:\/\/pizbube.ch\/en\/wp-json\/wp\/v2\/product_cat?post=146482"},{"taxonomy":"product_tag","embeddable":true,"href":"https:\/\/pizbube.ch\/en\/wp-json\/wp\/v2\/product_tag?post=146482"}],"curies":[{"name":"wp","href":"https:\/\/api.w.org\/{rel}","templated":true}]}}