{"id":146483,"date":"2021-01-15T10:53:46","date_gmt":"2021-01-15T10:53:46","guid":{"rendered":"https:\/\/codengine3.ch\/?product=import-placeholder-for-208493"},"modified":"2025-10-09T10:39:34","modified_gmt":"2025-10-09T08:39:34","slug":"boulder-en-espana","status":"publish","type":"product","link":"https:\/\/pizbube.ch\/en\/shop\/boulder-en-espana\/","title":{"rendered":"Boulder en Espana &#8211; Bouldering in Spain"},"content":{"rendered":"<p>355 zonas de bloque y psicobloc<br \/>\nPor primera vez reunidas en un libro, las numerosas zonas que ofrece nuestra<br \/>\ngeograf\u00eda para la pr\u00e1ctica del boulder, una disciplina de la escalada que no<br \/>\ndeja de crecer. Desde bloques de arenisca rojiza o gris, bolos de abrasivo<br \/>\ngranito, formas calc\u00e1reas con agujeros y romos, la geom\u00e9trica roca volc\u00e1nica,<br \/>\nel exigente conglomerado&#8230; en zonas tan conocidas como Albarrac\u00edn, El<br \/>\nEscorial, El Cogul, Pena Corneira, Valcorchero, Jaizkibel, Mog\u00e1n, Santa Gadea,<br \/>\nTeverga, pero tambi\u00e9n en peque\u00f1os rincones en los que disfrutar de la<br \/>\ntranquilidad y la esencia del movimiento.<\/p>\n<p>Cada una de las zonas se presenta con una ficha que incluye todos los datos<br \/>\npr\u00e1cticos necesarios: el acceso, el n\u00famero, altura y grado medio de los<br \/>\nbloques, mejor \u00e9poca para escalar, posibles restricciones, si es o no apto<br \/>\npara ir con ni\u00f1os, c\u00f3mo es el entorno, d\u00f3nde ampliar la informaci\u00f3n,<br \/>\nalojamientos y otros puntos de inter\u00e9s cercanos&#8230; Adem\u00e1s, 26 zonas<br \/>\nprincipales se muestran ampliadas con croquis de los bloques m\u00e1s<br \/>\nrepresentativos. Ha sido elaborada con la colaboraci\u00f3n de m\u00e1s de 50<br \/>\nescaladores en activo.<\/p>\n<p>Contiene:<\/p>\n<p>\u2022 Fichas de 355 zonas de boulder.<br \/>\n\u2022 26 sectores desarrollados con croquis.<br \/>\n\u2022 140 motivantes fotos a todo color.<br \/>\n\u2022 Geolocalizaci\u00f3n GPS.<br \/>\n\u2022 Iconos de f\u00e1cil comprensi\u00f3n, con leyenda en castellano y en ingl\u00e9s.<\/p>\n<p>&nbsp;<\/p>\n<p><strong>Bouldering in Spain:<\/strong><br \/>\nA new Spanish guidebook giving an overview of the main bouldering venues in<br \/>\nthe country.<\/p>\n<p>The guidebook gives details of 355 bouldering venues including directions on<br \/>\ngetting there and information on the style of bouldering to be found there &#8211;<br \/>\nthe guidebook also contains a comprehensive set of photo-topos plus a good<br \/>\nselection of action shots.<\/p>\n<p>140 pages<\/p>","protected":false},"excerpt":{"rendered":"<p>355 zonas de bloque y psicobloc Por primera vez reunidas en un libro, las numerosas zonas que ofrece nuestra geograf\u00eda para la pr\u00e1ctica del boulder, una disciplina de la escalada que no deja de crecer. Desde bloques de arenisca rojiza o gris, bolos de abrasivo granito, formas calc\u00e1reas con agujeros y romos, la geom\u00e9trica roca [&#8230;]\n","protected":false},"featured_media":175021,"template":"","meta":[],"product_brand":[],"product_cat":[21539],"product_tag":[],"class_list":{"0":"post-146483","1":"product","2":"type-product","3":"status-publish","4":"has-post-thumbnail","6":"product_cat-fuehrerliteratur-sportklettern-bouldern","7":"pa_autor-desnivel","8":"pa_erscheinungsjahr-21586","9":"pa_region-spanien","10":"pa_sprache-es","12":"first","13":"instock","14":"taxable","15":"shipping-taxable","16":"purchasable","17":"product-type-simple"},"_links":{"self":[{"href":"https:\/\/pizbube.ch\/en\/wp-json\/wp\/v2\/product\/146483","targetHints":{"allow":["GET"]}}],"collection":[{"href":"https:\/\/pizbube.ch\/en\/wp-json\/wp\/v2\/product"}],"about":[{"href":"https:\/\/pizbube.ch\/en\/wp-json\/wp\/v2\/types\/product"}],"wp:featuredmedia":[{"embeddable":true,"href":"https:\/\/pizbube.ch\/en\/wp-json\/wp\/v2\/media\/175021"}],"wp:attachment":[{"href":"https:\/\/pizbube.ch\/en\/wp-json\/wp\/v2\/media?parent=146483"}],"wp:term":[{"taxonomy":"product_brand","embeddable":true,"href":"https:\/\/pizbube.ch\/en\/wp-json\/wp\/v2\/product_brand?post=146483"},{"taxonomy":"product_cat","embeddable":true,"href":"https:\/\/pizbube.ch\/en\/wp-json\/wp\/v2\/product_cat?post=146483"},{"taxonomy":"product_tag","embeddable":true,"href":"https:\/\/pizbube.ch\/en\/wp-json\/wp\/v2\/product_tag?post=146483"}],"curies":[{"name":"wp","href":"https:\/\/api.w.org\/{rel}","templated":true}]}}