{"id":146488,"date":"2021-01-15T10:53:46","date_gmt":"2021-01-15T10:53:46","guid":{"rendered":"https:\/\/codengine3.ch\/?product=import-placeholder-for-200058"},"modified":"2025-02-06T11:22:49","modified_gmt":"2025-02-06T10:22:49","slug":"die-alpen-ein-manifest-fuer-qualitaet-handwerkskunst-und-leidenschaft","status":"publish","type":"product","link":"https:\/\/pizbube.ch\/en\/shop\/die-alpen-ein-manifest-fuer-qualitaet-handwerkskunst-und-leidenschaft\/","title":{"rendered":"Die Alpen &#8211; Ein Manifest f\u00fcr Qualit\u00e4t, Handwerkskunst und Leidenschaft"},"content":{"rendered":"<p>Die Alpen haben eine ganz eigene Atmosph\u00e4re &#8211; urspr\u00fcnglich, rein, gewaltig.<br \/>\nSchneebedeckte Gipfel und kristallklare Seen, weite Nadelw\u00e4lder und geborgene<br \/>\nMountain Retreats. Dieser legend\u00e4re Gebirgszug, der sich \u00fcber gro\u00dfe Teile<br \/>\nZentraleuropas erstreckt, hat immer schon Abenteurer und Pioniere aller<br \/>\nCouleur angezogen.<\/p>\n<p>Die Makers Bible: Die Alpen portr\u00e4tiert die Macher und Marken, die ihre<br \/>\nInspiration aus der kostbaren alpinen Luft ziehen um Dinge zu erschaffen, die<br \/>\ndas Beste der reichen Ressourcen dieser Region zelebrieren und jene Menschen,<br \/>\ndie Geborgenheit und echte Gastlichkeit bieten in einer Landschaft, die so<br \/>\nherausfordernd wie belohnend ist.<\/p>\n<p>Mit der Makers Bible: Die Alpen als Handbuch erreichen Sie auf Ihrer Reise<br \/>\ndurch die Alpen die h\u00f6chsten Ziele.<\/p>","protected":false},"excerpt":{"rendered":"<p>Die Alpen haben eine ganz eigene Atmosph\u00e4re &#8211; urspr\u00fcnglich, rein, gewaltig. Schneebedeckte Gipfel und kristallklare Seen, weite Nadelw\u00e4lder und geborgene Mountain Retreats. Dieser legend\u00e4re Gebirgszug, der sich \u00fcber gro\u00dfe Teile Zentraleuropas erstreckt, hat immer schon Abenteurer und Pioniere aller Couleur angezogen. Die Makers Bible: Die Alpen portr\u00e4tiert die Macher und Marken, die ihre Inspiration aus [&#8230;]\n","protected":false},"featured_media":25812,"template":"","meta":[],"product_brand":[],"product_cat":[21542],"product_tag":[],"class_list":{"0":"post-146488","1":"product","2":"type-product","3":"status-publish","4":"has-post-thumbnail","6":"product_cat-sachbuecher-dokumentationen","7":"pa_autor-makers-bible-hrsg","8":"pa_erscheinungsjahr-21586","9":"pa_region-schweiz","10":"pa_sprache-de","12":"first","13":"outofstock","14":"taxable","15":"shipping-taxable","16":"purchasable","17":"product-type-simple"},"_links":{"self":[{"href":"https:\/\/pizbube.ch\/en\/wp-json\/wp\/v2\/product\/146488","targetHints":{"allow":["GET"]}}],"collection":[{"href":"https:\/\/pizbube.ch\/en\/wp-json\/wp\/v2\/product"}],"about":[{"href":"https:\/\/pizbube.ch\/en\/wp-json\/wp\/v2\/types\/product"}],"wp:featuredmedia":[{"embeddable":true,"href":"https:\/\/pizbube.ch\/en\/wp-json\/wp\/v2\/media\/25812"}],"wp:attachment":[{"href":"https:\/\/pizbube.ch\/en\/wp-json\/wp\/v2\/media?parent=146488"}],"wp:term":[{"taxonomy":"product_brand","embeddable":true,"href":"https:\/\/pizbube.ch\/en\/wp-json\/wp\/v2\/product_brand?post=146488"},{"taxonomy":"product_cat","embeddable":true,"href":"https:\/\/pizbube.ch\/en\/wp-json\/wp\/v2\/product_cat?post=146488"},{"taxonomy":"product_tag","embeddable":true,"href":"https:\/\/pizbube.ch\/en\/wp-json\/wp\/v2\/product_tag?post=146488"}],"curies":[{"name":"wp","href":"https:\/\/api.w.org\/{rel}","templated":true}]}}