{"id":146489,"date":"2021-01-15T10:53:46","date_gmt":"2021-01-15T10:53:46","guid":{"rendered":"https:\/\/codengine3.ch\/?product=import-placeholder-for-206765"},"modified":"2024-08-16T16:02:10","modified_gmt":"2024-08-16T14:02:10","slug":"enzyklopaedie-der-alpinen-delikatessen","status":"publish","type":"product","link":"https:\/\/pizbube.ch\/en\/shop\/enzyklopaedie-der-alpinen-delikatessen\/","title":{"rendered":"Enzyklop\u00e4die der alpinen Delikatessen"},"content":{"rendered":"<p>Das kulinarische Erbe der Alpen &#8211; Enzyklop\u00e4die der alpinen Delikatessen<\/p>\n<p>Wo findet man rotfleischige Waln\u00fcsse und wo Metzger, die wissen, wie man eine<br \/>\n\u00bbFr\u00e2che\u00ab mit Leber und mit Kohlr\u00fcben herstellt? Was sind Platterbsen, was ist<br \/>\neine Andutgel und was ein Saras del fen? Und wo gibt es noch Saub\u00fcrzel oder<br \/>\nHunds\u00e4rsche? Die Enzyklop\u00e4die der alpinen Delikatessen beschreibt mehr als 500<br \/>\nkulinarische Rarit\u00e4ten, die erst in den vergangenen Jahren wiederentdeckt<br \/>\nwurden: alte Obstsorten, vergessene Gem\u00fcse, Wildpflanzen und aussergew\u00f6hnliche<br \/>\nW\u00fcrste, einzigartige Alpk\u00e4se und traditionelle Schn\u00e4pse.<\/p>\n<p>Aber auch Geb\u00e4cke aus alten Getreidesorten und Feiertagsbrote mit Safran oder<br \/>\nAnis. Der handliche Band erg\u00e4nzt die beiden preisgekr\u00f6nten Standardwerke \u00fcber<br \/>\n\u00bbDas kulinarische Erbe der Alpen\u00ab mit einem Verzeichnis aller Bezugsadressen<br \/>\nzu den beschriebenen Delikatessrarit\u00e4ten. Ein umfassendes Nachschlagewerk f\u00fcr<br \/>\nProfik\u00f6che und kochbegeisterte Laien.<\/p>\n<p>Autor Dominik Flammer und Fotograf Sylvan M\u00fcller sind f\u00fcnf Jahre lang durch<br \/>\nden Alpenraum gereist und haben all jene handwerklichen Produzenten,<br \/>\nLandwirte, Gem\u00fcseg\u00e4rtner, Obstbauern, Brenner, B\u00e4cker, Metzger und Konditoren<br \/>\nbesucht, die das grosse kulinarische Erbe des Alpenraums pflegen und erhalten.<br \/>\nEntstanden in Partnerschaft mit Slow Food, Bio Suisse, ProSpecieRara, Fructus,<br \/>\nArche Noah, Genussland \u00d6sterreich und S\u00fcditirol Marketing.<\/p>","protected":false},"excerpt":{"rendered":"<p>Das kulinarische Erbe der Alpen &#8211; Enzyklop\u00e4die der alpinen Delikatessen Wo findet man rotfleischige Waln\u00fcsse und wo Metzger, die wissen, wie man eine \u00bbFr\u00e2che\u00ab mit Leber und mit Kohlr\u00fcben herstellt? Was sind Platterbsen, was ist eine Andutgel und was ein Saras del fen? Und wo gibt es noch Saub\u00fcrzel oder Hunds\u00e4rsche? Die Enzyklop\u00e4die der alpinen [&#8230;]\n","protected":false},"featured_media":165490,"template":"","meta":[],"product_brand":[],"product_cat":[21542],"product_tag":[],"class_list":{"0":"post-146489","1":"product","2":"type-product","3":"status-publish","4":"has-post-thumbnail","6":"product_cat-sachbuecher-dokumentationen","7":"pa_autor-flammer-mueller","8":"pa_erscheinungsjahr-21550","9":"pa_region-schweiz","10":"pa_sprache-de","12":"first","13":"outofstock","14":"taxable","15":"shipping-taxable","16":"purchasable","17":"product-type-simple"},"_links":{"self":[{"href":"https:\/\/pizbube.ch\/en\/wp-json\/wp\/v2\/product\/146489","targetHints":{"allow":["GET"]}}],"collection":[{"href":"https:\/\/pizbube.ch\/en\/wp-json\/wp\/v2\/product"}],"about":[{"href":"https:\/\/pizbube.ch\/en\/wp-json\/wp\/v2\/types\/product"}],"wp:featuredmedia":[{"embeddable":true,"href":"https:\/\/pizbube.ch\/en\/wp-json\/wp\/v2\/media\/165490"}],"wp:attachment":[{"href":"https:\/\/pizbube.ch\/en\/wp-json\/wp\/v2\/media?parent=146489"}],"wp:term":[{"taxonomy":"product_brand","embeddable":true,"href":"https:\/\/pizbube.ch\/en\/wp-json\/wp\/v2\/product_brand?post=146489"},{"taxonomy":"product_cat","embeddable":true,"href":"https:\/\/pizbube.ch\/en\/wp-json\/wp\/v2\/product_cat?post=146489"},{"taxonomy":"product_tag","embeddable":true,"href":"https:\/\/pizbube.ch\/en\/wp-json\/wp\/v2\/product_tag?post=146489"}],"curies":[{"name":"wp","href":"https:\/\/api.w.org\/{rel}","templated":true}]}}