{"id":146492,"date":"2021-01-15T10:53:46","date_gmt":"2021-01-15T10:53:46","guid":{"rendered":"https:\/\/codengine3.ch\/?product=import-placeholder-for-208740"},"modified":"2021-01-15T17:57:20","modified_gmt":"2021-01-15T17:57:20","slug":"alpengold-kartoffel-und-kaese-aus-den-bergen","status":"publish","type":"product","link":"https:\/\/pizbube.ch\/en\/shop\/alpengold-kartoffel-und-kaese-aus-den-bergen\/","title":{"rendered":"Alpengold &#8211; Kartoffel und K\u00e4se aus den Bergen"},"content":{"rendered":"<p>Bergkartoffel und Bergk\u00e4se: eine Liebesgeschichte  <\/p>\n<p>\u00b7 Authentische Reportagen aus dem B\u00fcndnerland<br \/>\n\u00b7 12 Portr\u00e4ts von preisgekr\u00f6nten Bergk\u00e4sen aus Andeer<br \/>\n\u00b7 12 Portr\u00e4ts von Pro-Specie-Rara-Kartoffelsorten  <\/p>\n<p>Die beiden Autoren sind sich vor ein paar Jahren an einer Slowfood-Messe<br \/>\nbegegnet. Martin Bienerth war mit seinem Bergk\u00e4se in Z\u00fcrich, Marcel Heinrich<br \/>\nmit seinen seltenen Bergkartoffelsorten. Wie es der Zufall so wollte, liegen<br \/>\nihre Domizile in Graub\u00fcnden, getrennt nur durch ein paar T\u00e4ler und einige<br \/>\nBerge. Martin Bienerth war von den verr\u00fcckten Knollen total begeistert und<br \/>\nwollte mehr dar\u00fcber erfahren. Vor zwei Jahren begab er sich dann auf<br \/>\nEntdeckungsreise ins Kartoffelland im Albulatal. Nebst Fotoapparat, Stift und<br \/>\nPapier reiste eine grosse Portion Neugierde mit.<\/p>\n<p>In den verflossenen Monaten hat er die Pro-Specie-Rara-Kartoffeln vom<br \/>\nKeimkeller \u00fcber den Anbau bis zur Ernte und in den Kochtopf begleitet und die<br \/>\nErlebnisse in Bild und Text festgehalten. Auf 1000 m H\u00f6he Bio-Bergkartoffeln<br \/>\nanzubauen, ist eine echte Herausforderung. Mut, Einsatz und Durchhaltewille<br \/>\nhaben sich gelohnt. Die Bergkartoffeln stossen in der ganzen Schweiz auf<br \/>\nBegeisterung.<\/p>","protected":false},"excerpt":{"rendered":"<p>Bergkartoffel und Bergk\u00e4se: eine Liebesgeschichte \u00b7 Authentische Reportagen aus dem B\u00fcndnerland \u00b7 12 Portr\u00e4ts von preisgekr\u00f6nten Bergk\u00e4sen aus Andeer \u00b7 12 Portr\u00e4ts von Pro-Specie-Rara-Kartoffelsorten Die beiden Autoren sind sich vor ein paar Jahren an einer Slowfood-Messe begegnet. Martin Bienerth war mit seinem Bergk\u00e4se in Z\u00fcrich, Marcel Heinrich mit seinen seltenen Bergkartoffelsorten. Wie es der Zufall [&#8230;]\n","protected":false},"featured_media":41240,"template":"","meta":[],"product_brand":[],"product_cat":[21542],"product_tag":[],"class_list":{"0":"post-146492","1":"product","2":"type-product","3":"status-publish","4":"has-post-thumbnail","6":"product_cat-sachbuecher-dokumentationen","7":"pa_autor-bienert-heinrich","8":"pa_erscheinungsjahr-21571","9":"pa_region-schweiz","10":"pa_sprache-de","12":"first","13":"instock","14":"taxable","15":"shipping-taxable","16":"purchasable","17":"product-type-simple"},"_links":{"self":[{"href":"https:\/\/pizbube.ch\/en\/wp-json\/wp\/v2\/product\/146492","targetHints":{"allow":["GET"]}}],"collection":[{"href":"https:\/\/pizbube.ch\/en\/wp-json\/wp\/v2\/product"}],"about":[{"href":"https:\/\/pizbube.ch\/en\/wp-json\/wp\/v2\/types\/product"}],"wp:featuredmedia":[{"embeddable":true,"href":"https:\/\/pizbube.ch\/en\/wp-json\/wp\/v2\/media\/41240"}],"wp:attachment":[{"href":"https:\/\/pizbube.ch\/en\/wp-json\/wp\/v2\/media?parent=146492"}],"wp:term":[{"taxonomy":"product_brand","embeddable":true,"href":"https:\/\/pizbube.ch\/en\/wp-json\/wp\/v2\/product_brand?post=146492"},{"taxonomy":"product_cat","embeddable":true,"href":"https:\/\/pizbube.ch\/en\/wp-json\/wp\/v2\/product_cat?post=146492"},{"taxonomy":"product_tag","embeddable":true,"href":"https:\/\/pizbube.ch\/en\/wp-json\/wp\/v2\/product_tag?post=146492"}],"curies":[{"name":"wp","href":"https:\/\/api.w.org\/{rel}","templated":true}]}}