{"id":146493,"date":"2021-01-15T10:53:46","date_gmt":"2021-01-15T10:53:46","guid":{"rendered":"https:\/\/codengine3.ch\/?product=import-placeholder-for-204784"},"modified":"2021-01-15T14:36:14","modified_gmt":"2021-01-15T14:36:14","slug":"design-from-the-alps-1920-2020","status":"publish","type":"product","link":"https:\/\/pizbube.ch\/en\/shop\/design-from-the-alps-1920-2020\/","title":{"rendered":"Design from the Alps 1920\u20132020"},"content":{"rendered":"<p>\nDesign from the Alps 1920\u20132020<br \/>\nTirol S\u00fcdtirol Trentino  <\/p>\n<p>Die erste umfassende Darstellung von Produktion und Kultur modernen Designs in<br \/>\neiner grenz\u00fcbergreifenden dynamischen Region des Alpenraums<br \/>\nDie Alpenregion als kreativer Schmelztiegel f\u00fcr innovatives Design: Dieses<br \/>\nreich illustrierte Buch pr\u00e4sentiert einen \u00fcberraschenden Einblick in das<br \/>\nvielf\u00e4ltige Schaffen der Bergregionen in den letzten hundert Jahren.<\/p>\n<p>Von den Holzfiguren des Futuristen Fortunato Depero \u00fcber M\u00f6bel von Lois<br \/>\nWelzenbacher zu modernen Lampen von Ettore Sottsass jr, von \u00abFirngleitern\u00bb zu<br \/>\nSarner-Skiern, von Kinderspielzeug \u00fcber Fototechnik bis zu Fahrr\u00e4dern \u2013 eine<br \/>\nfaszinierende Bandbreite an innovativem Produktdesign!<\/p>\n<p>Die Alpenregion Tirol \u2013 S\u00fcdtirol \u2013 Trentino hat sich \u00fcber die Jahrhunderte als<br \/>\nKulturraum am Kreuzungspunkt zwischen M\u00fcnchen und Venedig einerseits und Wien<br \/>\nund Mailand andererseits entwickelt. Design from the Alps erscheint anl\u00e4sslich<br \/>\neiner Ausstellung im Museum Kunst Meran im Herbst 2019 und erz\u00e4hlt das<br \/>\nfaszinierende Abenteuer der Produktgestaltung in dieser Region, die sich<br \/>\nerstaunlich offen und aufnahmef\u00e4hig f\u00fcr die fortschrittlichsten Str\u00f6mungen der<br \/>\nModerne zeigte. Sie wurde dadurch zu einem unerwarteten Labor f\u00fcr technisch-<br \/>\nformale Erkundungen im Herzen Europas.  <\/p>\n<p>Das weite Spektrum an Entdeckungen und Innovationen bildet sich im Buch ab. Es<br \/>\nreicht von den Experimenten eines Fortunato Depero im Secondo Futurismo \u00fcber<br \/>\nPioniere wie Gino Pollini in der Zwischenkriegszeit und ber\u00fchmte Designer wie<br \/>\nLois Welzenbacher, Clemens Holzmeister und Ettore Sottsass bis in die<br \/>\nunmittelbare Gegenwart. Das reich illustrierte Buch sp\u00fcrt den zahlreichen<br \/>\nAkteuren dieser heterogenen und doch kollektiv starken Szene nach und l\u00e4sst<br \/>\neinen eintauchen in die vielf\u00e4ltige Welt des norditalienischen Designs.  <\/p>\n<p>Mit Beitr\u00e4gen von Claudio Larcher, Massimo Martignoni, Antonino Benincasa,<br \/>\nNicoletta Boschiero, Hans Heiss, Hans Leo H\u00f6ger, Christoph H\u00f6lz, Gabriella<br \/>\nParisi, Gianni Pettena, Kuno Prey, Siegfried de Rachewiltz, Ettore Sottsass,<br \/>\nMatteo Thun und Marco Zanini. Vorworte von Georg Klotzner, Stephan Schmidt-<br \/>\nWulffen und Guido Tattoni.  <\/p>\n<p>Fester Einband, 460 Seiten  <\/p>","protected":false},"excerpt":{"rendered":"<p>Design from the Alps 1920\u20132020 Tirol S\u00fcdtirol Trentino Die erste umfassende Darstellung von Produktion und Kultur modernen Designs in einer grenz\u00fcbergreifenden dynamischen Region des Alpenraums Die Alpenregion als kreativer Schmelztiegel f\u00fcr innovatives Design: Dieses reich illustrierte Buch pr\u00e4sentiert einen \u00fcberraschenden Einblick in das vielf\u00e4ltige Schaffen der Bergregionen in den letzten hundert Jahren. Von den Holzfiguren [&#8230;]\n","protected":false},"featured_media":33280,"template":"","meta":[],"product_brand":[],"product_cat":[21580],"product_tag":[],"class_list":{"0":"post-146493","1":"product","2":"type-product","3":"status-publish","4":"has-post-thumbnail","6":"product_cat-kunst-kultur","7":"pa_autor-larcher-martignoni-schnitzer","8":"pa_erscheinungsjahr-21586","9":"pa_region-italien","10":"pa_sprache-de-it-en","12":"first","13":"instock","14":"taxable","15":"shipping-taxable","16":"purchasable","17":"product-type-simple"},"_links":{"self":[{"href":"https:\/\/pizbube.ch\/en\/wp-json\/wp\/v2\/product\/146493","targetHints":{"allow":["GET"]}}],"collection":[{"href":"https:\/\/pizbube.ch\/en\/wp-json\/wp\/v2\/product"}],"about":[{"href":"https:\/\/pizbube.ch\/en\/wp-json\/wp\/v2\/types\/product"}],"wp:featuredmedia":[{"embeddable":true,"href":"https:\/\/pizbube.ch\/en\/wp-json\/wp\/v2\/media\/33280"}],"wp:attachment":[{"href":"https:\/\/pizbube.ch\/en\/wp-json\/wp\/v2\/media?parent=146493"}],"wp:term":[{"taxonomy":"product_brand","embeddable":true,"href":"https:\/\/pizbube.ch\/en\/wp-json\/wp\/v2\/product_brand?post=146493"},{"taxonomy":"product_cat","embeddable":true,"href":"https:\/\/pizbube.ch\/en\/wp-json\/wp\/v2\/product_cat?post=146493"},{"taxonomy":"product_tag","embeddable":true,"href":"https:\/\/pizbube.ch\/en\/wp-json\/wp\/v2\/product_tag?post=146493"}],"curies":[{"name":"wp","href":"https:\/\/api.w.org\/{rel}","templated":true}]}}