{"id":146499,"date":"2021-01-15T10:53:46","date_gmt":"2021-01-15T10:53:46","guid":{"rendered":"https:\/\/codengine3.ch\/?product=import-placeholder-for-203286"},"modified":"2021-01-15T14:21:46","modified_gmt":"2021-01-15T14:21:46","slug":"kreta-westen-1-100-000","status":"publish","type":"product","link":"https:\/\/pizbube.ch\/en\/shop\/kreta-westen-1-100-000\/","title":{"rendered":"Kreta Westen 1: 100 000"},"content":{"rendered":"<p>Blatt West \/ Western Part:<br \/>\nDie zweiteiligen Kreta-Kartenreihe ist vollst\u00e4ndig aktualisiert durch<br \/>\ngr\u00fcndliche Recherchen vor Ort. Die Karten enthalten zahlreiche touristische<br \/>\nEintragungen und Wandervorschl\u00e4ge, sowie die komplette Route des Europ\u00e4ischen<br \/>\nFernwanderweges E4. Desweiteren enthalten sind Stadt- und Lagepl\u00e4ne.<br \/>\nJede Karte zeigt auf der Vorder- und R\u00fcckseite mehr als die halbe Insel.<\/p>\n<p>Kreta Touristikkarte 1:100.000 Die Karte im Ma\u00dfstab 1:100.000 bildet die<br \/>\ngesamte Insel Kreta ab, aufgeteilt in vier sich \u00fcberlappenden Ausschnitten auf<br \/>\nzwei Kartenbl\u00e4ttern. Die durch Gebirge gepr\u00e4gte kretische Landschaft wird<br \/>\ndurch H\u00f6henlinien und einem neu gerechneten farbigen Reliefbild sehr plastisch<br \/>\nwiedergegeben. Zahlreiche touristische Eintragungen und Wandervorschl\u00e4ge mit<br \/>\nkorrespondierenden Online-Beschreibungen, sowie die komplette Route des<br \/>\nEurop\u00e4ischen Fernwanderweges E4 mit seinen Varianten sind enthalten. Besonders<br \/>\nlohnende Wanderungen, ausgew\u00e4hlt vom erfahrenen Berg- und Wanderf\u00fchrer Michael<br \/>\nDirksen, der auf Kreta lebt.  <\/p>\n<p>Die Karte zeigt die westliche H\u00e4lfte der Insel bis einschlie\u00dflich Heraklion.<br \/>\nAuf Nebenkarten finden sich Stadtpl\u00e4ne von Chania, Heraklion und Rethimnon,<br \/>\nder drei gr\u00f6\u00dften St\u00e4dte Westkretas. Au\u00dferdem eine Karte der Insel Gavdos mit<br \/>\ndem Kap Tripiti, der S\u00fcdspitze Europas, sowie ein Lageplan der Anlage von<br \/>\nKnossos. Dreisprachige Legende: Deutsch, Englisch und Griechisch<br \/>\nDie Karte ist beidseitig vierfarbig bedruckt im Format 98 x 68 cm, gefaltet<br \/>\nauf 11 x 23 cm.<\/p>","protected":false},"excerpt":{"rendered":"<p>Blatt West \/ Western Part: Die zweiteiligen Kreta-Kartenreihe ist vollst\u00e4ndig aktualisiert durch gr\u00fcndliche Recherchen vor Ort. Die Karten enthalten zahlreiche touristische Eintragungen und Wandervorschl\u00e4ge, sowie die komplette Route des Europ\u00e4ischen Fernwanderweges E4. Desweiteren enthalten sind Stadt- und Lagepl\u00e4ne. Jede Karte zeigt auf der Vorder- und R\u00fcckseite mehr als die halbe Insel. Kreta Touristikkarte 1:100.000 Die [&#8230;]\n","protected":false},"featured_media":38908,"template":"","meta":[],"product_brand":[],"product_cat":[21543],"product_tag":[],"class_list":{"0":"post-146499","1":"product","2":"type-product","3":"status-publish","4":"has-post-thumbnail","6":"product_cat-landkarten","7":"pa_autor-harms","8":"pa_erscheinungsjahr-21568","9":"pa_region-griechenland","10":"pa_sprache-d-e","11":"pa_sprache-gr","13":"first","14":"instock","15":"taxable","16":"shipping-taxable","17":"purchasable","18":"product-type-simple"},"_links":{"self":[{"href":"https:\/\/pizbube.ch\/en\/wp-json\/wp\/v2\/product\/146499","targetHints":{"allow":["GET"]}}],"collection":[{"href":"https:\/\/pizbube.ch\/en\/wp-json\/wp\/v2\/product"}],"about":[{"href":"https:\/\/pizbube.ch\/en\/wp-json\/wp\/v2\/types\/product"}],"wp:featuredmedia":[{"embeddable":true,"href":"https:\/\/pizbube.ch\/en\/wp-json\/wp\/v2\/media\/38908"}],"wp:attachment":[{"href":"https:\/\/pizbube.ch\/en\/wp-json\/wp\/v2\/media?parent=146499"}],"wp:term":[{"taxonomy":"product_brand","embeddable":true,"href":"https:\/\/pizbube.ch\/en\/wp-json\/wp\/v2\/product_brand?post=146499"},{"taxonomy":"product_cat","embeddable":true,"href":"https:\/\/pizbube.ch\/en\/wp-json\/wp\/v2\/product_cat?post=146499"},{"taxonomy":"product_tag","embeddable":true,"href":"https:\/\/pizbube.ch\/en\/wp-json\/wp\/v2\/product_tag?post=146499"}],"curies":[{"name":"wp","href":"https:\/\/api.w.org\/{rel}","templated":true}]}}