{"id":146501,"date":"2021-01-15T10:53:46","date_gmt":"2021-01-15T10:53:46","guid":{"rendered":"https:\/\/codengine3.ch\/?product=import-placeholder-for-200211"},"modified":"2022-01-19T10:48:57","modified_gmt":"2022-01-19T09:48:57","slug":"kreta-die-schoensten-kuesten-und-bergwanderungen","status":"publish","type":"product","link":"https:\/\/pizbube.ch\/en\/shop\/kreta-die-schoensten-kuesten-und-bergwanderungen\/","title":{"rendered":"Kreta &#8211; Die sch\u00f6nsten K\u00fcsten- und Bergwanderungen"},"content":{"rendered":"<p>Wandern in den Bergen, Wohnen am Meer \u2013 Kreta h\u00e4lt die ideale Kombination<br \/>\nbereit. Denn was gibt es Sch\u00f6neres, als nach einer Berg- oder K\u00fcstenwanderung<br \/>\neine Runde zu schwimmen und dann den Tag in einer Fischtaverne ausklingen zu<br \/>\nlassen? Lohnende Wanderungen gibt es auf dieser facettenreichen, in weiten<br \/>\nTeilen wilden und urspr\u00fcnglichen Insel mehr als genug.<\/p>\n<p>Drei m\u00e4chtige, von tiefen Schluchten zerfurchte Gebirgsz\u00fcge pr\u00e4gen das<br \/>\nLandschaftsbild. Im H\u00fcgelland und in den T\u00e4lern machen sich Weinberge und<br \/>\nausgedehnte Olivenhaine breit und an den K\u00fcsten locken Badebuchten. Und<br \/>\n\u00fcberall warten kleine D\u00f6rfer, abgeschiedene Kl\u00f6ster und Kapellen und<br \/>\nversteckte Tropfsteinh\u00f6hlen darauf, entdeckt zu werden.<\/p>\n<p>Rolf Goetz stellt in diesem Rother Wanderf\u00fchrer 60 abwechslungsreiche Touren<br \/>\nauf Kreta vor und bietet dabei f\u00fcr jeden Geschmack etwas: aussichtsreiche<br \/>\nGipfelziele, darunter sogar einige an-spruchsvolle Zweitausender,<br \/>\nDurchquerungen imposanter Canyons, H\u00f6hlenerkundungen, K\u00fcstentrails zu stillen<br \/>\nBadebuchten sowie alte Pflasterwege zu Kl\u00f6stern und Kapellen. Und nat\u00fcrlich<br \/>\nd\u00fcrfen auch die Wanderklassiker, wie die bekannte Samaria-Schlucht und das Tal<br \/>\nder Toten mit der minoischen Palastanlage an seinem Ausgang, nicht fehlen.<\/p>\n<p>Bei jeder Wanderung sind in einer Kurzinfo alle wichtigen Angaben<br \/>\nzusammengestellt. Aussagekr\u00e4ftige H\u00f6henprofile, Wanderk\u00e4rtchen im Ma\u00dfstab<br \/>\n1:50.000 und 1:75.000, genaue Wegbeschreibungen sowie die zum Download zur<br \/>\nVerf\u00fcgung stehenden GPS-Daten erleichtern die Orientierung vor Ort. Die<br \/>\nzahlreichen ansprechenden Farbfotos machen Lust, den n\u00e4chsten Urlaub auf<br \/>\ndieser vielf\u00e4ltigen Insel zu verbringen.<\/p>\n<p>262 Seiten mit 187 Farbabbildungen<br \/>\n60 H\u00f6henprofile, 61 Wanderk\u00e4rtchen im Ma\u00dfstab 1:50.000 und 1:75.000, zwei<br \/>\n\u00dcbersichtskarten im Ma\u00dfstab 1:700.000 und eine \u00dcbersichtskarte im Ma\u00dfstab<br \/>\n1:2.000.000<br \/>\n6., \u00fcberarb. Auflg. 2022<\/p>","protected":false},"excerpt":{"rendered":"<p>Wandern in den Bergen, Wohnen am Meer \u2013 Kreta h\u00e4lt die ideale Kombination bereit. Denn was gibt es Sch\u00f6neres, als nach einer Berg- oder K\u00fcstenwanderung eine Runde zu schwimmen und dann den Tag in einer Fischtaverne ausklingen zu lassen? Lohnende Wanderungen gibt es auf dieser facettenreichen, in weiten Teilen wilden und urspr\u00fcnglichen Insel mehr als [&#8230;]\n","protected":false},"featured_media":160434,"template":"","meta":[],"product_brand":[],"product_cat":[21605],"product_tag":[],"class_list":{"0":"post-146501","1":"product","2":"type-product","3":"status-publish","4":"has-post-thumbnail","6":"product_cat-wanderfuehrer-trekking","7":"pa_autor-goetz","8":"pa_erscheinungsjahr-27013","9":"pa_region-griechenland","10":"pa_sprache-de","12":"first","13":"instock","14":"taxable","15":"shipping-taxable","16":"purchasable","17":"product-type-simple"},"_links":{"self":[{"href":"https:\/\/pizbube.ch\/en\/wp-json\/wp\/v2\/product\/146501","targetHints":{"allow":["GET"]}}],"collection":[{"href":"https:\/\/pizbube.ch\/en\/wp-json\/wp\/v2\/product"}],"about":[{"href":"https:\/\/pizbube.ch\/en\/wp-json\/wp\/v2\/types\/product"}],"wp:featuredmedia":[{"embeddable":true,"href":"https:\/\/pizbube.ch\/en\/wp-json\/wp\/v2\/media\/160434"}],"wp:attachment":[{"href":"https:\/\/pizbube.ch\/en\/wp-json\/wp\/v2\/media?parent=146501"}],"wp:term":[{"taxonomy":"product_brand","embeddable":true,"href":"https:\/\/pizbube.ch\/en\/wp-json\/wp\/v2\/product_brand?post=146501"},{"taxonomy":"product_cat","embeddable":true,"href":"https:\/\/pizbube.ch\/en\/wp-json\/wp\/v2\/product_cat?post=146501"},{"taxonomy":"product_tag","embeddable":true,"href":"https:\/\/pizbube.ch\/en\/wp-json\/wp\/v2\/product_tag?post=146501"}],"curies":[{"name":"wp","href":"https:\/\/api.w.org\/{rel}","templated":true}]}}