{"id":146505,"date":"2021-01-15T10:53:52","date_gmt":"2021-01-15T10:53:52","guid":{"rendered":"https:\/\/codengine3.ch\/?product=import-placeholder-for-205303"},"modified":"2021-01-15T14:40:14","modified_gmt":"2021-01-15T14:40:14","slug":"bruckmanns-tourenfuehrer-top-20-der-alpen","status":"publish","type":"product","link":"https:\/\/pizbube.ch\/en\/shop\/bruckmanns-tourenfuehrer-top-20-der-alpen\/","title":{"rendered":"Bruckmanns Tourenf\u00fchrer Top 20 der Alpen"},"content":{"rendered":"<p>Die wichtigsten Anstiege auf die 20 prominentesten Gipfel der Alpen in einem<br \/>\nBand  <\/p>\n<p>Welcher Gipfel darf&#8217;s denn heute sein? Allround-Bergsteiger Richard Goedeke<br \/>\npr\u00e4sentiert Ihnen in ausf\u00fchrlichen Beschreibungen die wichtigsten Anstiege auf<br \/>\ndie 20 prominentesten Gipfel der Alpen &#8211; von den Normalwegen \u00fcber die gro\u00dfen<br \/>\nklassischen Touren an Montblanc, Gro\u00dfglockner und Haute Cime bis zu selten<br \/>\nbeschriebenen Extremanstiegen. Detaillierte Karten, zus\u00e4tzliche Topos und<br \/>\nviele weitere Infos erg\u00e4nzen das umfangreiche Bildmaterial.  <\/p>","protected":false},"excerpt":{"rendered":"<p>Die wichtigsten Anstiege auf die 20 prominentesten Gipfel der Alpen in einem Band Welcher Gipfel darf&#8217;s denn heute sein? Allround-Bergsteiger Richard Goedeke pr\u00e4sentiert Ihnen in ausf\u00fchrlichen Beschreibungen die wichtigsten Anstiege auf die 20 prominentesten Gipfel der Alpen &#8211; von den Normalwegen \u00fcber die gro\u00dfen klassischen Touren an Montblanc, Gro\u00dfglockner und Haute Cime bis zu selten [&#8230;]\n","protected":false},"featured_media":33971,"template":"","meta":[],"product_brand":[],"product_cat":[21544],"product_tag":[],"class_list":{"0":"post-146505","1":"product","2":"type-product","3":"status-publish","4":"has-post-thumbnail","6":"product_cat-fuehrerliteratur-alpin-sommer","7":"pa_autor-goedeke","8":"pa_erscheinungsjahr-21591","9":"pa_region-schweiz","10":"pa_sprache-de","12":"first","13":"instock","14":"taxable","15":"shipping-taxable","16":"purchasable","17":"product-type-simple"},"_links":{"self":[{"href":"https:\/\/pizbube.ch\/en\/wp-json\/wp\/v2\/product\/146505","targetHints":{"allow":["GET"]}}],"collection":[{"href":"https:\/\/pizbube.ch\/en\/wp-json\/wp\/v2\/product"}],"about":[{"href":"https:\/\/pizbube.ch\/en\/wp-json\/wp\/v2\/types\/product"}],"wp:featuredmedia":[{"embeddable":true,"href":"https:\/\/pizbube.ch\/en\/wp-json\/wp\/v2\/media\/33971"}],"wp:attachment":[{"href":"https:\/\/pizbube.ch\/en\/wp-json\/wp\/v2\/media?parent=146505"}],"wp:term":[{"taxonomy":"product_brand","embeddable":true,"href":"https:\/\/pizbube.ch\/en\/wp-json\/wp\/v2\/product_brand?post=146505"},{"taxonomy":"product_cat","embeddable":true,"href":"https:\/\/pizbube.ch\/en\/wp-json\/wp\/v2\/product_cat?post=146505"},{"taxonomy":"product_tag","embeddable":true,"href":"https:\/\/pizbube.ch\/en\/wp-json\/wp\/v2\/product_tag?post=146505"}],"curies":[{"name":"wp","href":"https:\/\/api.w.org\/{rel}","templated":true}]}}