{"id":146506,"date":"2021-01-15T10:53:52","date_gmt":"2021-01-15T10:53:52","guid":{"rendered":"https:\/\/codengine3.ch\/?product=import-placeholder-for-200329"},"modified":"2023-08-09T15:09:05","modified_gmt":"2023-08-09T13:09:05","slug":"die-hohen-3000er-der-alpen","status":"publish","type":"product","link":"https:\/\/pizbube.ch\/en\/shop\/die-hohen-3000er-der-alpen\/","title":{"rendered":"Die hohen 3000er der Alpen"},"content":{"rendered":"<p>Die Normalwege auf alle 404 Gipfel zwischen 3500 und 4000 Metern<\/p>\n<p>\u00dcberf\u00fcllte Normalwege, Warteschlangen am Gipfel? Nicht auf dem Gro\u00dfteil dieser<br \/>\n3000er, die Alpenkenner Richard Goedeke in seinem Buch zusammengestellt hat.<br \/>\nFundiert und ausf\u00fchrlich beschreibt der Autor 98 Aufstiege in Frankreich, der<br \/>\nSchweiz, \u00d6sterreich und Italien und gibt zu weiteren 306 Gipfeln die<br \/>\nwichtigsten Infos.<\/p>\n<p>Frisch verschneit bieten diese 3000er selbst in den weithin viel besuchten<br \/>\nAlpenregionen h\u00e4ufig die Chance, sich dort oben wie der erste Mensch zu<br \/>\nf\u00fchlen! Je h\u00f6her die Berge, desto anspruchsvoller sind sie durch K\u00e4lte, Wind<br \/>\nund Eis &#8211; das gilt auch f\u00fcr jene hohen Dreitausender, die durch ihre<br \/>\nEinsamkeit oft ernsthafter sind als so mancher Viertausender.<\/p>\n<p>Alpenspezialist Richard Goedeke hat Alpengipfel mit \u00fcber 3500 Metern<br \/>\nzusammengestellt und beschreibt gewohnt fundiert insgesamt 251 Gipfeltouren.<br \/>\nMit Detailkarten und vielen n\u00fctzlichen Tipps.<\/p>","protected":false},"excerpt":{"rendered":"<p>Die Normalwege auf alle 404 Gipfel zwischen 3500 und 4000 Metern \u00dcberf\u00fcllte Normalwege, Warteschlangen am Gipfel? Nicht auf dem Gro\u00dfteil dieser 3000er, die Alpenkenner Richard Goedeke in seinem Buch zusammengestellt hat. Fundiert und ausf\u00fchrlich beschreibt der Autor 98 Aufstiege in Frankreich, der Schweiz, \u00d6sterreich und Italien und gibt zu weiteren 306 Gipfeln die wichtigsten Infos. [&#8230;]\n","protected":false},"featured_media":26562,"template":"","meta":[],"product_brand":[],"product_cat":[21544],"product_tag":[],"class_list":{"0":"post-146506","1":"product","2":"type-product","3":"status-publish","4":"has-post-thumbnail","6":"product_cat-fuehrerliteratur-alpin-sommer","7":"pa_autor-goedeke","8":"pa_erscheinungsjahr-21568","9":"pa_region-schweiz","10":"pa_sprache-de","12":"first","13":"outofstock","14":"taxable","15":"shipping-taxable","16":"purchasable","17":"product-type-simple"},"_links":{"self":[{"href":"https:\/\/pizbube.ch\/en\/wp-json\/wp\/v2\/product\/146506","targetHints":{"allow":["GET"]}}],"collection":[{"href":"https:\/\/pizbube.ch\/en\/wp-json\/wp\/v2\/product"}],"about":[{"href":"https:\/\/pizbube.ch\/en\/wp-json\/wp\/v2\/types\/product"}],"wp:featuredmedia":[{"embeddable":true,"href":"https:\/\/pizbube.ch\/en\/wp-json\/wp\/v2\/media\/26562"}],"wp:attachment":[{"href":"https:\/\/pizbube.ch\/en\/wp-json\/wp\/v2\/media?parent=146506"}],"wp:term":[{"taxonomy":"product_brand","embeddable":true,"href":"https:\/\/pizbube.ch\/en\/wp-json\/wp\/v2\/product_brand?post=146506"},{"taxonomy":"product_cat","embeddable":true,"href":"https:\/\/pizbube.ch\/en\/wp-json\/wp\/v2\/product_cat?post=146506"},{"taxonomy":"product_tag","embeddable":true,"href":"https:\/\/pizbube.ch\/en\/wp-json\/wp\/v2\/product_tag?post=146506"}],"curies":[{"name":"wp","href":"https:\/\/api.w.org\/{rel}","templated":true}]}}