{"id":146507,"date":"2021-01-15T10:53:52","date_gmt":"2021-01-15T10:53:52","guid":{"rendered":"https:\/\/codengine3.ch\/?product=import-placeholder-for-200831"},"modified":"2021-12-10T11:54:56","modified_gmt":"2021-12-10T10:54:56","slug":"winterfluchten-klettern-in-suedeuropa","status":"publish","type":"product","link":"https:\/\/pizbube.ch\/en\/shop\/winterfluchten-klettern-in-suedeuropa\/","title":{"rendered":"Winterfluchten \u2013 Klettern in S\u00fcdeuropa"},"content":{"rendered":"<p>185 Mehrseill\u00e4ngenrouten in Italien, Frankreich, Spanien, Kroatien,<br \/>\nGriechenland und in der Schweiz<\/p>\n<p>Wenn es kalt wird, zieht es die Kletterer in Richtung Sonne. Also, auf in den<br \/>\nS\u00fcden! Dieser brandaktuelle und mit zahlreichen Farbfotos ausgestattete<br \/>\nAuswahlf\u00fchrer bietet eine F\u00fclle von Anregungen im S\u00fcden Europas f\u00fcr alle, die<br \/>\nMehrseill\u00e4ngenrouten lieben, Abwechslung vom Klettergarten suchen oder auch im<br \/>\nWinter alpines Ambiente genie\u00dfen wollen. Richard Goedeke hat die Highlights<br \/>\nseiner jahrzehntelangen Kletterleidenschaft zusammengetragen und liefert mit<br \/>\n185 Routen im Schwierigkeitsgrad III bis VII \u2013 viele davon gut abgesichert \u2013<br \/>\ngenug Material f\u00fcr unz\u00e4hlige Genusskletterurlaube.<\/p>\n<p>Die ausgew\u00e4hlten Routen finden sich in Italien, Frankreich, Spanien, Kroatien,<br \/>\nGriechenland und in der Schweiz und decken ein weites Spektrum an Klettereien<br \/>\nab: lohnende Einsteigerrouten im III. und IV. Schwierigekeitsgrad, Routen im<br \/>\nKlettergartenformat wie etwa im Sektor San Paolo am Monte Colt oder in<br \/>\nOrpierre, aber auch extremere Routen wie z.B. am Monte Tignale, am Ar\u00eate de<br \/>\nCassis, an der Serra del Cavall Bernat oder an den Felsen von Meteroa. Moderne<br \/>\nTouren mit Sportklettercharakter stehen neben Klassikern an so ber\u00fchmten<br \/>\nFelsw\u00e4nden wie Cima alle Coste, Grande Candelle, Monte Gallo, Pe\u00f1\u00f3n de Ifach<br \/>\noder Anica Kuk. Der Kletterf\u00fchrer bietet f\u00fcr jeden etwas: kurze und lange<br \/>\nTouren, abgelegene und stra\u00dfennahe, mit Bohrhaken ausger\u00fcstete und weitgehend<br \/>\nselbst abzusichernde \u2013 und dar\u00fcber hinaus auch so manchen Geheimtipp des<br \/>\nAutors.<br \/>\nAlle vorgestellten Routen werden mit genauen Angaben zu Erstbegehern,<br \/>\nAusgangspunkt, Zu- und Abstieg, Schwierigkeit, L\u00e4nge der Route,<br \/>\nAbsicherungsm\u00f6glichkeiten, Ausr\u00fcstung und Begehungszeit vorgestellt. Ein<br \/>\n\u00fcbersichtliches Topo zeigt bei jeder Route den genauen Verlauf. Zus\u00e4tzlich zur<br \/>\nFreikletterbewertung nach UIAA ber\u00fccksichtigt dieser F\u00fchrer die sogenannte<br \/>\nE(rnsthaftigkeits)-Bewertung, die es dem Benutzer erm\u00f6glicht, auf den ersten<br \/>\nBlick die Ernsthaftigkeit der Route hinsichtlich der Absicherung, der<br \/>\nOrientierung oder erh\u00f6hten alpinistischen Anforderungen einzusch\u00e4tzen.<\/p>\n<p>1. Auflage 2011<br \/>\n248 Seiten mit 217 Farbabbildungen; 185 Topos, 37 Gebietskarten, zwei<br \/>\n\u00dcbersichtskarten im Ma\u00dfstab 1:6.000.000<\/p>","protected":false},"excerpt":{"rendered":"<ul>\n<li><a href=\"https:\/\/pizbube.ch\/wp-content\/uploads\/attachments\/a_004\/37F7E955A03AA6EBDE16BB6E0584BAD9.pdf\" target=\"_blank\" rel=\"noopener\">PDF: LESEPROBE WINTERFLUCHTEN<\/a><\/li>\n<\/ul>","protected":false},"featured_media":27913,"template":"","meta":[],"product_brand":[],"product_cat":[21539],"product_tag":[],"class_list":{"0":"post-146507","1":"product","2":"type-product","3":"status-publish","4":"has-post-thumbnail","6":"product_cat-fuehrerliteratur-sportklettern-bouldern","7":"pa_autor-goedeke","8":"pa_erscheinungsjahr-21610","9":"pa_region-uebrigers-europa","10":"pa_sprache-de","12":"first","13":"outofstock","14":"taxable","15":"shipping-taxable","16":"purchasable","17":"product-type-simple"},"_links":{"self":[{"href":"https:\/\/pizbube.ch\/en\/wp-json\/wp\/v2\/product\/146507","targetHints":{"allow":["GET"]}}],"collection":[{"href":"https:\/\/pizbube.ch\/en\/wp-json\/wp\/v2\/product"}],"about":[{"href":"https:\/\/pizbube.ch\/en\/wp-json\/wp\/v2\/types\/product"}],"wp:featuredmedia":[{"embeddable":true,"href":"https:\/\/pizbube.ch\/en\/wp-json\/wp\/v2\/media\/27913"}],"wp:attachment":[{"href":"https:\/\/pizbube.ch\/en\/wp-json\/wp\/v2\/media?parent=146507"}],"wp:term":[{"taxonomy":"product_brand","embeddable":true,"href":"https:\/\/pizbube.ch\/en\/wp-json\/wp\/v2\/product_brand?post=146507"},{"taxonomy":"product_cat","embeddable":true,"href":"https:\/\/pizbube.ch\/en\/wp-json\/wp\/v2\/product_cat?post=146507"},{"taxonomy":"product_tag","embeddable":true,"href":"https:\/\/pizbube.ch\/en\/wp-json\/wp\/v2\/product_tag?post=146507"}],"curies":[{"name":"wp","href":"https:\/\/api.w.org\/{rel}","templated":true}]}}