{"id":146508,"date":"2021-01-15T10:53:52","date_gmt":"2021-01-15T10:53:52","guid":{"rendered":"https:\/\/codengine3.ch\/?product=import-placeholder-for-206706"},"modified":"2021-01-15T14:51:01","modified_gmt":"2021-01-15T14:51:01","slug":"dietrich-hasse-ein-leben-im-lot","status":"publish","type":"product","link":"https:\/\/pizbube.ch\/en\/shop\/dietrich-hasse-ein-leben-im-lot\/","title":{"rendered":"Dietrich Hasse &#8211; Ein Leben im Lot"},"content":{"rendered":"<p>Als Kletterer hat Dietrich Hasse Geschichte geschrieben. Zun\u00e4chst im<br \/>\nElbsandsteingebirge, sp\u00e4ter an den gro\u00dfen W\u00e4nden der Dolomiten, darunter die<br \/>\nExtrem-Klassiker Gro\u00dfe Zinne Nordwand, \u00bbHasse\/Brandler\u00ab und die S\u00fcdwestwand<br \/>\nder Rotwand. Durch seine unerm\u00fcdliche T\u00e4tigkeit als Erschlie\u00dfer neuer<br \/>\nKletterrouten und durch zahlreiche Erstbegehungen hat er Met\u00e9ora zu einem der<br \/>\nber\u00fchmtesten Klettergebiete S\u00fcdeuropas gemacht.  <\/p>\n<p>In diesem Buch berichtet er von seinem stets bewegten Leben, auf das er heute<br \/>\nmit tiefer Zufriedenheit zur\u00fcckblickt.  <\/p>\n<p>1. Auflage 2013<br \/>\n336 Seiten, zahlreiche Farb- und S\/W-Fotos, Format 15 x 23 cm<\/p>","protected":false},"excerpt":{"rendered":"<p>Als Kletterer hat Dietrich Hasse Geschichte geschrieben. Zun\u00e4chst im Elbsandsteingebirge, sp\u00e4ter an den gro\u00dfen W\u00e4nden der Dolomiten, darunter die Extrem-Klassiker Gro\u00dfe Zinne Nordwand, \u00bbHasse\/Brandler\u00ab und die S\u00fcdwestwand der Rotwand. Durch seine unerm\u00fcdliche T\u00e4tigkeit als Erschlie\u00dfer neuer Kletterrouten und durch zahlreiche Erstbegehungen hat er Met\u00e9ora zu einem der ber\u00fchmtesten Klettergebiete S\u00fcdeuropas gemacht. In diesem Buch berichtet [&#8230;]\n","protected":false},"featured_media":35895,"template":"","meta":[],"product_brand":[],"product_cat":[21542],"product_tag":[],"class_list":{"0":"post-146508","1":"product","2":"type-product","3":"status-publish","4":"has-post-thumbnail","6":"product_cat-sachbuecher-dokumentationen","7":"pa_autor-hasse","8":"pa_erscheinungsjahr-21568","9":"pa_region-deutschland","10":"pa_sprache-de","12":"first","13":"instock","14":"taxable","15":"shipping-taxable","16":"purchasable","17":"product-type-simple"},"_links":{"self":[{"href":"https:\/\/pizbube.ch\/en\/wp-json\/wp\/v2\/product\/146508","targetHints":{"allow":["GET"]}}],"collection":[{"href":"https:\/\/pizbube.ch\/en\/wp-json\/wp\/v2\/product"}],"about":[{"href":"https:\/\/pizbube.ch\/en\/wp-json\/wp\/v2\/types\/product"}],"wp:featuredmedia":[{"embeddable":true,"href":"https:\/\/pizbube.ch\/en\/wp-json\/wp\/v2\/media\/35895"}],"wp:attachment":[{"href":"https:\/\/pizbube.ch\/en\/wp-json\/wp\/v2\/media?parent=146508"}],"wp:term":[{"taxonomy":"product_brand","embeddable":true,"href":"https:\/\/pizbube.ch\/en\/wp-json\/wp\/v2\/product_brand?post=146508"},{"taxonomy":"product_cat","embeddable":true,"href":"https:\/\/pizbube.ch\/en\/wp-json\/wp\/v2\/product_cat?post=146508"},{"taxonomy":"product_tag","embeddable":true,"href":"https:\/\/pizbube.ch\/en\/wp-json\/wp\/v2\/product_tag?post=146508"}],"curies":[{"name":"wp","href":"https:\/\/api.w.org\/{rel}","templated":true}]}}