{"id":146509,"date":"2021-01-15T10:53:52","date_gmt":"2021-01-15T10:53:52","guid":{"rendered":"https:\/\/codengine3.ch\/?product=import-placeholder-for-208068"},"modified":"2021-01-15T17:49:51","modified_gmt":"2021-01-15T17:49:51","slug":"4000er-gipfel-grate-grosse-waende","status":"publish","type":"product","link":"https:\/\/pizbube.ch\/en\/shop\/4000er-gipfel-grate-grosse-waende\/","title":{"rendered":"4000er \u2013 Gipfel, Grate, grosse W\u00e4nde"},"content":{"rendered":"<p>Die 30 sch\u00f6nsten Routen in Fels und Eis, die Sie kennen sollten  <\/p>\n<p>Unterwegs auf den h\u00f6chsten Bergen Europas, \u00fcber Grate und Gipfel, durch Fels<br \/>\nund Eis. Der Alpenspezialist und Autor Richard Goedeke stellt 30 Gipfelziele<br \/>\nvor und erz\u00e4hlt von pers\u00f6nlichen Erlebnissen am Berg, von Kultur und<br \/>\nklimatischen Ver\u00e4nderungen im Gebirge.<\/p>\n<p>Die spannenden Reportagen sind untermalt mit grandiosen Bildern und bieten die<br \/>\nwichtigsten Toureninfos. Folgen Sie dem Autor in die Welt der 4000er!  <\/p>","protected":false},"excerpt":{"rendered":"<p>Die 30 sch\u00f6nsten Routen in Fels und Eis, die Sie kennen sollten Unterwegs auf den h\u00f6chsten Bergen Europas, \u00fcber Grate und Gipfel, durch Fels und Eis. Der Alpenspezialist und Autor Richard Goedeke stellt 30 Gipfelziele vor und erz\u00e4hlt von pers\u00f6nlichen Erlebnissen am Berg, von Kultur und klimatischen Ver\u00e4nderungen im Gebirge. Die spannenden Reportagen sind untermalt [&#8230;]\n","protected":false},"featured_media":39250,"template":"","meta":[],"product_brand":[],"product_cat":[21542],"product_tag":[],"class_list":{"0":"post-146509","1":"product","2":"type-product","3":"status-publish","4":"has-post-thumbnail","6":"product_cat-sachbuecher-dokumentationen","7":"pa_autor-goedeke","8":"pa_erscheinungsjahr-21621","9":"pa_region-deutschland","10":"pa_sprache-de","12":"first","13":"instock","14":"taxable","15":"shipping-taxable","16":"purchasable","17":"product-type-simple"},"_links":{"self":[{"href":"https:\/\/pizbube.ch\/en\/wp-json\/wp\/v2\/product\/146509","targetHints":{"allow":["GET"]}}],"collection":[{"href":"https:\/\/pizbube.ch\/en\/wp-json\/wp\/v2\/product"}],"about":[{"href":"https:\/\/pizbube.ch\/en\/wp-json\/wp\/v2\/types\/product"}],"wp:featuredmedia":[{"embeddable":true,"href":"https:\/\/pizbube.ch\/en\/wp-json\/wp\/v2\/media\/39250"}],"wp:attachment":[{"href":"https:\/\/pizbube.ch\/en\/wp-json\/wp\/v2\/media?parent=146509"}],"wp:term":[{"taxonomy":"product_brand","embeddable":true,"href":"https:\/\/pizbube.ch\/en\/wp-json\/wp\/v2\/product_brand?post=146509"},{"taxonomy":"product_cat","embeddable":true,"href":"https:\/\/pizbube.ch\/en\/wp-json\/wp\/v2\/product_cat?post=146509"},{"taxonomy":"product_tag","embeddable":true,"href":"https:\/\/pizbube.ch\/en\/wp-json\/wp\/v2\/product_tag?post=146509"}],"curies":[{"name":"wp","href":"https:\/\/api.w.org\/{rel}","templated":true}]}}