{"id":146510,"date":"2021-01-15T10:53:52","date_gmt":"2021-01-15T10:53:52","guid":{"rendered":"https:\/\/codengine3.ch\/?product=import-placeholder-for-200061"},"modified":"2022-03-29T18:28:04","modified_gmt":"2022-03-29T16:28:04","slug":"acquatreck-in-sardegna","status":"publish","type":"product","link":"https:\/\/pizbube.ch\/en\/shop\/acquatreck-in-sardegna\/","title":{"rendered":"Acquatrek in Sardegna"},"content":{"rendered":"<p>Gli acquatrek, o trekking acquatici, sono una attivit\u00e0 quasi sconosciuta e<br \/>\npoco diffusa in Italia. Si tratta, come si intuisce gi\u00e0 dal nome, di una forma<br \/>\ndi escursionismo fluviale, che si pratica seguendo il greto di un torrente o<br \/>\ndi un fiume, spesso semplicemente camminando lungo l&#8217;alveo, talvolta nuotando<br \/>\nnei laghi cristallini.<\/p>\n<p>Le selvagge montagne sarde celano e proteggono numerosi corsi d&#8217;acqua, ma solo<br \/>\nalcuni hanno in s\u00e9 le caratteristiche per essere meta di un acquatrek. In<br \/>\nquesta guida ne abbiamo selezionato e descritto dieci di differenti<br \/>\ndifficolt\u00e0, dal pi\u00f9 semplice al pi\u00f9 tecnico.<\/p>\n<p>112 pagine<\/p>","protected":false},"excerpt":{"rendered":"<p>Gli acquatrek, o trekking acquatici, sono una attivit\u00e0 quasi sconosciuta e poco diffusa in Italia. Si tratta, come si intuisce gi\u00e0 dal nome, di una forma di escursionismo fluviale, che si pratica seguendo il greto di un torrente o di un fiume, spesso semplicemente camminando lungo l&#8217;alveo, talvolta nuotando nei laghi cristallini. Le selvagge montagne [&#8230;]\n","protected":false},"featured_media":25832,"template":"","meta":[],"product_brand":[],"product_cat":[21650],"product_tag":[],"class_list":{"0":"post-146510","1":"product","2":"type-product","3":"status-publish","4":"has-post-thumbnail","6":"product_cat-canyoningfuehrer","7":"pa_autor-conca","8":"pa_erscheinungsjahr-21586","9":"pa_region-italien","10":"pa_sprache-it","12":"first","13":"instock","14":"taxable","15":"shipping-taxable","16":"purchasable","17":"product-type-simple"},"_links":{"self":[{"href":"https:\/\/pizbube.ch\/en\/wp-json\/wp\/v2\/product\/146510","targetHints":{"allow":["GET"]}}],"collection":[{"href":"https:\/\/pizbube.ch\/en\/wp-json\/wp\/v2\/product"}],"about":[{"href":"https:\/\/pizbube.ch\/en\/wp-json\/wp\/v2\/types\/product"}],"wp:featuredmedia":[{"embeddable":true,"href":"https:\/\/pizbube.ch\/en\/wp-json\/wp\/v2\/media\/25832"}],"wp:attachment":[{"href":"https:\/\/pizbube.ch\/en\/wp-json\/wp\/v2\/media?parent=146510"}],"wp:term":[{"taxonomy":"product_brand","embeddable":true,"href":"https:\/\/pizbube.ch\/en\/wp-json\/wp\/v2\/product_brand?post=146510"},{"taxonomy":"product_cat","embeddable":true,"href":"https:\/\/pizbube.ch\/en\/wp-json\/wp\/v2\/product_cat?post=146510"},{"taxonomy":"product_tag","embeddable":true,"href":"https:\/\/pizbube.ch\/en\/wp-json\/wp\/v2\/product_tag?post=146510"}],"curies":[{"name":"wp","href":"https:\/\/api.w.org\/{rel}","templated":true}]}}