{"id":146513,"date":"2021-01-15T10:53:52","date_gmt":"2021-01-15T10:53:52","guid":{"rendered":"https:\/\/codengine3.ch\/?product=import-placeholder-for-205015"},"modified":"2021-01-15T14:38:03","modified_gmt":"2021-01-15T14:38:03","slug":"le-tour-de-leurope-en-canyon-t-2","status":"publish","type":"product","link":"https:\/\/pizbube.ch\/en\/shop\/le-tour-de-leurope-en-canyon-t-2\/","title":{"rendered":"Le Tour de l&#8217;Europe en Canyon &#8211; T. 2"},"content":{"rendered":"<p>Ligurie, Italie centrale et du sud, Sicilie, Sardaigne, Balkans  <\/p>\n<p>115 fiches, 50 bonus &#8218;mais encore&#8216;, 60 coupes, 75 cartes dont une carte<br \/>\ng\u00e9n\u00e9rale sur la couverture et 14 cartes r\u00e9gionales  <\/p>\n<p>En tout, ce sont 115 descentes d\u00e9crites dans les grandes et les petites<br \/>\nfiches. Sans compter les bonus avec les encarts &#8218;mais encore&#8216; o\u00f9 une 50aine de<br \/>\ndescentes vous sont encore propos\u00e9es. La maquette a \u00e9t\u00e9 encore am\u00e9lior\u00e9e pour<br \/>\nun ouvrage \u00e0 la lecture plus facile.<\/p>","protected":false},"excerpt":{"rendered":"<p>Ligurie, Italie centrale et du sud, Sicilie, Sardaigne, Balkans 115 fiches, 50 bonus &#8218;mais encore&#8216;, 60 coupes, 75 cartes dont une carte g\u00e9n\u00e9rale sur la couverture et 14 cartes r\u00e9gionales En tout, ce sont 115 descentes d\u00e9crites dans les grandes et les petites fiches. Sans compter les bonus avec les encarts &#8218;mais encore&#8216; o\u00f9 une [&#8230;]\n","protected":false},"featured_media":33591,"template":"","meta":[],"product_brand":[],"product_cat":[21650],"product_tag":[],"class_list":{"0":"post-146513","1":"product","2":"type-product","3":"status-publish","4":"has-post-thumbnail","6":"product_cat-canyoningfuehrer","7":"pa_autor-appc-caracal-et-les-sancho-panza","8":"pa_erscheinungsjahr-21693","9":"pa_region-italien","10":"pa_sprache-e","11":"pa_sprache-f","13":"first","14":"instock","15":"taxable","16":"shipping-taxable","17":"purchasable","18":"product-type-simple"},"_links":{"self":[{"href":"https:\/\/pizbube.ch\/en\/wp-json\/wp\/v2\/product\/146513","targetHints":{"allow":["GET"]}}],"collection":[{"href":"https:\/\/pizbube.ch\/en\/wp-json\/wp\/v2\/product"}],"about":[{"href":"https:\/\/pizbube.ch\/en\/wp-json\/wp\/v2\/types\/product"}],"wp:featuredmedia":[{"embeddable":true,"href":"https:\/\/pizbube.ch\/en\/wp-json\/wp\/v2\/media\/33591"}],"wp:attachment":[{"href":"https:\/\/pizbube.ch\/en\/wp-json\/wp\/v2\/media?parent=146513"}],"wp:term":[{"taxonomy":"product_brand","embeddable":true,"href":"https:\/\/pizbube.ch\/en\/wp-json\/wp\/v2\/product_brand?post=146513"},{"taxonomy":"product_cat","embeddable":true,"href":"https:\/\/pizbube.ch\/en\/wp-json\/wp\/v2\/product_cat?post=146513"},{"taxonomy":"product_tag","embeddable":true,"href":"https:\/\/pizbube.ch\/en\/wp-json\/wp\/v2\/product_tag?post=146513"}],"curies":[{"name":"wp","href":"https:\/\/api.w.org\/{rel}","templated":true}]}}