{"id":146515,"date":"2021-01-15T10:53:52","date_gmt":"2021-01-15T10:53:52","guid":{"rendered":"https:\/\/codengine3.ch\/?product=import-placeholder-for-200067"},"modified":"2023-02-14T17:11:49","modified_gmt":"2023-02-14T16:11:49","slug":"torrentismo-in-sardegna-volume-2","status":"publish","type":"product","link":"https:\/\/pizbube.ch\/en\/shop\/torrentismo-in-sardegna-volume-2\/","title":{"rendered":"Torrentismo in Sardegna &#8211; Volume 2"},"content":{"rendered":"<p>Questo secondo volume di Torrentismo in Sardegna contiene le schede descrittive di 21 forre inedite, ovvero mai pubblicate prima su guide italiane. Si tratta perlopi\u00f9 di torrenti esplorati negli ultimi dieci anni, o che in ogni casao sono venuti alla luce di recente.<\/p>\n<p>Di questi percorsi ben 16 sono acquatici (con regime idrico stagionale) e 5 sono paleo-alvei calcarei costantemente a secco.<br \/>\nQuesti 21 itinerari si uniscono ai 28 gi\u00e0 pubblicati nel primo volume del 2009, portando a 49 la dote delle forre sarde pubblicate. C&#8217;\u00e8 per\u00f2 ancora tanto da scrivere e da descrivere, e il lavoro di redazione del terzo volume \u00e8 gi\u00e0 iniziato!<\/p>\n<p>Edizione: 2019<br \/>\nFormato: cm 12,5&#215;20,0<br \/>\nPagine: 152<\/p>","protected":false},"excerpt":{"rendered":"<p>Questo secondo volume di Torrentismo in Sardegna contiene le schede descrittive di 21 forre inedite, ovvero mai pubblicate prima su guide italiane. Si tratta perlopi\u00f9 di torrenti esplorati negli ultimi dieci anni, o che in ogni casao sono venuti alla luce di recente. Di questi percorsi ben 16 sono acquatici (con regime idrico stagionale) e [&#8230;]\n","protected":false},"featured_media":166151,"template":"","meta":[],"product_brand":[],"product_cat":[21650],"product_tag":[],"class_list":{"0":"post-146515","1":"product","2":"type-product","3":"status-publish","4":"has-post-thumbnail","6":"product_cat-canyoningfuehrer","7":"pa_autor-conca","8":"pa_erscheinungsjahr-21586","9":"pa_region-italien","10":"pa_sprache-it","12":"first","13":"instock","14":"taxable","15":"shipping-taxable","16":"purchasable","17":"product-type-simple"},"_links":{"self":[{"href":"https:\/\/pizbube.ch\/en\/wp-json\/wp\/v2\/product\/146515","targetHints":{"allow":["GET"]}}],"collection":[{"href":"https:\/\/pizbube.ch\/en\/wp-json\/wp\/v2\/product"}],"about":[{"href":"https:\/\/pizbube.ch\/en\/wp-json\/wp\/v2\/types\/product"}],"wp:featuredmedia":[{"embeddable":true,"href":"https:\/\/pizbube.ch\/en\/wp-json\/wp\/v2\/media\/166151"}],"wp:attachment":[{"href":"https:\/\/pizbube.ch\/en\/wp-json\/wp\/v2\/media?parent=146515"}],"wp:term":[{"taxonomy":"product_brand","embeddable":true,"href":"https:\/\/pizbube.ch\/en\/wp-json\/wp\/v2\/product_brand?post=146515"},{"taxonomy":"product_cat","embeddable":true,"href":"https:\/\/pizbube.ch\/en\/wp-json\/wp\/v2\/product_cat?post=146515"},{"taxonomy":"product_tag","embeddable":true,"href":"https:\/\/pizbube.ch\/en\/wp-json\/wp\/v2\/product_tag?post=146515"}],"curies":[{"name":"wp","href":"https:\/\/api.w.org\/{rel}","templated":true}]}}