{"id":146519,"date":"2021-01-15T10:53:52","date_gmt":"2021-01-15T10:53:52","guid":{"rendered":"https:\/\/codengine3.ch\/?product=import-placeholder-for-204633"},"modified":"2021-01-15T14:35:02","modified_gmt":"2021-01-15T14:35:02","slug":"up-2013","status":"publish","type":"product","link":"https:\/\/pizbube.ch\/en\/shop\/up-2013\/","title":{"rendered":"UP 2013"},"content":{"rendered":"<p>Tutto il meglio dell\u2019alpinismo 2013<\/p>\n<p>In questo numero:<\/p>\n<p>Copertina: Mina Leslie-Wujastyk fotografata da David Mason<br \/>\nBarbara Zangerl<\/p>\n<p>Intervista di Stefano Michelin.<br \/>\nLa prima donna ad aver salito un blocco di 8b. Oggi alla ricerca della<br \/>\ndifficolt\u00e0 sulle pi\u00f9 celebri vie sportive in montagna.<br \/>\nCleopatra &#8211; Wenden<\/p>\n<p>di Matteo Della Bordella.<br \/>\nLa verticalit\u00e0 delle dolomiti e la roccia del Verdon: questo \u00e8 il Wenden. E la<br \/>\nvia Cleopatra ne \u00e8 la regina.<br \/>\nSogni di gloria &#8211; Erto<\/p>\n<p>Raccontato da Luca \u201cCanon\u201d Zardini e Sandro Neri.<br \/>\nLa storia di uno dei tiri pi\u00f9 strapiombanti degli anni 80 e dei Ragazzi dello<br \/>\nzoo di Erto.<br \/>\nVia Livanos \u2013 Cima Su Alto (Civetta)<\/p>\n<p>di Ivo Rabanser.<br \/>\nUn diedro enorme e aggettante, salito da due ragazzi venuti dalle Calanques<br \/>\nche apriranno le porte al settimo grado.<br \/>\nMatthias Scherer e Tanja Schmitt<\/p>\n<p>Intervista di Lucia Prosino.<br \/>\nDue giovani e una carriera da punti esclamativi condotta, per scelta, quasi in<br \/>\nsordina, lontano da clamori e riviste patinate.<br \/>\nCecchinel-Jager \u2013 Couloir Nordest dei Drus<\/p>\n<p>di Marcello Sanguineti.<br \/>\nLa rivoluzionaria tecnica del piolet-traction irrompe sulle Alpi.<br \/>\nQuello che sono<\/p>\n<p>di James Pearson.<br \/>\nUn introspettivo contributo scritto in esclusiva per UP dove James prova a<br \/>\nraccontare \u201ca cuore aperto\u201d la sua esperienza di vita, interrogandosi sul<br \/>\nsenso e sull\u2019utilit\u00e0 delle sue aspirazioni.<br \/>\nTim Emmett<\/p>\n<p>di Peter Herold.<br \/>\nAlpinista e ghiacciatore d\u2019eccezione, ma anche uomo immagine e star<br \/>\ndell\u2019arrampicata e con un contagioso sorriso a trentadue denti.<br \/>\nSimon Anthamatten<\/p>\n<p>di Lorenzo Scandroglio.<br \/>\nQuella degli Anthamatten di Zermatt \u00e8 una premiata ditta famigliare i cui<br \/>\nprodotti sono tre \u201cfratelli-alpinisti\u201d e le loro imprese verticali tutt\u2019altro<br \/>\nche ordinarie.<br \/>\nNews 2013<\/p>\n<p>Alpinismo, ghiaccio, falesia e boulder<br \/>\na cura di Ilaria Raboni<br \/>\nNuove vie<\/p>\n<p>a cura di Marco Romelli  <\/p>","protected":false},"excerpt":{"rendered":"<p>Tutto il meglio dell\u2019alpinismo 2013 In questo numero: Copertina: Mina Leslie-Wujastyk fotografata da David Mason Barbara Zangerl Intervista di Stefano Michelin. La prima donna ad aver salito un blocco di 8b. Oggi alla ricerca della difficolt\u00e0 sulle pi\u00f9 celebri vie sportive in montagna. Cleopatra &#8211; Wenden di Matteo Della Bordella. La verticalit\u00e0 delle dolomiti e [&#8230;]\n","protected":false},"featured_media":32844,"template":"","meta":[],"product_brand":[],"product_cat":[21541],"product_tag":[],"class_list":{"0":"post-146519","1":"product","2":"type-product","3":"status-publish","4":"has-post-thumbnail","6":"product_cat-zeitschriften","7":"pa_autor-quaresima","8":"pa_erscheinungsjahr-21550","9":"pa_region-italien","10":"pa_sprache-it","12":"first","13":"instock","14":"taxable","15":"shipping-taxable","16":"purchasable","17":"product-type-simple"},"_links":{"self":[{"href":"https:\/\/pizbube.ch\/en\/wp-json\/wp\/v2\/product\/146519","targetHints":{"allow":["GET"]}}],"collection":[{"href":"https:\/\/pizbube.ch\/en\/wp-json\/wp\/v2\/product"}],"about":[{"href":"https:\/\/pizbube.ch\/en\/wp-json\/wp\/v2\/types\/product"}],"wp:featuredmedia":[{"embeddable":true,"href":"https:\/\/pizbube.ch\/en\/wp-json\/wp\/v2\/media\/32844"}],"wp:attachment":[{"href":"https:\/\/pizbube.ch\/en\/wp-json\/wp\/v2\/media?parent=146519"}],"wp:term":[{"taxonomy":"product_brand","embeddable":true,"href":"https:\/\/pizbube.ch\/en\/wp-json\/wp\/v2\/product_brand?post=146519"},{"taxonomy":"product_cat","embeddable":true,"href":"https:\/\/pizbube.ch\/en\/wp-json\/wp\/v2\/product_cat?post=146519"},{"taxonomy":"product_tag","embeddable":true,"href":"https:\/\/pizbube.ch\/en\/wp-json\/wp\/v2\/product_tag?post=146519"}],"curies":[{"name":"wp","href":"https:\/\/api.w.org\/{rel}","templated":true}]}}