{"id":146520,"date":"2021-01-15T10:53:52","date_gmt":"2021-01-15T10:53:52","guid":{"rendered":"https:\/\/codengine3.ch\/?product=import-placeholder-for-206149"},"modified":"2021-05-21T15:28:32","modified_gmt":"2021-05-21T13:28:32","slug":"altitudes-3","status":"publish","type":"product","link":"https:\/\/pizbube.ch\/en\/shop\/altitudes-3\/","title":{"rendered":"Altitudes 3"},"content":{"rendered":"<p>Portfolio B. Tartinville, dossier les Alpes du Tibet<\/p>\n<p>Altitudes propose au lecteur un contenu de grande qualit\u00e9 litt\u00e9raire, une<br \/>\nvraie richesse iconographique et une qualit\u00e9 de r\u00e9alisation.<\/p>\n<p>Trois grandes parties structurent la revue:<br \/>\n\u2013 litt\u00e9rature : nouvelles, essais, po\u00e8mes, r\u00e9cits, commentaires, notes et<br \/>\ndivagations\u2026 Dans ce num\u00e9ro, un important dossier est consacr\u00e9 au Mont<br \/>\nanalogue, de Ren\u00e9 Daumal.<br \/>\n\u2013 photographie : un portfolio de 20 pages pour pr\u00e9senter l&#8217;oeuvre d&#8217;un<br \/>\nphotographe important. Dans ce num\u00e9ro, le travail \u00e9tonnant du photographe<br \/>\nBernard Tartinville.<br \/>\n\u2013 montagnes du monde : une monographie sur un massif montagneux important.<br \/>\nDans ce num\u00e9ro, un travail encyclop\u00e9dique de r\u00e9f\u00e9rence pour d\u00e9couvrir l&#8217;une<br \/>\ndes r\u00e9gions les plus m\u00e9connues du monde : les montagnes chinoises.<\/p>","protected":false},"excerpt":{"rendered":"<p>Portfolio B. Tartinville, dossier les Alpes du Tibet Altitudes propose au lecteur un contenu de grande qualit\u00e9 litt\u00e9raire, une vraie richesse iconographique et une qualit\u00e9 de r\u00e9alisation. Trois grandes parties structurent la revue: \u2013 litt\u00e9rature : nouvelles, essais, po\u00e8mes, r\u00e9cits, commentaires, notes et divagations\u2026 Dans ce num\u00e9ro, un important dossier est consacr\u00e9 au Mont analogue, [&#8230;]\n","protected":false},"featured_media":35086,"template":"","meta":[],"product_brand":[],"product_cat":[21541],"product_tag":[],"class_list":{"0":"post-146520","1":"product","2":"type-product","3":"status-publish","4":"has-post-thumbnail","6":"product_cat-zeitschriften","7":"pa_autor-odier","8":"pa_erscheinungsjahr-21763","9":"pa_region-frankreich","10":"pa_sprache-fr","12":"first","13":"outofstock","14":"taxable","15":"shipping-taxable","16":"purchasable","17":"product-type-simple"},"_links":{"self":[{"href":"https:\/\/pizbube.ch\/en\/wp-json\/wp\/v2\/product\/146520","targetHints":{"allow":["GET"]}}],"collection":[{"href":"https:\/\/pizbube.ch\/en\/wp-json\/wp\/v2\/product"}],"about":[{"href":"https:\/\/pizbube.ch\/en\/wp-json\/wp\/v2\/types\/product"}],"wp:featuredmedia":[{"embeddable":true,"href":"https:\/\/pizbube.ch\/en\/wp-json\/wp\/v2\/media\/35086"}],"wp:attachment":[{"href":"https:\/\/pizbube.ch\/en\/wp-json\/wp\/v2\/media?parent=146520"}],"wp:term":[{"taxonomy":"product_brand","embeddable":true,"href":"https:\/\/pizbube.ch\/en\/wp-json\/wp\/v2\/product_brand?post=146520"},{"taxonomy":"product_cat","embeddable":true,"href":"https:\/\/pizbube.ch\/en\/wp-json\/wp\/v2\/product_cat?post=146520"},{"taxonomy":"product_tag","embeddable":true,"href":"https:\/\/pizbube.ch\/en\/wp-json\/wp\/v2\/product_tag?post=146520"}],"curies":[{"name":"wp","href":"https:\/\/api.w.org\/{rel}","templated":true}]}}