{"id":146521,"date":"2021-01-15T10:53:52","date_gmt":"2021-01-15T10:53:52","guid":{"rendered":"https:\/\/codengine3.ch\/?product=import-placeholder-for-205169"},"modified":"2021-01-15T14:39:15","modified_gmt":"2021-01-15T14:39:15","slug":"lalpe-39-clic","status":"publish","type":"product","link":"https:\/\/pizbube.ch\/en\/shop\/lalpe-39-clic\/","title":{"rendered":"L\u00b4Alpe 39 Clic!"},"content":{"rendered":"<p>Daguerre invente la photographie en m\u00eame temps que le touriste invente les<br \/>\nAlpes ! Depuis 1839, les hommes d\u00b4images n\u00b4ont cess\u00e9 de mettre en sc\u00e8ne leurs<br \/>\nd\u00e9couvertes de l\u00b4univers montagnard. Exploits sportifs des pionniers et<br \/>\nt\u00e9moignages ethnographiques sur la vie des gens de l\u00b4Alpe : regards crois\u00e9s<br \/>\nsur deux mondes en mutation.  <\/p>\n<p>Depuis les fr\u00e8res Bisson au sommet du mont Blanc jusqu\u00b4aux recherches<br \/>\ncontemporaines de Walter Niedermayr sur les am\u00e9nagements des stations de<br \/>\nsports d\u00b4hiver, les Alpes ont toujours fascin\u00e9 les photographes. Un jeu de \u00ab<br \/>\nje t\u00b4aime, moi non plus \u00bb entre \u00e9motion b\u00e9ate face aux paysages singuliers de<br \/>\nla montagne et t\u00e9moignages d\u00e9non\u00e7ant les atteintes \u00e0 un environnement que l\u00b4on<br \/>\ndit pr\u00e9serv\u00e9. Des figures de style sont ainsi n\u00e9es et ont prosp\u00e9r\u00e9,<br \/>\ntransformant souvent l\u00b4iconographie alpine embl\u00e9matique en une s\u00e9rie de cartes<br \/>\npostales. Une fois de plus, la revue L\u00b4Alpe s\u00b4attachera \u00e0 regarder de l\u00b4autre<br \/>\nc\u00f4t\u00e9 du d\u00e9cor pour d\u00e9crypter les intentions des photographes et anticiper les<br \/>\ntendances de demain.  <\/p>\n<p>Au sommaire de cette \u00e9dition :<br \/>\n&#8211; Le premier ouvrage consacr\u00e9 \u00e0 la photographie et aux Alpes sous tous leurs<br \/>\naspects (sportifs, techniques, historiques, culturels, patrimoniaux, etc.).<br \/>\n&#8211; Une s\u00e9rie de regards in\u00e9dits sur la montagne.<br \/>\n&#8211; Les images embl\u00e9matiques des grands anc\u00eatres (Bisson, Tairraz, Ronis,<br \/>\nKert\u00e9sz) et des jeunes cr\u00e9ateurs contemporains de l\u00b4ensemble des Alpes<br \/>\neurop\u00e9ennes.<br \/>\n&#8211; Les \u00e9tonnants parall\u00e8les entre les visages sculpt\u00e9s d\u00b4un retable baroque et<br \/>\nles portraits d\u00b4habitants d\u00b4un petit village de montagne.<br \/>\n&#8211; Une r\u00e9flexion sur les clich\u00e9s li\u00e9s aux Alpes dans la production<br \/>\nprofessionnelle comme dans la pratique amateur.<br \/>\n&#8211; Comment les Alpes r\u00e9sisteront-elles \u00e0 l\u00b4image num\u00e9rique ?  <\/p>","protected":false},"excerpt":{"rendered":"<p>Daguerre invente la photographie en m\u00eame temps que le touriste invente les Alpes ! Depuis 1839, les hommes d\u00b4images n\u00b4ont cess\u00e9 de mettre en sc\u00e8ne leurs d\u00e9couvertes de l\u00b4univers montagnard. Exploits sportifs des pionniers et t\u00e9moignages ethnographiques sur la vie des gens de l\u00b4Alpe : regards crois\u00e9s sur deux mondes en mutation. Depuis les fr\u00e8res [&#8230;]\n","protected":false},"featured_media":33797,"template":"","meta":[],"product_brand":[],"product_cat":[21541],"product_tag":[],"class_list":{"0":"post-146521","1":"product","2":"type-product","3":"status-publish","4":"has-post-thumbnail","6":"product_cat-zeitschriften","7":"pa_autor-gleant","8":"pa_erscheinungsjahr-21842","9":"pa_region-frankreich","10":"pa_sprache-fr","12":"first","13":"instock","14":"taxable","15":"shipping-taxable","16":"purchasable","17":"product-type-simple"},"_links":{"self":[{"href":"https:\/\/pizbube.ch\/en\/wp-json\/wp\/v2\/product\/146521","targetHints":{"allow":["GET"]}}],"collection":[{"href":"https:\/\/pizbube.ch\/en\/wp-json\/wp\/v2\/product"}],"about":[{"href":"https:\/\/pizbube.ch\/en\/wp-json\/wp\/v2\/types\/product"}],"wp:featuredmedia":[{"embeddable":true,"href":"https:\/\/pizbube.ch\/en\/wp-json\/wp\/v2\/media\/33797"}],"wp:attachment":[{"href":"https:\/\/pizbube.ch\/en\/wp-json\/wp\/v2\/media?parent=146521"}],"wp:term":[{"taxonomy":"product_brand","embeddable":true,"href":"https:\/\/pizbube.ch\/en\/wp-json\/wp\/v2\/product_brand?post=146521"},{"taxonomy":"product_cat","embeddable":true,"href":"https:\/\/pizbube.ch\/en\/wp-json\/wp\/v2\/product_cat?post=146521"},{"taxonomy":"product_tag","embeddable":true,"href":"https:\/\/pizbube.ch\/en\/wp-json\/wp\/v2\/product_tag?post=146521"}],"curies":[{"name":"wp","href":"https:\/\/api.w.org\/{rel}","templated":true}]}}