{"id":146523,"date":"2021-01-15T10:53:52","date_gmt":"2021-01-15T10:53:52","guid":{"rendered":"https:\/\/codengine3.ch\/?product=import-placeholder-for-200587"},"modified":"2021-01-15T10:59:01","modified_gmt":"2021-01-15T10:59:01","slug":"allmountain-ausgabe-3-2-2015","status":"publish","type":"product","link":"https:\/\/pizbube.ch\/en\/shop\/allmountain-ausgabe-3-2-2015\/","title":{"rendered":"ALLMOUNTAIN Ausgabe 3 (2\/2015)"},"content":{"rendered":"<p>Die dritte Ausgabe von ALLMOUNTAIN besch\u00e4ftigt sich schwerpunktm\u00e4\u00dfig mit dem<br \/>\nThema \u201eSpuren\u201c.<\/p>\n<p>Jeden Tag hinterlassen wir Menschen Spuren auf unserem Planeten \u2013 manche sind<br \/>\nverg\u00e4nglich, manche unausl\u00f6schbar. Bergsteiger und Kletterer haben ein ganz<br \/>\nbesonderes, nicht selten ambivalentes Verh\u00e4ltnis zu Spuren. Einerseits wollen<br \/>\nsie so wenige wie m\u00f6glich davon in \u201eihren\u201c Bergen hinterlassen, und manchem<br \/>\nist selbst ein kleiner Bohrhaken in einem Meer aus Fels zu viel. Andererseits<br \/>\nnutzen sie touristische Infrastrukturen, die das Gesicht der Berge wohl f\u00fcr<br \/>\nJahrhunderte oder Jahrtausende ver\u00e4ndern.<\/p>\n<p>Wie immer m\u00f6chte ALLMOUNTAIN dem Schwerpunktthema \u201eSpuren\u201c durch eine<br \/>\nwissenschaftliche, philosophische, aber auch humorvolle Betrachtungsweise auf<br \/>\ndie Spur kommen. Dabei ist es dem Herausgeber und Alpinisten Stefan Glowacz<br \/>\nwichtig, auch widerspr\u00fcchlichen Meinungen Raum zu geben. Denn Ziel von<br \/>\nALLMOUNTAIN ist es, auch als Magazin Spuren zu hinterlassen.<\/p>\n<p>Themen in dieser Ausgabe (Auswahl)<\/p>\n<p>-Ich war oben!<br \/>\n-Von dem menschlichen Verlangen, auf den Gipfeln unseres Planeten ein Ausrufezeichen zu setzen<br \/>\n-Wie ehrlich kann Bergsport sein?<br \/>\n-Gilt ein Berg auch als bestiegen, wenn sich die Spuren bis zum Gipfel nicht eindeutig nachweisen lassen?<br \/>\n-Suchtmittel<br \/>\n-Welche Abdr\u00fccke Bergtouren in Klein- und Gro\u00dfhirnrinde unseres Gehirns hinterlassen und wie wir damit umgehen<br \/>\n-Polit-Gipfel:<br \/>\nHeiner Gei\u00dfler war als Politiker stets ein Grenzg\u00e4nger. Privat liebt er bis<br \/>\nheute Gratwanderungen in den Bergen.<\/p>","protected":false},"excerpt":{"rendered":"<ul>\n<li><a href=\"https:\/\/pizbube.ch\/wp-content\/uploads\/attachments\/a_004\/38B3D29FEB278D876BE4003D4C64BA71.pdf\" target=\"_blank\" rel=\"noopener\">PDF: Allmountain_3_Leseprobe.pdf<\/a><\/li>\n<\/ul>","protected":false},"featured_media":27385,"template":"","meta":[],"product_brand":[],"product_cat":[21541],"product_tag":[],"class_list":{"0":"post-146523","1":"product","2":"type-product","3":"status-publish","4":"has-post-thumbnail","6":"product_cat-zeitschriften","7":"pa_autor-delius-klasing","8":"pa_erscheinungsjahr-21597","9":"pa_region-deutschland","10":"pa_sprache-de","12":"first","13":"instock","14":"taxable","15":"shipping-taxable","16":"purchasable","17":"product-type-simple"},"_links":{"self":[{"href":"https:\/\/pizbube.ch\/en\/wp-json\/wp\/v2\/product\/146523","targetHints":{"allow":["GET"]}}],"collection":[{"href":"https:\/\/pizbube.ch\/en\/wp-json\/wp\/v2\/product"}],"about":[{"href":"https:\/\/pizbube.ch\/en\/wp-json\/wp\/v2\/types\/product"}],"wp:featuredmedia":[{"embeddable":true,"href":"https:\/\/pizbube.ch\/en\/wp-json\/wp\/v2\/media\/27385"}],"wp:attachment":[{"href":"https:\/\/pizbube.ch\/en\/wp-json\/wp\/v2\/media?parent=146523"}],"wp:term":[{"taxonomy":"product_brand","embeddable":true,"href":"https:\/\/pizbube.ch\/en\/wp-json\/wp\/v2\/product_brand?post=146523"},{"taxonomy":"product_cat","embeddable":true,"href":"https:\/\/pizbube.ch\/en\/wp-json\/wp\/v2\/product_cat?post=146523"},{"taxonomy":"product_tag","embeddable":true,"href":"https:\/\/pizbube.ch\/en\/wp-json\/wp\/v2\/product_tag?post=146523"}],"curies":[{"name":"wp","href":"https:\/\/api.w.org\/{rel}","templated":true}]}}