{"id":146524,"date":"2021-01-15T10:53:52","date_gmt":"2021-01-15T10:53:52","guid":{"rendered":"https:\/\/codengine3.ch\/?product=import-placeholder-for-208783"},"modified":"2021-01-15T17:57:45","modified_gmt":"2021-01-15T17:57:45","slug":"allmountain-ausgabe-4-1-2016","status":"publish","type":"product","link":"https:\/\/pizbube.ch\/en\/shop\/allmountain-ausgabe-4-1-2016\/","title":{"rendered":"ALLMOUNTAIN Ausgabe 4 (1\/2016)"},"content":{"rendered":"<p>Grenzen im Alpinismus<\/p>\n<p>Sie werden gesetzt, akzeptiert, ignoriert und verschoben \u2013 Grenzen haben im<br \/>\nAlpinismus eine zentrale Bedeutung. Aber wie erkennt man seine eigenen<br \/>\nGrenzen? Und liegt die Faszination des Bergsteigens nicht gerade darin,<br \/>\nregelm\u00e4\u00dfig an seine Grenzen zu sto\u00dfen und sie manchmal sogar zu \u00fcber-<br \/>\nschreiten?<\/p>\n<p>Das Bergsportmagazin ALLMOUNTAIN hat zahlreiche \u00bbGrenzregionen\u00ab und<br \/>\n\u00bbGrenzg\u00e4nger\u00ab besucht und hat sie zum aktuellen Schwerpunktthema der Sommer<br \/>\nAusgabe gemacht.<\/p>\n<p>Nahtod:<br \/>\nWie Alpinisten die Grenze zwischen Leben und Tod erleben.  <\/p>\n<p>Ablaufdatum:<br \/>\nWo liegen die Altersgrenzen von Bergsportlern?  <\/p>\n<p>Einstellungssache:<br \/>\nWeshalb der S\u00fcdafrikaner Sibusiso Vilane auf Berge steigt.<\/p>","protected":false},"excerpt":{"rendered":"<ul>\n<li><a href=\"https:\/\/pizbube.ch\/wp-content\/uploads\/attachments\/a_032\/FAC66C79E029F475619AEB80FDF4A297.pdf\" target=\"_blank\" rel=\"noopener\">PDF: leseprobe-allmountain-4.pdf<\/a><\/li>\n<\/ul>","protected":false},"featured_media":41337,"template":"","meta":[],"product_brand":[],"product_cat":[21541],"product_tag":[],"class_list":{"0":"post-146524","1":"product","2":"type-product","3":"status-publish","4":"has-post-thumbnail","6":"product_cat-zeitschriften","7":"pa_autor-delius-klasing","8":"pa_erscheinungsjahr-21571","9":"pa_region-deutschland","10":"pa_sprache-de","12":"first","13":"instock","14":"taxable","15":"shipping-taxable","16":"purchasable","17":"product-type-simple"},"_links":{"self":[{"href":"https:\/\/pizbube.ch\/en\/wp-json\/wp\/v2\/product\/146524","targetHints":{"allow":["GET"]}}],"collection":[{"href":"https:\/\/pizbube.ch\/en\/wp-json\/wp\/v2\/product"}],"about":[{"href":"https:\/\/pizbube.ch\/en\/wp-json\/wp\/v2\/types\/product"}],"wp:featuredmedia":[{"embeddable":true,"href":"https:\/\/pizbube.ch\/en\/wp-json\/wp\/v2\/media\/41337"}],"wp:attachment":[{"href":"https:\/\/pizbube.ch\/en\/wp-json\/wp\/v2\/media?parent=146524"}],"wp:term":[{"taxonomy":"product_brand","embeddable":true,"href":"https:\/\/pizbube.ch\/en\/wp-json\/wp\/v2\/product_brand?post=146524"},{"taxonomy":"product_cat","embeddable":true,"href":"https:\/\/pizbube.ch\/en\/wp-json\/wp\/v2\/product_cat?post=146524"},{"taxonomy":"product_tag","embeddable":true,"href":"https:\/\/pizbube.ch\/en\/wp-json\/wp\/v2\/product_tag?post=146524"}],"curies":[{"name":"wp","href":"https:\/\/api.w.org\/{rel}","templated":true}]}}