{"id":146526,"date":"2021-01-15T10:53:52","date_gmt":"2021-01-15T10:53:52","guid":{"rendered":"https:\/\/codengine3.ch\/?product=import-placeholder-for-203950"},"modified":"2025-03-26T09:10:55","modified_gmt":"2025-03-26T08:10:55","slug":"handbuch-ausbildung-des-deutschen-alpenvereins","status":"publish","type":"product","link":"https:\/\/pizbube.ch\/en\/shop\/handbuch-ausbildung-des-deutschen-alpenvereins\/","title":{"rendered":"Handbuch Ausbildung des Deutschen Alpenvereins"},"content":{"rendered":"<p>Methodische Hilfestellung &#8211; Standards beim Bergsport.<br \/>\nDas Standardwerk f\u00fcr die Alpinausbildung in v\u00f6llig neu erarbeiteter Auflage.<\/p>\n<p class=\"text-lg\">Das DAV Handbuch Ausbildung umfasst mehr als 1100 Seiten und wurde mit zahlreichen Abbildungen und Zeichungen von Georg Sojer und Sebastian Schrank illustriert.<br \/>\nDieser Artikel beinhaltet s\u00e4mtliche Kapitel sowie das Register, <strong>nicht jedoch den Ringbuch-Ordner!<\/strong><\/p>\n<p>Der Aufbau und die grundlegende Struktur der einzelnen Kapitel wurden analog zu den vorhergehenden Auflagen beibehalten, nur das Kapitel zum Sportklettern wurde gestrichen.<\/p>\n<p>Grundlagen des Kletterns werden in den Alpin-Lehrpl\u00e4nen 2 (Klettern \u2013 Technik Taktik, Psyche, 3. neu bearbeitete Auflage, 2013) und 5 (Klettern \u2013 Sicherung und Ausr\u00fcstung, 3. Auflage, 2013) behandelt. Mehr zum Thema Klettertechnik findet sich au\u00dferdem in G. K\u00f6stermeyer: Peak Performance &#8211; Klettertechnik und Klettertraining von A \u2013 Z und A. Hofmann: Besser Bouldern \u2013 Grundlagen und Expertentipps.<\/p>\n<p>Wie die Vorg\u00e4ngerwerke auch, geben die einzelnen Kapitel im Handbuch vor allem praktische Tipps f\u00fcr die Ausbildung und f\u00fcr die Durchf\u00fchrung von Kurse und Touren im alpinen Bergsport. Neben den theoretischen Hintergr\u00fcnden werden methodische \u00dcbungsreihen und Spielformen zur Vermittlung der Inhalte, Hilfen zur Gel\u00e4ndewahl und n\u00fctzliche Hintergrundinformationen gegeben. Gleichzeitig stellt das Handbuch Ausbildung neben den Standards und Normen auch aktuelle Erkenntnisse und die Lehrmeinung innerhalb des DAV dar.<\/p>\n<p>Inhaltlich ist das Handbuch in die 14 Kapitel aufgeteilt:<br \/>\nUnterrichttipps, Ausr\u00fcstung, Sicherung, F\u00fchren, Bergsteigen, Hochtouren\/ Eisklettern, Skibergsteigen, Lawinen, Orientierung, Wetter, Bergrettung, Erste Hilfe. Recht, Umweltbildung.<\/p>\n<p>An der grundlegenden \u00dcberarbeitung waren Mitglieder der Bundeslehrteams f\u00fcr Bergsteigen, Sportklettern, Ski alpin, Naturschutz und weitere Spezialisten beteiligt.<\/p>\n<p class=\"padding-top-1x\">Produktinformationen:<br \/>\n<b>Einband: <\/b>kein Einband, nur Blatt+Register | <b>Herausgeber: <\/b>Deutscher Alpenverein | <b>Seiten: <\/b>\u00fcber 1100 Seiten<\/p>\n<p>&nbsp;<\/p>","protected":false},"excerpt":{"rendered":"<p>Methodische Hilfestellung &#8211; Standards beim Bergsport. Das Standardwerk f\u00fcr die Alpinausbildung in v\u00f6llig neu erarbeiteter Auflage. Das DAV Handbuch Ausbildung umfasst mehr als 1100 Seiten und wurde mit zahlreichen Abbildungen und Zeichungen von Georg Sojer und Sebastian Schrank illustriert. Dieser Artikel beinhaltet s\u00e4mtliche Kapitel sowie das Register, nicht jedoch den Ringbuch-Ordner! Der Aufbau und die [&#8230;]\n","protected":false},"featured_media":159446,"template":"","meta":[],"product_brand":[],"product_cat":[21538],"product_tag":[],"class_list":{"0":"post-146526","1":"product","2":"type-product","3":"status-publish","4":"has-post-thumbnail","6":"product_cat-lehrbuecher","7":"pa_autor-dav-alpenverein","8":"pa_erscheinungsjahr-21550","9":"pa_region-alpin-sommer","10":"pa_sprache-de","12":"first","13":"outofstock","14":"taxable","15":"shipping-taxable","16":"purchasable","17":"product-type-simple"},"_links":{"self":[{"href":"https:\/\/pizbube.ch\/en\/wp-json\/wp\/v2\/product\/146526","targetHints":{"allow":["GET"]}}],"collection":[{"href":"https:\/\/pizbube.ch\/en\/wp-json\/wp\/v2\/product"}],"about":[{"href":"https:\/\/pizbube.ch\/en\/wp-json\/wp\/v2\/types\/product"}],"wp:featuredmedia":[{"embeddable":true,"href":"https:\/\/pizbube.ch\/en\/wp-json\/wp\/v2\/media\/159446"}],"wp:attachment":[{"href":"https:\/\/pizbube.ch\/en\/wp-json\/wp\/v2\/media?parent=146526"}],"wp:term":[{"taxonomy":"product_brand","embeddable":true,"href":"https:\/\/pizbube.ch\/en\/wp-json\/wp\/v2\/product_brand?post=146526"},{"taxonomy":"product_cat","embeddable":true,"href":"https:\/\/pizbube.ch\/en\/wp-json\/wp\/v2\/product_cat?post=146526"},{"taxonomy":"product_tag","embeddable":true,"href":"https:\/\/pizbube.ch\/en\/wp-json\/wp\/v2\/product_tag?post=146526"}],"curies":[{"name":"wp","href":"https:\/\/api.w.org\/{rel}","templated":true}]}}