{"id":146528,"date":"2021-01-15T10:53:53","date_gmt":"2021-01-15T10:53:53","guid":{"rendered":"https:\/\/codengine3.ch\/?product=import-placeholder-for-201159"},"modified":"2025-02-26T14:37:14","modified_gmt":"2025-02-26T13:37:14","slug":"skibergsteigen-freeriding-alpin-lehrplan-4","status":"publish","type":"product","link":"https:\/\/pizbube.ch\/en\/shop\/skibergsteigen-freeriding-alpin-lehrplan-4\/","title":{"rendered":"Skibergsteigen Freeriding  &#8211; Alpin Lehrplan 4"},"content":{"rendered":"<p>Aktueller, umfassender Alpin Lehrplan (inkl. Snowboard): Grundlagen und<br \/>\nTechniken des Skibergsteigens und ihre praktische Umsetzung auf Skitouren,<br \/>\nSkihochtouren, beim Variantenfahren und bei Skitouren mit dem Snowboard:<br \/>\nBewegungstechnik und Taktik, Sicherungstechnik, Theorie, Umwelt- und<br \/>\nNaturschutz.<\/p>\n<p>Der erste Teil des Leitfadens vermittelt technisches Grundwissen, etwa zum<br \/>\nGehen mit Fellen oder Steigeisen oder zu unterschiedlichen Abfahrtstechniken<br \/>\nim Tiefschnee, im steilen Gel\u00e4nde oder bei harten und eisigen<br \/>\nSchneeverh\u00e4ltnissen. Einen weiteren Schwerpunkt bilden dabei taktische Fragen:<br \/>\nwie beeinflusst die Gruppengr\u00f6\u00dfe die Organisation, welche Regeln gelten bei<br \/>\nLawinengefahr, wie ist die optimale Zeitplanung?<\/p>\n<p>Das zweite Kapitel ist dem Thema `Sicherungstechnik` gewidmet: Erkl\u00e4rt werden<br \/>\nverschiedene Knoten, Anseiltechniken sowie das Klettern in Seilschaft. Im<br \/>\ndritten Kapitel werden die theoretischen Grundlagen des Skibergsteigens und<br \/>\nFreeridings behandelt. Unter dem Punkt Ausr\u00fcstung findet der Leser<br \/>\nInformationen zu Touren- und Freerideski, den passenden Schuhen und<br \/>\nTourenbindungen, aber auch so wichtigem Zubeh\u00f6r wie dem<br \/>\nLawinenversch\u00fcttetensuchger\u00e4t, der Lawinenschaufel und der Lawinensonde.<\/p>\n<p>Abgerundet wird das umfassende und trotzdem leicht lesbare Lehrbuch mit einer<br \/>\nausf\u00fchrlichen Abhandlung zur Lawinenkunde und einem zeitgem\u00e4\u00dfen<br \/>\nRisikomanagement sowie mit praktischen Tipps zur Tourenplanung, zum<br \/>\nvorbereitenden Training und zum Naturschutz.<\/p>\n<p>6. Auflage 2021; 224 Seiten mit 285 Farbabbildungen; Format 19 x 24 cm;<br \/>\nKartoniert<br \/>\nHerausgegeben vom Deutschen Alpenverein und vom Verband Deutscher Berg- und<br \/>\nSkif\u00fchrer 110 farbige Zeichnungen<\/p>","protected":false},"excerpt":{"rendered":"<p>Aktueller, umfassender Alpin Lehrplan (inkl. Snowboard): Grundlagen und Techniken des Skibergsteigens und ihre praktische Umsetzung auf Skitouren, Skihochtouren, beim Variantenfahren und bei Skitouren mit dem Snowboard: Bewegungstechnik und Taktik, Sicherungstechnik, Theorie, Umwelt- und Naturschutz. Der erste Teil des Leitfadens vermittelt technisches Grundwissen, etwa zum Gehen mit Fellen oder Steigeisen oder zu unterschiedlichen Abfahrtstechniken im Tiefschnee, [&#8230;]\n","protected":false},"featured_media":177179,"template":"","meta":[],"product_brand":[],"product_cat":[21538],"product_tag":[],"class_list":{"0":"post-146528","1":"product","2":"type-product","3":"status-publish","4":"has-post-thumbnail","6":"product_cat-lehrbuecher","7":"pa_autor-geyer-mersch-semmel","8":"pa_erscheinungsjahr-25440","9":"pa_region-alpin-winter","10":"pa_sprache-de","12":"first","13":"instock","14":"taxable","15":"shipping-taxable","16":"purchasable","17":"product-type-simple"},"_links":{"self":[{"href":"https:\/\/pizbube.ch\/en\/wp-json\/wp\/v2\/product\/146528","targetHints":{"allow":["GET"]}}],"collection":[{"href":"https:\/\/pizbube.ch\/en\/wp-json\/wp\/v2\/product"}],"about":[{"href":"https:\/\/pizbube.ch\/en\/wp-json\/wp\/v2\/types\/product"}],"wp:featuredmedia":[{"embeddable":true,"href":"https:\/\/pizbube.ch\/en\/wp-json\/wp\/v2\/media\/177179"}],"wp:attachment":[{"href":"https:\/\/pizbube.ch\/en\/wp-json\/wp\/v2\/media?parent=146528"}],"wp:term":[{"taxonomy":"product_brand","embeddable":true,"href":"https:\/\/pizbube.ch\/en\/wp-json\/wp\/v2\/product_brand?post=146528"},{"taxonomy":"product_cat","embeddable":true,"href":"https:\/\/pizbube.ch\/en\/wp-json\/wp\/v2\/product_cat?post=146528"},{"taxonomy":"product_tag","embeddable":true,"href":"https:\/\/pizbube.ch\/en\/wp-json\/wp\/v2\/product_tag?post=146528"}],"curies":[{"name":"wp","href":"https:\/\/api.w.org\/{rel}","templated":true}]}}