{"id":146529,"date":"2021-01-15T10:53:53","date_gmt":"2021-01-15T10:53:53","guid":{"rendered":"https:\/\/codengine3.ch\/?product=import-placeholder-for-205637"},"modified":"2021-01-15T14:42:46","modified_gmt":"2021-01-15T14:42:46","slug":"das-kleine-handbuch-des-alpinismus","status":"publish","type":"product","link":"https:\/\/pizbube.ch\/en\/shop\/das-kleine-handbuch-des-alpinismus\/","title":{"rendered":"Das kleine Handbuch des Alpinismus"},"content":{"rendered":"<p>Alles rund ums Bergsteigen und Bergwandern  <\/p>\n<p>Alles, was es \u00fcbers Bergsteigen zu wissen gilt, ist in diesem handlichen<br \/>\nB\u00e4ndchen vereint: Das Wichtigste \u00fcber Ausr\u00fcstung, Konditionstraining,<br \/>\nBergwetter, Bergwandern, Klettersteiggehen, Klettern, Skitourengehen, Schnee<br \/>\nund Lawinen, Orientierung, Seilkunde, Sicherungstechnik etc. Launige<br \/>\nKapitel\u00fcberleitungen mit jeweils zur folgenden Thematik passenden kleinen<br \/>\nAbrissen aus der Bergsteigergeschichte (auch Kuriosa) sorgen f\u00fcr Auflockerung<br \/>\nund Lesegenuss.  <\/p>","protected":false},"excerpt":{"rendered":"<p>Alles rund ums Bergsteigen und Bergwandern Alles, was es \u00fcbers Bergsteigen zu wissen gilt, ist in diesem handlichen B\u00e4ndchen vereint: Das Wichtigste \u00fcber Ausr\u00fcstung, Konditionstraining, Bergwetter, Bergwandern, Klettersteiggehen, Klettern, Skitourengehen, Schnee und Lawinen, Orientierung, Seilkunde, Sicherungstechnik etc. Launige Kapitel\u00fcberleitungen mit jeweils zur folgenden Thematik passenden kleinen Abrissen aus der Bergsteigergeschichte (auch Kuriosa) sorgen f\u00fcr Auflockerung [&#8230;]\n","protected":false},"featured_media":34420,"template":"","meta":[],"product_brand":[],"product_cat":[21538],"product_tag":[],"class_list":{"0":"post-146529","1":"product","2":"type-product","3":"status-publish","4":"has-post-thumbnail","6":"product_cat-lehrbuecher","7":"pa_autor-hoefler","8":"pa_erscheinungsjahr-21693","9":"pa_region-alpin-sommer","10":"pa_sprache-de","12":"first","13":"instock","14":"taxable","15":"shipping-taxable","16":"purchasable","17":"product-type-simple"},"_links":{"self":[{"href":"https:\/\/pizbube.ch\/en\/wp-json\/wp\/v2\/product\/146529","targetHints":{"allow":["GET"]}}],"collection":[{"href":"https:\/\/pizbube.ch\/en\/wp-json\/wp\/v2\/product"}],"about":[{"href":"https:\/\/pizbube.ch\/en\/wp-json\/wp\/v2\/types\/product"}],"wp:featuredmedia":[{"embeddable":true,"href":"https:\/\/pizbube.ch\/en\/wp-json\/wp\/v2\/media\/34420"}],"wp:attachment":[{"href":"https:\/\/pizbube.ch\/en\/wp-json\/wp\/v2\/media?parent=146529"}],"wp:term":[{"taxonomy":"product_brand","embeddable":true,"href":"https:\/\/pizbube.ch\/en\/wp-json\/wp\/v2\/product_brand?post=146529"},{"taxonomy":"product_cat","embeddable":true,"href":"https:\/\/pizbube.ch\/en\/wp-json\/wp\/v2\/product_cat?post=146529"},{"taxonomy":"product_tag","embeddable":true,"href":"https:\/\/pizbube.ch\/en\/wp-json\/wp\/v2\/product_tag?post=146529"}],"curies":[{"name":"wp","href":"https:\/\/api.w.org\/{rel}","templated":true}]}}