{"id":146531,"date":"2021-01-15T10:53:53","date_gmt":"2021-01-15T10:53:53","guid":{"rendered":"https:\/\/codengine3.ch\/?product=import-placeholder-for-203920"},"modified":"2021-01-15T14:27:56","modified_gmt":"2021-01-15T14:27:56","slug":"eisklettern-eis-mixed-drytooling","status":"publish","type":"product","link":"https:\/\/pizbube.ch\/en\/shop\/eisklettern-eis-mixed-drytooling\/","title":{"rendered":"eisklettern Eis Mixed Drytooling"},"content":{"rendered":"<p>LEHRBUCH EISKLETTERN: EIS &#8211; MIXED &#8211; DRYTOOLING  <\/p>\n<p>Endlich ein fundiertes Lehrbuch f\u00fcr die modernen Spielformen des Eiskletterns.<br \/>\nWill Gadd geht sowohl auf die Grundlagen als auch die Spezialdisziplinen wie<br \/>\nMixed und Drytooling ausf\u00fchrlich ein. Die konsequente Schritt f\u00fcr Schritt<br \/>\nVorgehensweise wird durch inspirierende Farbbilder und spannende<br \/>\nErlebnisberichte perfekt erg\u00e4nzt.  <\/p>\n<p>Umfassend werden alle moderneren Aspekte des Eisklettern behandelt. Angefangen<br \/>\nvon der Ausr\u00fcstung und deren Pflege, \u00fcber Ern\u00e4hrung, grundlegende und<br \/>\nfortgeschrittene Eisklettertechniken, Standplatzbau und Sicherungstechniken<br \/>\nbis hin zum Mixedklettern, dem Absichern von Routen, Verhaltenstipps in den<br \/>\nbergen, \u00dcberlebensstrategie und Trainingstipps werden viele wertvolle Tipps<br \/>\nund Grundlagen dargestellt.  <\/p>\n<p>222 Seiten kompl. in Farbe, engl. Broschur, \u00fcber 90 Farbbilder;<br \/>\n2. Auflg. 2011  <\/p>","protected":false},"excerpt":{"rendered":"<ul>\n<li><a href=\"https:\/\/pizbube.ch\/wp-content\/uploads\/attachments\/a_016\/64F3F23AB6018B22D0AAF30724D4A703.pdf\" target=\"_blank\" rel=\"noopener\">PDF: Eisklettern Leseprobe<\/a><\/li>\n<\/ul>\n<ul>\n<li><b>INFO: Neuauflage\/Nachdruck unbestimmt<b><\/li>\n<\/ul>","protected":false},"featured_media":31632,"template":"","meta":[],"product_brand":[],"product_cat":[21538],"product_tag":[],"class_list":{"0":"post-146531","1":"product","2":"type-product","3":"status-publish","4":"has-post-thumbnail","6":"product_cat-lehrbuecher","7":"pa_autor-gadd","8":"pa_erscheinungsjahr-21610","9":"pa_region-alpin-winter","10":"pa_sprache-de","12":"first","13":"outofstock","14":"taxable","15":"shipping-taxable","16":"purchasable","17":"product-type-simple"},"_links":{"self":[{"href":"https:\/\/pizbube.ch\/en\/wp-json\/wp\/v2\/product\/146531","targetHints":{"allow":["GET"]}}],"collection":[{"href":"https:\/\/pizbube.ch\/en\/wp-json\/wp\/v2\/product"}],"about":[{"href":"https:\/\/pizbube.ch\/en\/wp-json\/wp\/v2\/types\/product"}],"wp:featuredmedia":[{"embeddable":true,"href":"https:\/\/pizbube.ch\/en\/wp-json\/wp\/v2\/media\/31632"}],"wp:attachment":[{"href":"https:\/\/pizbube.ch\/en\/wp-json\/wp\/v2\/media?parent=146531"}],"wp:term":[{"taxonomy":"product_brand","embeddable":true,"href":"https:\/\/pizbube.ch\/en\/wp-json\/wp\/v2\/product_brand?post=146531"},{"taxonomy":"product_cat","embeddable":true,"href":"https:\/\/pizbube.ch\/en\/wp-json\/wp\/v2\/product_cat?post=146531"},{"taxonomy":"product_tag","embeddable":true,"href":"https:\/\/pizbube.ch\/en\/wp-json\/wp\/v2\/product_tag?post=146531"}],"curies":[{"name":"wp","href":"https:\/\/api.w.org\/{rel}","templated":true}]}}