{"id":146535,"date":"2021-01-15T10:53:53","date_gmt":"2021-01-15T10:53:53","guid":{"rendered":"https:\/\/codengine3.ch\/?product=import-placeholder-for-202764"},"modified":"2024-02-15T17:17:45","modified_gmt":"2024-02-15T16:17:45","slug":"3x3-lawinen-risikomanagement-im-wintersport","status":"publish","type":"product","link":"https:\/\/pizbube.ch\/en\/shop\/3x3-lawinen-risikomanagement-im-wintersport\/","title":{"rendered":"3&#215;3 Lawinen  &#8211; Risikomanagement im Wintersport"},"content":{"rendered":"<p>\u201e3&#215;3 Lawinen\u201c, das erste Lawinenlehrbuch, aus der Optik eines Profi-<br \/>\nBergf\u00fchrers, erregte 1997 in der Fachwelt gro\u00dfes Aufsehen. Es revolutionierte<br \/>\ndie klassische Lawinenkunde und f\u00fchrte zu einem Paradigmenwechsel. Zum ersten<br \/>\nMal stand nicht mehr die Rettung von Lawinenversch\u00fctteten im Zentrum, sondern<br \/>\ndie Pr\u00e4vention, die Frage \u201eto go or not to go?\u201c<\/p>\n<p>In der praktischen Lawinenkunde geht es vor allem darum, in kritischen<br \/>\nSituationen JA\/NEIN-Entscheide zu f\u00e4llen, oft in Minutenschnelle, von denen<br \/>\nMenschenleben abh\u00e4ngen. Der Autor ersetzte die aufw\u00e4ndigen und ungenauen<br \/>\nAnalysen der Schneedeckenprofile kurzerhand durch einfache Unfallmuster: bei<br \/>\nwelcher Kombination aus Gefahrenstufe \/ Hangneigung \/ Hangexposition \/ Spuren<br \/>\nim Hang \/ Gruppengr\u00f6\u00dfe und Abst\u00e4nde (die 5 Schl\u00fcsselvariablen) werden die<br \/>\nmeisten Schneebretter ausgel\u00f6st?<\/p>\n<p>Diese allgemeinverst\u00e4ndlichen und praxisgerechten Denk- und Handlungsmuster<br \/>\nerkl\u00e4ren den einmaligen Erfolg des Buches: mit mehr als 50.000 verkauften<br \/>\nExemplaren wurde es zum Long- und Bestseller und zum Standard-Lehrbuch der<br \/>\nBergf\u00fchrer-Ausbildung. Und es ist 15 Jahre nach dem ersten Erscheinen immer<br \/>\nnoch das Modernste seiner Art. Die zahlreichen Nachahmer auf dem Buchmarkt<br \/>\nadeln das Original!<\/p>\n<p>7. Auflage 2023,<br \/>\n232 Seiten<\/p>","protected":false},"excerpt":{"rendered":"<ul>\n<li><a href=\"https:\/\/pizbube.ch\/wp-content\/uploads\/attachments\/a_027\/B19A6FABED59F1ACFB27CA5D102FC272.pdf\" target=\"_blank\" rel=\"noopener\">PDF: 3&#215;3 Lawinen_Leseprobe<\/a><\/li>\n<\/ul>","protected":false},"featured_media":160985,"template":"","meta":[],"product_brand":[],"product_cat":[21538],"product_tag":[],"class_list":{"0":"post-146535","1":"product","2":"type-product","3":"status-publish","4":"has-post-thumbnail","6":"product_cat-lehrbuecher","7":"pa_autor-munter","8":"pa_erscheinungsjahr-27129","9":"pa_region-alpin-winter","10":"pa_sprache-de","12":"first","13":"instock","14":"taxable","15":"shipping-taxable","16":"purchasable","17":"product-type-simple"},"_links":{"self":[{"href":"https:\/\/pizbube.ch\/en\/wp-json\/wp\/v2\/product\/146535","targetHints":{"allow":["GET"]}}],"collection":[{"href":"https:\/\/pizbube.ch\/en\/wp-json\/wp\/v2\/product"}],"about":[{"href":"https:\/\/pizbube.ch\/en\/wp-json\/wp\/v2\/types\/product"}],"wp:featuredmedia":[{"embeddable":true,"href":"https:\/\/pizbube.ch\/en\/wp-json\/wp\/v2\/media\/160985"}],"wp:attachment":[{"href":"https:\/\/pizbube.ch\/en\/wp-json\/wp\/v2\/media?parent=146535"}],"wp:term":[{"taxonomy":"product_brand","embeddable":true,"href":"https:\/\/pizbube.ch\/en\/wp-json\/wp\/v2\/product_brand?post=146535"},{"taxonomy":"product_cat","embeddable":true,"href":"https:\/\/pizbube.ch\/en\/wp-json\/wp\/v2\/product_cat?post=146535"},{"taxonomy":"product_tag","embeddable":true,"href":"https:\/\/pizbube.ch\/en\/wp-json\/wp\/v2\/product_tag?post=146535"}],"curies":[{"name":"wp","href":"https:\/\/api.w.org\/{rel}","templated":true}]}}