{"id":146536,"date":"2021-01-15T10:53:53","date_gmt":"2021-01-15T10:53:53","guid":{"rendered":"https:\/\/codengine3.ch\/?product=import-placeholder-for-203440"},"modified":"2021-01-15T14:23:20","modified_gmt":"2021-01-15T14:23:20","slug":"stop-or-go-und-check-climb-dvd","status":"publish","type":"product","link":"https:\/\/pizbube.ch\/en\/shop\/stop-or-go-und-check-climb-dvd\/","title":{"rendered":"Stop or Go und Check &#038; Climb (DVD)"},"content":{"rendered":"<p>2 Filme auf einer DVD: Der \u00d6AV pr\u00e4sentiert nun seine Lehrfilme Check&#038; Climb<br \/>\nund Stop or Go gemeinsam auf einer DVD. H\u00f6chste Qualit\u00e4t, kleines Volumen und<br \/>\ndie M\u00f6glichkeit, \u00fcber ein Men\u00fc einzelne Kapitel der Filme direkt anzuw\u00e4hlen,<br \/>\nsind \u00fcberzeugende Argumente f\u00fcr dieses Medium.<br \/>\nCheck &#038; Climb zeigt, wie man mit den spezifischen Gefahren des Sportkletterns<br \/>\numgehen kann. Es stellt eine Reihe von einfachen Sicherheitsstandards und<br \/>\n-methoden vor, entwickelt aus der Erfahrung internationaler Spitzenkletterer<br \/>\nund der Analyse bisheriger Unfallszenarien. Die Lehrsequenzen selbst sind an<br \/>\ndie Kletterregeln des Alpenvereins angelehnt. Risikobewusst klettern ist Teil<br \/>\nder hohen pers\u00f6nlichen Verantwortung, die dieser Sport einfordert.<br \/>\nKletterprofis machen es vor: Nur wer risikobewusst klettert, klettert wirklich<br \/>\ngut.<br \/>\nStop or Go ist ein methodisches Instrument, das Elemente bestehender<br \/>\nStrategien aufnimmt und sie neu zu einer praktikablen, gut handhabbaren<br \/>\nMethode kombiniert:<br \/>\nCheck 1 (Munter-Baustein) setzt die Gefahrenstufe in Beziehung zur Hangneigung<br \/>\nund fordert hier entsprechende Verzichtsleistungen. Check 2 steuert gezielt<br \/>\ndie Wahrnehmung des Tourengehers. Der dritte Baustein &#8211; definiert sogenannte<br \/>\nStandardma\u00dfnahmen in den Phasen Planung, Aufstieg und Abfahrt.<br \/>\nDVD; 28\/38 Minuten, mit Kapitelauswahl  <\/p>","protected":false},"excerpt":{"rendered":"<p>2 Filme auf einer DVD: Der \u00d6AV pr\u00e4sentiert nun seine Lehrfilme Check&#038; Climb und Stop or Go gemeinsam auf einer DVD. H\u00f6chste Qualit\u00e4t, kleines Volumen und die M\u00f6glichkeit, \u00fcber ein Men\u00fc einzelne Kapitel der Filme direkt anzuw\u00e4hlen, sind \u00fcberzeugende Argumente f\u00fcr dieses Medium. Check &#038; Climb zeigt, wie man mit den spezifischen Gefahren des Sportkletterns [&#8230;]\n","protected":false},"featured_media":31050,"template":"","meta":[],"product_brand":[],"product_cat":[21628],"product_tag":[],"class_list":{"0":"post-146536","1":"product","2":"type-product","3":"status-publish","4":"has-post-thumbnail","6":"product_cat-video-dvd-multimedia","7":"pa_autor-oeav-2","8":"pa_erscheinungsjahr-21920","9":"pa_region-alpin-winter","10":"pa_sprache-de","12":"first","13":"instock","14":"taxable","15":"shipping-taxable","16":"purchasable","17":"product-type-simple"},"_links":{"self":[{"href":"https:\/\/pizbube.ch\/en\/wp-json\/wp\/v2\/product\/146536","targetHints":{"allow":["GET"]}}],"collection":[{"href":"https:\/\/pizbube.ch\/en\/wp-json\/wp\/v2\/product"}],"about":[{"href":"https:\/\/pizbube.ch\/en\/wp-json\/wp\/v2\/types\/product"}],"wp:featuredmedia":[{"embeddable":true,"href":"https:\/\/pizbube.ch\/en\/wp-json\/wp\/v2\/media\/31050"}],"wp:attachment":[{"href":"https:\/\/pizbube.ch\/en\/wp-json\/wp\/v2\/media?parent=146536"}],"wp:term":[{"taxonomy":"product_brand","embeddable":true,"href":"https:\/\/pizbube.ch\/en\/wp-json\/wp\/v2\/product_brand?post=146536"},{"taxonomy":"product_cat","embeddable":true,"href":"https:\/\/pizbube.ch\/en\/wp-json\/wp\/v2\/product_cat?post=146536"},{"taxonomy":"product_tag","embeddable":true,"href":"https:\/\/pizbube.ch\/en\/wp-json\/wp\/v2\/product_tag?post=146536"}],"curies":[{"name":"wp","href":"https:\/\/api.w.org\/{rel}","templated":true}]}}