{"id":146538,"date":"2021-01-15T10:53:53","date_gmt":"2021-01-15T10:53:53","guid":{"rendered":"https:\/\/codengine3.ch\/?product=import-placeholder-for-207708"},"modified":"2026-01-26T10:26:35","modified_gmt":"2026-01-26T09:26:35","slug":"snowcard-lawinen-risiko-check-messkarte","status":"publish","type":"product","link":"https:\/\/pizbube.ch\/en\/shop\/snowcard-lawinen-risiko-check-messkarte\/","title":{"rendered":"SnowCard Lawinen-Risiko-Check (Messkarte)"},"content":{"rendered":"<p>Risikomanagement f\u00fcr Skitourengeher, Snowboarder, Variantenfahrer,<br \/>\nSchneeschuhwanderer<\/p>\n<p>Die Snowcard geh\u00f6rt zu den Standards beim Risikomanagement f\u00fcr Skitourengeher,<br \/>\nSchneeschuhwanderer und Snowboarder. Auf Basis des aktuellen<br \/>\nLawinenlageberichts erlaubt die Snowcard einen schnellen und einfachen Risiko-<br \/>\nCheck. Sie ist seit Jahren Lehrmethode bei den meisten Alpin-Verb\u00e4nden.<\/p>\n<p>Neue Version 2020 mit komplett \u00fcberarbeitetem Begleitheft!<\/p>\n<p>Die DAV SnowCard ist ein Hilfsmittel f\u00fcr den schnellen und einfachen Risiko-<br \/>\nCheck zur Lawinengefahr. Sie hilft zudem, lawinenbezogene Informationen bei<br \/>\nder Tourenplanung und im Gel\u00e4nde zu strukturieren.<\/p>\n<p>Urspr\u00fcnglich im Jahr 2000 von Martin Engler und Jan Mersch entwickelt, ist die<br \/>\nDAV SnowCard heute ein fester Bestandteil der DAV Entscheidungsstrategie<br \/>\n\u201eLawinen-Mantra\u201c und hat sich \u00fcber die Jahre als Entscheidungshilfe auf<br \/>\nzahlreichen Ski- und Schneeschuhtouren sowie beim Freeriden bew\u00e4hrt.<\/p>\n<p>Ziel der DAV SnowCard ist, den Anwenderinnen und Anwendern eine realistische<br \/>\nInformation \u00fcber ihr pers\u00f6nliches Risiko zu vermitteln; wie viel<br \/>\n\u201eUnsicherheit\u201c er oder sie akzeptiert, bleibt jedoch immer der individuellen<br \/>\nEntscheidung vorbehalten.<\/p>\n<p>Sehr wichtig bei allen Methoden des Risikomanagements ist das Bewusstsein,<br \/>\ndass es im winterlichen Hochgebirge niemals absolute Sicherheit geben kann.<br \/>\nLawinen k\u00f6nnen ab 20 Grad Hangneigung ausgel\u00f6st werden und sehr weit in<br \/>\nvermeintlich sicheres Gel\u00e4nde vordringen!<\/p>\n<p>Produktinformationen:<\/p>\n<p>\u2022 DAV SnowCard aus wasserfestem Kunststoff<br \/>\n\u2022 spezielles Prismabild auf der Vorder- und Informationen zum Risiko-Check auf<br \/>\nder R\u00fcckseite<br \/>\n\u2022 integrierter Hangneigungsmesser mit Messingpendel<br \/>\n\u2022 komplett \u00fcberarbeitetes Anleitungs- und Begleitheft<br \/>\n\u2022 Transporth\u00fclle<br \/>\n\u2022 aktualisierte Version 2020<\/p>","protected":false},"excerpt":{"rendered":"<p>Risikomanagement f\u00fcr Skitourengeher, Snowboarder, Variantenfahrer, Schneeschuhwanderer Die Snowcard geh\u00f6rt zu den Standards beim Risikomanagement f\u00fcr Skitourengeher, Schneeschuhwanderer und Snowboarder. Auf Basis des aktuellen Lawinenlageberichts erlaubt die Snowcard einen schnellen und einfachen Risiko- Check. Sie ist seit Jahren Lehrmethode bei den meisten Alpin-Verb\u00e4nden. Neue Version 2020 mit komplett \u00fcberarbeitetem Begleitheft! Die DAV SnowCard ist ein Hilfsmittel [&#8230;]\n","protected":false},"featured_media":26003,"template":"","meta":[],"product_brand":[],"product_cat":[21538],"product_tag":[],"class_list":{"0":"post-146538","1":"product","2":"type-product","3":"status-publish","4":"has-post-thumbnail","6":"product_cat-lehrbuecher","7":"pa_autor-engler-dav","8":"pa_erscheinungsjahr-21558","9":"pa_region-alpin-winter","10":"pa_sprache-de","12":"first","13":"outofstock","14":"taxable","15":"shipping-taxable","16":"purchasable","17":"product-type-simple"},"_links":{"self":[{"href":"https:\/\/pizbube.ch\/en\/wp-json\/wp\/v2\/product\/146538","targetHints":{"allow":["GET"]}}],"collection":[{"href":"https:\/\/pizbube.ch\/en\/wp-json\/wp\/v2\/product"}],"about":[{"href":"https:\/\/pizbube.ch\/en\/wp-json\/wp\/v2\/types\/product"}],"wp:featuredmedia":[{"embeddable":true,"href":"https:\/\/pizbube.ch\/en\/wp-json\/wp\/v2\/media\/26003"}],"wp:attachment":[{"href":"https:\/\/pizbube.ch\/en\/wp-json\/wp\/v2\/media?parent=146538"}],"wp:term":[{"taxonomy":"product_brand","embeddable":true,"href":"https:\/\/pizbube.ch\/en\/wp-json\/wp\/v2\/product_brand?post=146538"},{"taxonomy":"product_cat","embeddable":true,"href":"https:\/\/pizbube.ch\/en\/wp-json\/wp\/v2\/product_cat?post=146538"},{"taxonomy":"product_tag","embeddable":true,"href":"https:\/\/pizbube.ch\/en\/wp-json\/wp\/v2\/product_tag?post=146538"}],"curies":[{"name":"wp","href":"https:\/\/api.w.org\/{rel}","templated":true}]}}