{"id":146543,"date":"2021-01-15T10:53:53","date_gmt":"2021-01-15T10:53:53","guid":{"rendered":"https:\/\/codengine3.ch\/?product=import-placeholder-for-200065"},"modified":"2024-12-10T09:28:50","modified_gmt":"2024-12-10T08:28:50","slug":"welten-aus-eis","status":"publish","type":"product","link":"https:\/\/pizbube.ch\/en\/shop\/welten-aus-eis\/","title":{"rendered":"Welten aus Eis"},"content":{"rendered":"<p>Die Eisstr\u00f6me der Alpen hautnah erleben.<\/p>\n<p>Die Gletscher schmelzen &#8211; doch noch sind sie da, und wir k\u00f6nnen als eine der<br \/>\nletzten Generationen das alpine Wunder aus Eis erleben.<\/p>\n<p>36 Wanderungen f\u00fchren uns zu den sch\u00f6nsten Gletschern der Schweizer Alpen: von<br \/>\nm\u00e4chtigen Eisstr\u00f6men wie dem Grossen Aletschgletscher oder dem Gornergletscher<br \/>\n\u00fcber bekannte Ausflugsziele wie den Morteratsch- und den Rhonegletscher bis<br \/>\nhin zum verborgenen Fornogletscher und dem unbekannten Glacier de Moiry.<br \/>\nErg\u00e4nzt wird das Buch durch fundierte Texte, interessantes Hintergrundwissen<br \/>\nund eindr\u00fcckliche Bilder der spektakul\u00e4rsten Gletscherlandschaften der<br \/>\nSchweiz.<\/p>\n<p>Vor dem Hintergrund ihrer eigenen Leidenschaft f\u00fcr diese Welten aus Eis, schuf<br \/>\ndie Fotografin und Autorin ein Buch, das nicht nur Wandervorschl\u00e4ge und<br \/>\nHintergrundwissen liefert, sondern auch mit eindr\u00fccklichen Bildern in die Welt<br \/>\nder Alpengletscher eintauchen l\u00e4sst.<\/p>\n<p>192 Seiten;<br \/>\n<span class=\"value\">Breite 217 mm, H\u00f6he 285 mm<\/span><\/p>","protected":false},"excerpt":{"rendered":"<p>Die Eisstr\u00f6me der Alpen hautnah erleben. Die Gletscher schmelzen &#8211; doch noch sind sie da, und wir k\u00f6nnen als eine der letzten Generationen das alpine Wunder aus Eis erleben. 36 Wanderungen f\u00fchren uns zu den sch\u00f6nsten Gletschern der Schweizer Alpen: von m\u00e4chtigen Eisstr\u00f6men wie dem Grossen Aletschgletscher oder dem Gornergletscher \u00fcber bekannte Ausflugsziele wie den [&#8230;]\n","protected":false},"featured_media":164377,"template":"","meta":[],"product_brand":[],"product_cat":[21605],"product_tag":[],"class_list":{"0":"post-146543","1":"product","2":"type-product","3":"status-publish","4":"has-post-thumbnail","6":"product_cat-wanderfuehrer-trekking","7":"pa_autor-fink","8":"pa_erscheinungsjahr-21571","9":"pa_region-schweiz","10":"pa_sprache-de","12":"first","13":"outofstock","14":"taxable","15":"shipping-taxable","16":"purchasable","17":"product-type-simple"},"_links":{"self":[{"href":"https:\/\/pizbube.ch\/en\/wp-json\/wp\/v2\/product\/146543","targetHints":{"allow":["GET"]}}],"collection":[{"href":"https:\/\/pizbube.ch\/en\/wp-json\/wp\/v2\/product"}],"about":[{"href":"https:\/\/pizbube.ch\/en\/wp-json\/wp\/v2\/types\/product"}],"wp:featuredmedia":[{"embeddable":true,"href":"https:\/\/pizbube.ch\/en\/wp-json\/wp\/v2\/media\/164377"}],"wp:attachment":[{"href":"https:\/\/pizbube.ch\/en\/wp-json\/wp\/v2\/media?parent=146543"}],"wp:term":[{"taxonomy":"product_brand","embeddable":true,"href":"https:\/\/pizbube.ch\/en\/wp-json\/wp\/v2\/product_brand?post=146543"},{"taxonomy":"product_cat","embeddable":true,"href":"https:\/\/pizbube.ch\/en\/wp-json\/wp\/v2\/product_cat?post=146543"},{"taxonomy":"product_tag","embeddable":true,"href":"https:\/\/pizbube.ch\/en\/wp-json\/wp\/v2\/product_tag?post=146543"}],"curies":[{"name":"wp","href":"https:\/\/api.w.org\/{rel}","templated":true}]}}