{"id":146544,"date":"2021-01-15T10:53:53","date_gmt":"2021-01-15T10:53:53","guid":{"rendered":"https:\/\/codengine3.ch\/?product=import-placeholder-for-208246"},"modified":"2021-01-15T17:51:53","modified_gmt":"2021-01-15T17:51:53","slug":"gletscher-der-schweiz-ost","status":"publish","type":"product","link":"https:\/\/pizbube.ch\/en\/shop\/gletscher-der-schweiz-ost\/","title":{"rendered":"Gletscher der Schweiz &#8211; Ost"},"content":{"rendered":"<p>37 faszinierende Bergwanderungen zu Eisstr\u00f6men der Zentral-, S\u00fcd- und<br \/>\nOstschweiz<\/p>\n<p>Gletscher faszinieren seit je. Fr\u00fcher wurden sie oft als Gefahr und Bedrohung<br \/>\nwahrgenommen, heute zieht ihre Sch\u00f6nheit viele Menschen in den Bann. Neben<br \/>\nihrer grossen Bedeutung als Forschungsobjekt, f\u00fcr den Wasserhaushalt und den<br \/>\nTourismus sind die Gletscher als Symbol f\u00fcr eine intakte Hochgebirgslandschaft<br \/>\nnicht wegzudenken.<\/p>\n<p>Der \u00abBand Ost\u00bb f\u00fchrt wie bereits der \u00abBand West\u00bb von 2011 kurzweilig, mit viel<br \/>\nfundiertem Wissen, leicht verst\u00e4ndlichen Texten, anschaulichen Gletscherkarten<br \/>\nund rund 240 Bildern in die Welt der Gletscher ein. 37 abwechslungsreiche<br \/>\nTouren in 20 Gletscherregionen der Zentral-, S\u00fcd- und Ostschweiz animieren<br \/>\ndazu, diese Eisstr\u00f6me und deren urt\u00fcmliche Vorfelder hautnah zu erleben. Die<br \/>\nRouten reichen von kurzen, einfachen Bergwanderungen \u2013 auch f\u00fcr Kinder und<br \/>\nFamilien geeignet \u2013 bis zu anspruchsvolleren Alpinwanderungen und leichten<br \/>\nHochtouren.<\/p>\n<p>Die nun vorliegende umfassende Darstellung der Schweizer Gletscherlandschaft<br \/>\nin zwei B\u00e4nden \u2013 mit 90 Wanderungen in 50 Gebirgsregionen \u2013 ist einmalig und<br \/>\nerschliesst diese attraktiven Naturlandschaften erstmals detailliert f\u00fcr<br \/>\nWandernde.<\/p>","protected":false},"excerpt":{"rendered":"<p>37 faszinierende Bergwanderungen zu Eisstr\u00f6men der Zentral-, S\u00fcd- und Ostschweiz Gletscher faszinieren seit je. Fr\u00fcher wurden sie oft als Gefahr und Bedrohung wahrgenommen, heute zieht ihre Sch\u00f6nheit viele Menschen in den Bann. Neben ihrer grossen Bedeutung als Forschungsobjekt, f\u00fcr den Wasserhaushalt und den Tourismus sind die Gletscher als Symbol f\u00fcr eine intakte Hochgebirgslandschaft nicht wegzudenken. [&#8230;]\n","protected":false},"featured_media":39740,"template":"","meta":[],"product_brand":[],"product_cat":[21605],"product_tag":[],"class_list":{"0":"post-146544","1":"product","2":"type-product","3":"status-publish","4":"has-post-thumbnail","6":"product_cat-wanderfuehrer-trekking","7":"pa_autor-kaesermann-wipf","8":"pa_erscheinungsjahr-21568","9":"pa_region-schweiz","10":"pa_sprache-de","12":"first","13":"instock","14":"taxable","15":"shipping-taxable","16":"purchasable","17":"product-type-simple"},"_links":{"self":[{"href":"https:\/\/pizbube.ch\/en\/wp-json\/wp\/v2\/product\/146544","targetHints":{"allow":["GET"]}}],"collection":[{"href":"https:\/\/pizbube.ch\/en\/wp-json\/wp\/v2\/product"}],"about":[{"href":"https:\/\/pizbube.ch\/en\/wp-json\/wp\/v2\/types\/product"}],"wp:featuredmedia":[{"embeddable":true,"href":"https:\/\/pizbube.ch\/en\/wp-json\/wp\/v2\/media\/39740"}],"wp:attachment":[{"href":"https:\/\/pizbube.ch\/en\/wp-json\/wp\/v2\/media?parent=146544"}],"wp:term":[{"taxonomy":"product_brand","embeddable":true,"href":"https:\/\/pizbube.ch\/en\/wp-json\/wp\/v2\/product_brand?post=146544"},{"taxonomy":"product_cat","embeddable":true,"href":"https:\/\/pizbube.ch\/en\/wp-json\/wp\/v2\/product_cat?post=146544"},{"taxonomy":"product_tag","embeddable":true,"href":"https:\/\/pizbube.ch\/en\/wp-json\/wp\/v2\/product_tag?post=146544"}],"curies":[{"name":"wp","href":"https:\/\/api.w.org\/{rel}","templated":true}]}}