{"id":146545,"date":"2021-01-15T10:53:53","date_gmt":"2021-01-15T10:53:53","guid":{"rendered":"https:\/\/codengine3.ch\/?product=import-placeholder-for-206494"},"modified":"2021-01-15T14:49:21","modified_gmt":"2021-01-15T14:49:21","slug":"gletscher-der-schweiz","status":"publish","type":"product","link":"https:\/\/pizbube.ch\/en\/shop\/gletscher-der-schweiz\/","title":{"rendered":"Gletscher der Schweiz"},"content":{"rendered":"<p>52 faszinierende Bergwanderungen zu Eisstr\u00f6men in den Kantonen Bern, Wallis<br \/>\nund Waadt  <\/p>\n<p>Gletscher faszinieren von alters her; fr\u00fcher wurden sie oft als Gefahr und<br \/>\nBedrohung wahrgenommen, heute ziehen sie wegen ihrer Sch\u00f6nheit viele Menschen<br \/>\nin ihren Bann. Gegenw\u00e4rtig ver\u00e4ndern sich die Gletscher und ihre Umgebung<br \/>\naufgrund des raschen R\u00fcckgangs nachhaltig. Neben ihrer grossen Bedeutung als<br \/>\nForschungsobjekt, f\u00fcr den Wasserhaushalt und den Tourismus sind die Gletscher<br \/>\nals Symbol einer intakten Hochgebirgslandschaft nicht wegzudenken.  <\/p>\n<p>Der vorliegende Band f\u00fchrt kurzweilig, reich an fundiertem Wissen, mit leicht<br \/>\nverst\u00e4ndlichen Texten, anschaulichen Karten und rund 200 ausgew\u00e4hlten Bildern<br \/>\nin die Welt der Gletscher der Kantone Bern, Wallis und Waadt ein. 52<br \/>\nabwechslungsreiche, oft spektakul\u00e4re Bergwanderungen beschreiben die sch\u00f6nsten<br \/>\nWege und animieren dazu, diese Eisstr\u00f6me und ihre Umgebung hautnah zu erleben.<br \/>\nDie Routen reichen von kurzen, einfachen Berg- bis zu anspruchsvolleren<br \/>\nAlpinwanderungen und leichten Hochtouren.  <\/p>","protected":false},"excerpt":{"rendered":"<p>52 faszinierende Bergwanderungen zu Eisstr\u00f6men in den Kantonen Bern, Wallis und Waadt Gletscher faszinieren von alters her; fr\u00fcher wurden sie oft als Gefahr und Bedrohung wahrgenommen, heute ziehen sie wegen ihrer Sch\u00f6nheit viele Menschen in ihren Bann. Gegenw\u00e4rtig ver\u00e4ndern sich die Gletscher und ihre Umgebung aufgrund des raschen R\u00fcckgangs nachhaltig. Neben ihrer grossen Bedeutung als [&#8230;]\n","protected":false},"featured_media":35544,"template":"","meta":[],"product_brand":[],"product_cat":[21605],"product_tag":[],"class_list":{"0":"post-146545","1":"product","2":"type-product","3":"status-publish","4":"has-post-thumbnail","6":"product_cat-wanderfuehrer-trekking","7":"pa_autor-kaesermann-wipf","8":"pa_erscheinungsjahr-21610","9":"pa_region-schweiz","10":"pa_sprache-de","12":"first","13":"instock","14":"taxable","15":"shipping-taxable","16":"purchasable","17":"product-type-simple"},"_links":{"self":[{"href":"https:\/\/pizbube.ch\/en\/wp-json\/wp\/v2\/product\/146545","targetHints":{"allow":["GET"]}}],"collection":[{"href":"https:\/\/pizbube.ch\/en\/wp-json\/wp\/v2\/product"}],"about":[{"href":"https:\/\/pizbube.ch\/en\/wp-json\/wp\/v2\/types\/product"}],"wp:featuredmedia":[{"embeddable":true,"href":"https:\/\/pizbube.ch\/en\/wp-json\/wp\/v2\/media\/35544"}],"wp:attachment":[{"href":"https:\/\/pizbube.ch\/en\/wp-json\/wp\/v2\/media?parent=146545"}],"wp:term":[{"taxonomy":"product_brand","embeddable":true,"href":"https:\/\/pizbube.ch\/en\/wp-json\/wp\/v2\/product_brand?post=146545"},{"taxonomy":"product_cat","embeddable":true,"href":"https:\/\/pizbube.ch\/en\/wp-json\/wp\/v2\/product_cat?post=146545"},{"taxonomy":"product_tag","embeddable":true,"href":"https:\/\/pizbube.ch\/en\/wp-json\/wp\/v2\/product_tag?post=146545"}],"curies":[{"name":"wp","href":"https:\/\/api.w.org\/{rel}","templated":true}]}}