{"id":146546,"date":"2021-01-15T10:53:53","date_gmt":"2021-01-15T10:53:53","guid":{"rendered":"https:\/\/codengine3.ch\/?product=import-placeholder-for-202814"},"modified":"2025-10-08T10:11:39","modified_gmt":"2025-10-08T08:11:39","slug":"lebendiges-gletschervorfeld","status":"publish","type":"product","link":"https:\/\/pizbube.ch\/en\/shop\/lebendiges-gletschervorfeld\/","title":{"rendered":"Lebendiges Gletschervorfeld"},"content":{"rendered":"<p>Lebendiges Gletschervorfeld.<\/p>\n<p>Von schwindenden Eisstr\u00f6men, schuttreichen Mor\u00e4nenw\u00e4llen und wagemutigen<br \/>\nPionierpflanzen im Vorfeld des Morteratschgletschers im Berninagebiet.<\/p>\n<p>F\u00fchrer und Begleitbuch zum Gletscherlehrpfad Morteratsch. Gemeinde Pontresina<br \/>\nund Geografisches Institut Uni Z\u00fcrich.<\/p>\n<p>138 S. (2. erg\u00e4nzte Neuauflage).<\/p>","protected":false},"excerpt":{"rendered":"<p>Lebendiges Gletschervorfeld. Von schwindenden Eisstr\u00f6men, schuttreichen Mor\u00e4nenw\u00e4llen und wagemutigen Pionierpflanzen im Vorfeld des Morteratschgletschers im Berninagebiet. F\u00fchrer und Begleitbuch zum Gletscherlehrpfad Morteratsch. Gemeinde Pontresina und Geografisches Institut Uni Z\u00fcrich. 138 S. (2. erg\u00e4nzte Neuauflage).<\/p>","protected":false},"featured_media":38622,"template":"","meta":[],"product_brand":[],"product_cat":[21542],"product_tag":[],"class_list":{"0":"post-146546","1":"product","2":"type-product","3":"status-publish","4":"has-post-thumbnail","6":"product_cat-sachbuecher-dokumentationen","7":"pa_autor-maisch","8":"pa_erscheinungsjahr-22150","9":"pa_region-fauna-flora-geologie-glaziologie","10":"pa_region-schweiz","11":"pa_sprache-de","13":"first","14":"instock","15":"taxable","16":"shipping-taxable","17":"purchasable","18":"product-type-simple"},"_links":{"self":[{"href":"https:\/\/pizbube.ch\/en\/wp-json\/wp\/v2\/product\/146546","targetHints":{"allow":["GET"]}}],"collection":[{"href":"https:\/\/pizbube.ch\/en\/wp-json\/wp\/v2\/product"}],"about":[{"href":"https:\/\/pizbube.ch\/en\/wp-json\/wp\/v2\/types\/product"}],"wp:featuredmedia":[{"embeddable":true,"href":"https:\/\/pizbube.ch\/en\/wp-json\/wp\/v2\/media\/38622"}],"wp:attachment":[{"href":"https:\/\/pizbube.ch\/en\/wp-json\/wp\/v2\/media?parent=146546"}],"wp:term":[{"taxonomy":"product_brand","embeddable":true,"href":"https:\/\/pizbube.ch\/en\/wp-json\/wp\/v2\/product_brand?post=146546"},{"taxonomy":"product_cat","embeddable":true,"href":"https:\/\/pizbube.ch\/en\/wp-json\/wp\/v2\/product_cat?post=146546"},{"taxonomy":"product_tag","embeddable":true,"href":"https:\/\/pizbube.ch\/en\/wp-json\/wp\/v2\/product_tag?post=146546"}],"curies":[{"name":"wp","href":"https:\/\/api.w.org\/{rel}","templated":true}]}}