{"id":146549,"date":"2021-01-15T10:53:53","date_gmt":"2021-01-15T10:53:53","guid":{"rendered":"https:\/\/codengine3.ch\/?product=import-placeholder-for-206041"},"modified":"2022-12-06T09:47:13","modified_gmt":"2022-12-06T08:47:13","slug":"die-schweiz-waehrend-der-eiszeit-1500000","status":"publish","type":"product","link":"https:\/\/pizbube.ch\/en\/shop\/die-schweiz-waehrend-der-eiszeit-1500000\/","title":{"rendered":"Die Schweiz w\u00e4hrend der Eiszeit 1:500&#8217;000"},"content":{"rendered":"<p>Neue geologische Karte der Serie GeoKarten 500: &#8218;Die Schweiz w\u00e4hrend des<br \/>\nletzteiszeitlichen Maximums&#8216;<\/p>\n<p>Die Karte stellt die gr\u00f6sste Gletscherausdehnung in der Schweiz w\u00e4hrend des<br \/>\nH\u00f6hepunkts der letzten Eiszeit vor rund 24&#8217;000 Jahren dar. Mit ihr werden die<br \/>\naktuellsten Resultate der hiesigen Eiszeitforschung kartografisch hochwertig<br \/>\nvisualisiert.<\/p>\n<p>Wie sah die Schweiz w\u00e4hrend der letzten Eiszeit aus? Wo lagen die Gletscher?<br \/>\nWelche Gebiete waren nicht vom Eis bedeckt? Antworten auf diese Fragen liegen<br \/>\nnun in Form einer Karte vor, welche die aktuellsten Erkenntnisse \u00fcber die<br \/>\nGletscherausdehnung dieser Eiszeit illustriert.<\/p>\n<p>Als eines der neuen Ergebnisse der pal\u00e4oglaziologischen Forschung lassen sich<br \/>\ndie grossen zentralalpinen Eisdome erw\u00e4hnen, deren Oberfl\u00e4che in einer H\u00f6he<br \/>\nvon 2900 bis 3100 m \u00fc. M. lag (beispielsweise der Eisdom \u00fcber dem<br \/>\nOberengadin).<\/p>\n<p>Das Maximum der letzten Eiszeit ist ein pal\u00e4oklimatisches Extremereignis \u2013 auf<br \/>\nder kalten Seite. Aufbau und R\u00fcckschmelzen der Gletscher sind Ausdruck<br \/>\nbedeutender klimagesteuerter Umweltver\u00e4nderungen in der j\u00fcngeren<br \/>\nerdgeschichtlichen Vergangenheit. Die Rekonstruktion der Ausdehnung der<br \/>\nGletscher l\u00e4sst Schlussfolgerungen \u00fcber die atmosph\u00e4rische Zirkulation w\u00e4hrend<br \/>\ndes H\u00f6hepunkts der letzten Eiszeit zu. Ausserdem leistet die Karte einen<br \/>\nwesentlichen Beitrag zur Diskussion \u00fcber klimagesteuerte Umweltver\u00e4nderungen<br \/>\nin der j\u00fcngsten erdgeschichtlichen Vergangenheit.<\/p>","protected":false},"excerpt":{"rendered":"<p>Neue geologische Karte der Serie GeoKarten 500: &#8218;Die Schweiz w\u00e4hrend des letzteiszeitlichen Maximums&#8216; Die Karte stellt die gr\u00f6sste Gletscherausdehnung in der Schweiz w\u00e4hrend des H\u00f6hepunkts der letzten Eiszeit vor rund 24&#8217;000 Jahren dar. Mit ihr werden die aktuellsten Resultate der hiesigen Eiszeitforschung kartografisch hochwertig visualisiert. Wie sah die Schweiz w\u00e4hrend der letzten Eiszeit aus? Wo [&#8230;]\n","protected":false},"featured_media":34934,"template":"","meta":[],"product_brand":[],"product_cat":[21543],"product_tag":[],"class_list":{"0":"post-146549","1":"product","2":"type-product","3":"status-publish","4":"has-post-thumbnail","6":"product_cat-landkarten","7":"pa_autor-swisstopo","8":"pa_erscheinungsjahr-21830","9":"pa_region-schweiz","10":"pa_sprache-de","12":"first","13":"outofstock","14":"taxable","15":"shipping-taxable","16":"purchasable","17":"product-type-simple"},"_links":{"self":[{"href":"https:\/\/pizbube.ch\/en\/wp-json\/wp\/v2\/product\/146549","targetHints":{"allow":["GET"]}}],"collection":[{"href":"https:\/\/pizbube.ch\/en\/wp-json\/wp\/v2\/product"}],"about":[{"href":"https:\/\/pizbube.ch\/en\/wp-json\/wp\/v2\/types\/product"}],"wp:featuredmedia":[{"embeddable":true,"href":"https:\/\/pizbube.ch\/en\/wp-json\/wp\/v2\/media\/34934"}],"wp:attachment":[{"href":"https:\/\/pizbube.ch\/en\/wp-json\/wp\/v2\/media?parent=146549"}],"wp:term":[{"taxonomy":"product_brand","embeddable":true,"href":"https:\/\/pizbube.ch\/en\/wp-json\/wp\/v2\/product_brand?post=146549"},{"taxonomy":"product_cat","embeddable":true,"href":"https:\/\/pizbube.ch\/en\/wp-json\/wp\/v2\/product_cat?post=146549"},{"taxonomy":"product_tag","embeddable":true,"href":"https:\/\/pizbube.ch\/en\/wp-json\/wp\/v2\/product_tag?post=146549"}],"curies":[{"name":"wp","href":"https:\/\/api.w.org\/{rel}","templated":true}]}}