{"id":146550,"date":"2021-01-15T10:53:53","date_gmt":"2021-01-15T10:53:53","guid":{"rendered":"https:\/\/codengine3.ch\/?product=import-placeholder-for-208495"},"modified":"2024-01-17T10:03:42","modified_gmt":"2024-01-17T09:03:42","slug":"lebt-wohl-ihr-gletscher","status":"publish","type":"product","link":"https:\/\/pizbube.ch\/en\/shop\/lebt-wohl-ihr-gletscher\/","title":{"rendered":"Lebt wohl, ihr Gletscher"},"content":{"rendered":"<p>Die Walliser Gletscher im Lauf der Zeit<\/p>\n<p>Im Zentrum dieses Buches steht die Wahrnehmung der Gletscherwelt durch die<br \/>\nMenschen. Das Wallis eignet sich f\u00fcr das Studium der Gletscher aus zwei<br \/>\nGr\u00fcnden. Es ist die am st\u00e4rksten vergletscherte Alpenregion, und mit dem<br \/>\nGrossen Aletschgletscher verf\u00fcgt es \u00fcber eine der pr\u00e4chtigsten Eisfl\u00e4chen der<br \/>\nSchweiz.<br \/>\nDie Eismassen sind st\u00e4ndig in Bewegung und sie werden heute mit Hilfe<br \/>\nmodernster Technologie gemessen. Die Glaziologen und Spezialisten der<br \/>\nNaturgefahren lassen sie nicht aus den Augen.<\/p>\n<p>Bilder von Gletschern gibt es seit den ersten Tagen der Fotografie und des<br \/>\nKupferstichs. Der ewige Schnee ist noch heute Inspirationsquelle vieler<br \/>\nK\u00fcnstler.<\/p>\n<p>Die Sagen und Legenden der Einheimischen geben Einblick in die Gef\u00fchlswelt<br \/>\njener, die mit den Gletschern lebten. Die Zukunft wird zeigen, was von ihnen<br \/>\n\u00fcbrig bleib und zu welchen neuen Geschichten sie Anlass geben<\/p>","protected":false},"excerpt":{"rendered":"<p>Die Walliser Gletscher im Lauf der Zeit Im Zentrum dieses Buches steht die Wahrnehmung der Gletscherwelt durch die Menschen. Das Wallis eignet sich f\u00fcr das Studium der Gletscher aus zwei Gr\u00fcnden. Es ist die am st\u00e4rksten vergletscherte Alpenregion, und mit dem Grossen Aletschgletscher verf\u00fcgt es \u00fcber eine der pr\u00e4chtigsten Eisfl\u00e4chen der Schweiz. Die Eismassen sind [&#8230;]\n","protected":false},"featured_media":171177,"template":"","meta":[],"product_brand":[],"product_cat":[21542],"product_tag":[],"class_list":{"0":"post-146550","1":"product","2":"type-product","3":"status-publish","4":"has-post-thumbnail","6":"product_cat-sachbuecher-dokumentationen","7":"pa_autor-funk-salami-wuilloud","8":"pa_erscheinungsjahr-21568","9":"pa_region-fauna-flora-geologie-glaziologie","10":"pa_sprache-de","12":"first","13":"instock","14":"taxable","15":"shipping-taxable","16":"purchasable","17":"product-type-simple"},"_links":{"self":[{"href":"https:\/\/pizbube.ch\/en\/wp-json\/wp\/v2\/product\/146550","targetHints":{"allow":["GET"]}}],"collection":[{"href":"https:\/\/pizbube.ch\/en\/wp-json\/wp\/v2\/product"}],"about":[{"href":"https:\/\/pizbube.ch\/en\/wp-json\/wp\/v2\/types\/product"}],"wp:featuredmedia":[{"embeddable":true,"href":"https:\/\/pizbube.ch\/en\/wp-json\/wp\/v2\/media\/171177"}],"wp:attachment":[{"href":"https:\/\/pizbube.ch\/en\/wp-json\/wp\/v2\/media?parent=146550"}],"wp:term":[{"taxonomy":"product_brand","embeddable":true,"href":"https:\/\/pizbube.ch\/en\/wp-json\/wp\/v2\/product_brand?post=146550"},{"taxonomy":"product_cat","embeddable":true,"href":"https:\/\/pizbube.ch\/en\/wp-json\/wp\/v2\/product_cat?post=146550"},{"taxonomy":"product_tag","embeddable":true,"href":"https:\/\/pizbube.ch\/en\/wp-json\/wp\/v2\/product_tag?post=146550"}],"curies":[{"name":"wp","href":"https:\/\/api.w.org\/{rel}","templated":true}]}}