{"id":146551,"date":"2021-01-15T10:53:53","date_gmt":"2021-01-15T10:53:53","guid":{"rendered":"https:\/\/codengine3.ch\/?product=import-placeholder-for-204561"},"modified":"2021-01-15T14:34:26","modified_gmt":"2021-01-15T14:34:26","slug":"dem-klima-auf-der-spur-20-wanderungen-zu-schauplaetzen-des-klimawandels","status":"publish","type":"product","link":"https:\/\/pizbube.ch\/en\/shop\/dem-klima-auf-der-spur-20-wanderungen-zu-schauplaetzen-des-klimawandels\/","title":{"rendered":"Dem Klima auf der Spur &#8211; 20 Wanderungen zu Schaupl\u00e4tzen des Klimawandels"},"content":{"rendered":"<p>Die Debatte \u00fcber Ursache und Wirkung des Klimawandels ist voll im Gang.<br \/>\nUnbestritten ist, dass es auf der Erde immer w\u00e4rmer wird; in den Alpen ist die<br \/>\nErw\u00e4rmung sogar doppelt so stark wie im globalen Mittel. Gletscherschwund,<br \/>\nHochwasser, Trockenheit, Hitzewellen und K\u00e4lteeinbr\u00fcche sind \u00abfassbare\u00bb<br \/>\nFolgen. Viele Ver\u00e4nderungen verlaufen jedoch schleichend und sind auf den<br \/>\nersten Blick kaum zu erkennen: Tier- und Pflanzenarten wandern in die H\u00f6he,<br \/>\nw\u00e4rmeliebende Exoten siedeln sich in tieferen Lagen an, Moore und Auen<br \/>\ntrocknen aus, Fische verschwinden aus Fl\u00fcssen und Seen, V\u00f6gel suchen neue<br \/>\nLebensr\u00e4ume. Dieses aktuelle Wanderbuch macht auf sanfte Ver\u00e4nderungen in der<br \/>\nNatur aufmerksam und f\u00fchrt zu einigen spektakul\u00e4ren Schaupl\u00e4tzen des<br \/>\nKlimawandels.<\/p>","protected":false},"excerpt":{"rendered":"<p>Die Debatte \u00fcber Ursache und Wirkung des Klimawandels ist voll im Gang. Unbestritten ist, dass es auf der Erde immer w\u00e4rmer wird; in den Alpen ist die Erw\u00e4rmung sogar doppelt so stark wie im globalen Mittel. Gletscherschwund, Hochwasser, Trockenheit, Hitzewellen und K\u00e4lteeinbr\u00fcche sind \u00abfassbare\u00bb Folgen. Viele Ver\u00e4nderungen verlaufen jedoch schleichend und sind auf den ersten [&#8230;]\n","protected":false},"featured_media":32650,"template":"","meta":[],"product_brand":[],"product_cat":[21605],"product_tag":[],"class_list":{"0":"post-146551","1":"product","2":"type-product","3":"status-publish","4":"has-post-thumbnail","6":"product_cat-wanderfuehrer-trekking","7":"pa_autor-hagmann","8":"pa_erscheinungsjahr-21568","9":"pa_region-schweiz","10":"pa_sprache-de","12":"first","13":"instock","14":"taxable","15":"shipping-taxable","16":"purchasable","17":"product-type-simple"},"_links":{"self":[{"href":"https:\/\/pizbube.ch\/en\/wp-json\/wp\/v2\/product\/146551","targetHints":{"allow":["GET"]}}],"collection":[{"href":"https:\/\/pizbube.ch\/en\/wp-json\/wp\/v2\/product"}],"about":[{"href":"https:\/\/pizbube.ch\/en\/wp-json\/wp\/v2\/types\/product"}],"wp:featuredmedia":[{"embeddable":true,"href":"https:\/\/pizbube.ch\/en\/wp-json\/wp\/v2\/media\/32650"}],"wp:attachment":[{"href":"https:\/\/pizbube.ch\/en\/wp-json\/wp\/v2\/media?parent=146551"}],"wp:term":[{"taxonomy":"product_brand","embeddable":true,"href":"https:\/\/pizbube.ch\/en\/wp-json\/wp\/v2\/product_brand?post=146551"},{"taxonomy":"product_cat","embeddable":true,"href":"https:\/\/pizbube.ch\/en\/wp-json\/wp\/v2\/product_cat?post=146551"},{"taxonomy":"product_tag","embeddable":true,"href":"https:\/\/pizbube.ch\/en\/wp-json\/wp\/v2\/product_tag?post=146551"}],"curies":[{"name":"wp","href":"https:\/\/api.w.org\/{rel}","templated":true}]}}