{"id":146553,"date":"2021-01-15T10:53:53","date_gmt":"2021-01-15T10:53:53","guid":{"rendered":"https:\/\/codengine3.ch\/?product=import-placeholder-for-200706"},"modified":"2021-01-15T11:00:08","modified_gmt":"2021-01-15T11:00:08","slug":"gletscherquartett","status":"publish","type":"product","link":"https:\/\/pizbube.ch\/en\/shop\/gletscherquartett\/","title":{"rendered":"Gletscherquartett"},"content":{"rendered":"<p>Die Vergletscherung ist das pr\u00e4gende Merkmal der Schweizer Hochalpen. Str\u00f6me<br \/>\naus Eis beeindrucken uns mit atemberaubenden Spalten und Schr\u00fcnden oder als<br \/>\nLandschaftsgestalter mit spektakul\u00e4rem Gletscherschliff oder m\u00e4chtigen<br \/>\nMor\u00e4nenh\u00fcgeln.<\/p>\n<p>Das Gletscherquartett stellt die Sch\u00f6nheit der weissen Riesen in einen<br \/>\nSpielkontext &#8211; mit wissenschaftlich fundierten Zahlen von 32 der wichtigsten,<br \/>\nund aber auch sch\u00f6nsten Gletschern der Schweizer Alpen. Zusammen mit<br \/>\nimponierendem Bildmaterial l\u00e4sst sich so auf kleinem Raum, kurzweilig und<br \/>\nspielerisch, viel \u00fcber die Gletscher und ihren raschen R\u00fcckgang in den letzten<br \/>\nJahrzehnten erfahren. Das Kartenspiel soll aber auch Anstoss sein, die<br \/>\nEismassen in Natura zu besuchen, denn eines weiss man heute sicher: Das ewige<br \/>\nEis ist nicht ewig.<\/p>\n<p>Das Gletscherquartett umfasst 33 Blatt, davon sind 32 Bildkarten, mit jeweils<br \/>\neinem exklusiven Bildmotiv sowie den wesentlichen Kennzahlen der abgebildeten<br \/>\nGletscher. Die 33. Karte enth\u00e4lt vorder- und r\u00fcckseitig die Spielanleitung und<br \/>\neine kurze Legende zu den Kennzahlen. Der Kartenstapel ist eingefasst in eine<br \/>\nschmuck gestaltete Spielkartonbox, die einen gut gesch\u00fctzten Transport<br \/>\nerm\u00f6glicht. Karten aus Spielkartenkarton 300gr\/m2, beidseitig lackiert,<br \/>\nBlattformat 62 mm x 100 mm.<\/p>","protected":false},"excerpt":{"rendered":"<p>Die Vergletscherung ist das pr\u00e4gende Merkmal der Schweizer Hochalpen. Str\u00f6me aus Eis beeindrucken uns mit atemberaubenden Spalten und Schr\u00fcnden oder als Landschaftsgestalter mit spektakul\u00e4rem Gletscherschliff oder m\u00e4chtigen Mor\u00e4nenh\u00fcgeln. Das Gletscherquartett stellt die Sch\u00f6nheit der weissen Riesen in einen Spielkontext &#8211; mit wissenschaftlich fundierten Zahlen von 32 der wichtigsten, und aber auch sch\u00f6nsten Gletschern der Schweizer [&#8230;]\n","protected":false},"featured_media":27683,"template":"","meta":[],"product_brand":[],"product_cat":[21836],"product_tag":[],"class_list":{"0":"post-146553","1":"product","2":"type-product","3":"status-publish","4":"has-post-thumbnail","6":"product_cat-geschenkideen","7":"pa_autor-michel","8":"pa_erscheinungsjahr-21546","9":"pa_region-schweiz","10":"pa_sprache-de","12":"first","13":"instock","14":"taxable","15":"shipping-taxable","16":"purchasable","17":"product-type-simple"},"_links":{"self":[{"href":"https:\/\/pizbube.ch\/en\/wp-json\/wp\/v2\/product\/146553","targetHints":{"allow":["GET"]}}],"collection":[{"href":"https:\/\/pizbube.ch\/en\/wp-json\/wp\/v2\/product"}],"about":[{"href":"https:\/\/pizbube.ch\/en\/wp-json\/wp\/v2\/types\/product"}],"wp:featuredmedia":[{"embeddable":true,"href":"https:\/\/pizbube.ch\/en\/wp-json\/wp\/v2\/media\/27683"}],"wp:attachment":[{"href":"https:\/\/pizbube.ch\/en\/wp-json\/wp\/v2\/media?parent=146553"}],"wp:term":[{"taxonomy":"product_brand","embeddable":true,"href":"https:\/\/pizbube.ch\/en\/wp-json\/wp\/v2\/product_brand?post=146553"},{"taxonomy":"product_cat","embeddable":true,"href":"https:\/\/pizbube.ch\/en\/wp-json\/wp\/v2\/product_cat?post=146553"},{"taxonomy":"product_tag","embeddable":true,"href":"https:\/\/pizbube.ch\/en\/wp-json\/wp\/v2\/product_tag?post=146553"}],"curies":[{"name":"wp","href":"https:\/\/api.w.org\/{rel}","templated":true}]}}