{"id":146554,"date":"2021-01-15T10:53:53","date_gmt":"2021-01-15T10:53:53","guid":{"rendered":"https:\/\/codengine3.ch\/?product=import-placeholder-for-204603"},"modified":"2025-03-14T08:52:33","modified_gmt":"2025-03-14T07:52:33","slug":"alpengletscher-eine-hommage","status":"publish","type":"product","link":"https:\/\/pizbube.ch\/en\/shop\/alpengletscher-eine-hommage\/","title":{"rendered":"Alpengletscher &#8211; eine Hommage"},"content":{"rendered":"<p>Ehe die Gletscher verschwinden<br \/>\nDie gro\u00dfe Hommage an die hochalpine Welt aus Eis und Firn<\/p>\n<p>Das \u201eewige Eis\u201c, das unseren Alpen jahrhundertelang ihr unverwechselbares,<br \/>\nerhabenes Gesicht gegeben hat, schmilzt in rasender Geschwindigkeit dahin. Es<br \/>\nist nur eine Frage der Zeit, bis die gro\u00dfen glei\u00dfenden Gletscherstr\u00f6me unter<br \/>\nGesteinsschutt ergraut und bald v\u00f6llig verschwunden sind. Die Dynamik dieses<br \/>\nProzesses f\u00fchrt uns die verg\u00e4ngliche Sch\u00f6nheit der hochalpinen Welt in all<br \/>\nihrer Dramatik vor Augen. In einzigartigen Bildern und Texten das<br \/>\nfestzuhalten, was wir zu verlieren haben, ist Ziel dieses Buches.<\/p>\n<p>Denn das Ende der Gletscher kann niemanden kalt lassen \u2013 schon gar nicht, wenn<br \/>\nman sein Leben derart mit dem alpinen Eis verbunden hat wie Bergfotograf Bernd<br \/>\nRitschel und Gletscherforscherin Andrea Fischer. So ist dieser aufw\u00e4ndige<br \/>\nBildband nicht nur eine wissenschaftlich fundierte Bestandsaufnahme, sondern<br \/>\nvor allem auch eine faszinierende Hymne an die Gr\u00f6\u00dfe und Sch\u00f6nheit des<br \/>\nHochgebirges und ein Fest f\u00fcr die Augen.<br \/>\nDer Schwerpunkt dieses Bandes liegt in seiner Bildauswahl. In einzigartigen,<br \/>\nteils gro\u00dfformatigen Ansichten werden alle hochalpinen Bergregionen der Ost-<br \/>\nund Westalpen gleicherma\u00dfen ber\u00fccksichtigt. Die Bildtexte lenken den Blick auf<br \/>\ndie geographischen und glaziologischen Besonderheiten. Ein praktischer Anhang<br \/>\nerg\u00e4nzt die gro\u00dfe Gletscherschau: Mit kurzem Infoblock werden 25 Pl\u00e4tze<br \/>\n(Aussichtspunkte, Lehrpfade, H\u00fctten) vorgestellt, an denen auch Nicht-<br \/>\nBergsteiger Gletscher hautnah erleben k\u00f6nnen.<\/p>\n<p>In den Textbeitr\u00e4gen widmet sich das Buch der Geschichte der Gletscher sowie<br \/>\nder Dynamik der aktuellen Entwicklung. Ein weiterer Schwerpunkt ist der Mensch<br \/>\nim Gebirge: Was bedeuten die Gletscher f\u00fcr das Leben und Wirtschaften im<br \/>\nAlpenraum? Was kommt auf uns zu, wenn das Eis geht? Und was erwartet Menschen<br \/>\nheute, wenn sie sich ins hochalpine Eis wagen?<\/p>\n<p>256 Seiten; 158 farb. Abb.,<br \/>\n1 \u00dcbersichtskarte, 30 cm x 24 cm<\/p>","protected":false},"excerpt":{"rendered":"<ul>\n<li><strong><a href=\"https:\/\/pizbube.ch\/wp-content\/uploads\/attachments\/a_015\/59F865D30A9723574E29347720123719.pdf\" target=\"_blank\" rel=\"noopener\">PDF: Leseprobe_Inhalt_Alpengletscher<\/a><\/strong><\/li>\n<\/ul>","protected":false},"featured_media":162818,"template":"","meta":[],"product_brand":[],"product_cat":[21542],"product_tag":[],"class_list":{"0":"post-146554","1":"product","2":"type-product","3":"status-publish","4":"has-post-thumbnail","6":"product_cat-sachbuecher-dokumentationen","7":"pa_autor-fischer-ritschel","8":"pa_erscheinungsjahr-21558","9":"pa_region-oesterreich","10":"pa_sprache-de","12":"first","13":"instock","14":"taxable","15":"shipping-taxable","16":"purchasable","17":"product-type-simple"},"_links":{"self":[{"href":"https:\/\/pizbube.ch\/en\/wp-json\/wp\/v2\/product\/146554","targetHints":{"allow":["GET"]}}],"collection":[{"href":"https:\/\/pizbube.ch\/en\/wp-json\/wp\/v2\/product"}],"about":[{"href":"https:\/\/pizbube.ch\/en\/wp-json\/wp\/v2\/types\/product"}],"wp:featuredmedia":[{"embeddable":true,"href":"https:\/\/pizbube.ch\/en\/wp-json\/wp\/v2\/media\/162818"}],"wp:attachment":[{"href":"https:\/\/pizbube.ch\/en\/wp-json\/wp\/v2\/media?parent=146554"}],"wp:term":[{"taxonomy":"product_brand","embeddable":true,"href":"https:\/\/pizbube.ch\/en\/wp-json\/wp\/v2\/product_brand?post=146554"},{"taxonomy":"product_cat","embeddable":true,"href":"https:\/\/pizbube.ch\/en\/wp-json\/wp\/v2\/product_cat?post=146554"},{"taxonomy":"product_tag","embeddable":true,"href":"https:\/\/pizbube.ch\/en\/wp-json\/wp\/v2\/product_tag?post=146554"}],"curies":[{"name":"wp","href":"https:\/\/api.w.org\/{rel}","templated":true}]}}