{"id":146555,"date":"2021-01-15T10:53:53","date_gmt":"2021-01-15T10:53:53","guid":{"rendered":"https:\/\/codengine3.ch\/?product=import-placeholder-for-207790"},"modified":"2021-01-15T16:58:37","modified_gmt":"2021-01-15T16:58:37","slug":"gletscher-klimazeugen-von-der-eiszeit-bis-zur-gegenwart","status":"publish","type":"product","link":"https:\/\/pizbube.ch\/en\/shop\/gletscher-klimazeugen-von-der-eiszeit-bis-zur-gegenwart\/","title":{"rendered":"Gletscher &#8211; Klimazeugen von der Eiszeit bis zur Gegenwart"},"content":{"rendered":"<p>\nDas Lebenswerk eines Glazialforschers  <\/p>\n<p>Die Landschaftsmaler waren die ersten, die die Erhabenheit von alpinen<br \/>\nGletschern anschaulich machten. Doch waren sie auch Pioniere der Forschung:<br \/>\nNeben dem k\u00fcnstlerischen Aspekt offenbaren ihre Gem\u00e4lde wertvolle<br \/>\nInformationen \u00fcber Aussehen und Verbreitung der Gletscher noch vor dem Beginn<br \/>\nder systematischen Beobachtung. Insbesondere die Bilder von Thomas Ender und<br \/>\nFerdinand Runk aus dem fr\u00fchen 19. Jahrhundert zeigen die Gletscher der<br \/>\nAlpenregionen in gro\u00dfer Detailtreue.  <\/p>\n<p>Das Buch des \u00f6sterreichischen Geografen und Hochgebirgsforschers Gernot<br \/>\nPatzelt (*1939) arbeitet nun die Gletscherbilder von Ender und Runk auf,<br \/>\nstellt sie fotografischen Aufnahmen von heute gegen\u00fcber und macht die Folgen<br \/>\nder Klimaerw\u00e4rmung sichtbar. Es fasst Patzelts Forschungsergebnisse aus<br \/>\nJahrzehnten zusammen und bietet eine Chronologie der Gletscher- und<br \/>\nKlimaentwicklung der letzten 50.000 Jahre.  <\/p>\n<p>Hrsg. Gernot Patzelt, Beitr\u00e4ge von Gernot Patzelt, Gestaltung von Margarethe<br \/>\nHausst\u00e4tter<br \/>\n264 Seiten, 147 Abb.; Halbleinen; 24,00 x 31,00 cm  <\/p>","protected":false},"excerpt":{"rendered":"<p>Das Lebenswerk eines Glazialforschers Die Landschaftsmaler waren die ersten, die die Erhabenheit von alpinen Gletschern anschaulich machten. Doch waren sie auch Pioniere der Forschung: Neben dem k\u00fcnstlerischen Aspekt offenbaren ihre Gem\u00e4lde wertvolle Informationen \u00fcber Aussehen und Verbreitung der Gletscher noch vor dem Beginn der systematischen Beobachtung. Insbesondere die Bilder von Thomas Ender und Ferdinand Runk [&#8230;]\n","protected":false},"featured_media":38451,"template":"","meta":[],"product_brand":[],"product_cat":[21542],"product_tag":[],"class_list":{"0":"post-146555","1":"product","2":"type-product","3":"status-publish","4":"has-post-thumbnail","6":"product_cat-sachbuecher-dokumentationen","7":"pa_autor-patzelt-hrsg","8":"pa_erscheinungsjahr-21586","9":"pa_region-fauna-flora-geologie-glaziologie","10":"pa_sprache-de","12":"first","13":"instock","14":"taxable","15":"shipping-taxable","16":"purchasable","17":"product-type-simple"},"_links":{"self":[{"href":"https:\/\/pizbube.ch\/en\/wp-json\/wp\/v2\/product\/146555","targetHints":{"allow":["GET"]}}],"collection":[{"href":"https:\/\/pizbube.ch\/en\/wp-json\/wp\/v2\/product"}],"about":[{"href":"https:\/\/pizbube.ch\/en\/wp-json\/wp\/v2\/types\/product"}],"wp:featuredmedia":[{"embeddable":true,"href":"https:\/\/pizbube.ch\/en\/wp-json\/wp\/v2\/media\/38451"}],"wp:attachment":[{"href":"https:\/\/pizbube.ch\/en\/wp-json\/wp\/v2\/media?parent=146555"}],"wp:term":[{"taxonomy":"product_brand","embeddable":true,"href":"https:\/\/pizbube.ch\/en\/wp-json\/wp\/v2\/product_brand?post=146555"},{"taxonomy":"product_cat","embeddable":true,"href":"https:\/\/pizbube.ch\/en\/wp-json\/wp\/v2\/product_cat?post=146555"},{"taxonomy":"product_tag","embeddable":true,"href":"https:\/\/pizbube.ch\/en\/wp-json\/wp\/v2\/product_tag?post=146555"}],"curies":[{"name":"wp","href":"https:\/\/api.w.org\/{rel}","templated":true}]}}