{"id":146557,"date":"2021-01-15T10:53:53","date_gmt":"2021-01-15T10:53:53","guid":{"rendered":"https:\/\/codengine3.ch\/?product=import-placeholder-for-208167"},"modified":"2021-01-15T17:50:58","modified_gmt":"2021-01-15T17:50:58","slug":"the-glaciers-essence","status":"publish","type":"product","link":"https:\/\/pizbube.ch\/en\/shop\/the-glaciers-essence\/","title":{"rendered":"The Glacier&#8217;s Essence"},"content":{"rendered":"<p>\nGr\u00f6nland &#8211; Glarus: Kunst, Klima, Wissenschaft<\/p>\n<p>Die Gletscher in den Alpen und auf Gr\u00f6nland schmelzen seit Jahrzehnten. Die<br \/>\nglobale Erw\u00e4rmung beschleunigt ihren Schwund in alarmierendem Ausmass. Der<br \/>\nSchweizer Geophysiker Alfred de Quervain (1879-1927) vermass als Erster den<br \/>\nGlarner Claridengletscher und f\u00fchrte 1909 und 1912 bedeutende<br \/>\nForschungsexpeditionen nach Gr\u00f6nland durch.Glarus und Gr\u00f6nland: Der K\u00fcnstler<br \/>\nMartin St\u00fctzle und der Fotograf Fridolin Walcher machten die Glarner Gletscher<br \/>\nzum Thema ihrer Werke und begleiteten im Mai 2018 Schweizer<br \/>\nUmweltwissenschaftler auf einer neuen Gr\u00f6nlandexpedition.<\/p>\n<p>Ihre Fotografien, Radierungen und Performances entstanden vor dem Hintergrund<br \/>\nwissenschaftlicher Fakten, sprechen jedoch die Sinne und Gef\u00fchle direkt<br \/>\nan.\u00abThe Glacier&#8217;s Essence\u00bb pr\u00e4sentiert die Essenz von Gletscherkernbohrung und<br \/>\nKunst und nimmt de Quervains Faden auf: Im Anschluss an ein Vorwort von<br \/>\nBenedikt Wechsler, Schweizer Diplomat und Mitinitiator der Expedition von<br \/>\n2018, geben die Geografin und Evolutionsbiologin Gabriela Schaepman-Strub, der<br \/>\nGlaziologe Konrad Steffen und der Klima- und Umweltphysiker Thomas Stocker<br \/>\nEinblick in den neusten Stand ihrer Forschung. Die Kunstpublizistin Nadine<br \/>\nOlonetzky beleuchtet Martin St\u00fctzles und Fridolin Walchers Arbeiten und die<br \/>\naktuelle Bewegung der Klimakunst.  <\/p>","protected":false},"excerpt":{"rendered":"<p>Gr\u00f6nland &#8211; Glarus: Kunst, Klima, Wissenschaft Die Gletscher in den Alpen und auf Gr\u00f6nland schmelzen seit Jahrzehnten. Die globale Erw\u00e4rmung beschleunigt ihren Schwund in alarmierendem Ausmass. Der Schweizer Geophysiker Alfred de Quervain (1879-1927) vermass als Erster den Glarner Claridengletscher und f\u00fchrte 1909 und 1912 bedeutende Forschungsexpeditionen nach Gr\u00f6nland durch.Glarus und Gr\u00f6nland: Der K\u00fcnstler Martin St\u00fctzle [&#8230;]\n","protected":false},"featured_media":39524,"template":"","meta":[],"product_brand":[],"product_cat":[21580],"product_tag":[],"class_list":{"0":"post-146557","1":"product","2":"type-product","3":"status-publish","4":"has-post-thumbnail","6":"product_cat-kunst-kultur","7":"pa_autor-stuetzle-walcher","8":"pa_erscheinungsjahr-21558","9":"pa_region-schweiz","10":"pa_sprache-de-en","12":"first","13":"instock","14":"taxable","15":"shipping-taxable","16":"purchasable","17":"product-type-simple"},"_links":{"self":[{"href":"https:\/\/pizbube.ch\/en\/wp-json\/wp\/v2\/product\/146557","targetHints":{"allow":["GET"]}}],"collection":[{"href":"https:\/\/pizbube.ch\/en\/wp-json\/wp\/v2\/product"}],"about":[{"href":"https:\/\/pizbube.ch\/en\/wp-json\/wp\/v2\/types\/product"}],"wp:featuredmedia":[{"embeddable":true,"href":"https:\/\/pizbube.ch\/en\/wp-json\/wp\/v2\/media\/39524"}],"wp:attachment":[{"href":"https:\/\/pizbube.ch\/en\/wp-json\/wp\/v2\/media?parent=146557"}],"wp:term":[{"taxonomy":"product_brand","embeddable":true,"href":"https:\/\/pizbube.ch\/en\/wp-json\/wp\/v2\/product_brand?post=146557"},{"taxonomy":"product_cat","embeddable":true,"href":"https:\/\/pizbube.ch\/en\/wp-json\/wp\/v2\/product_cat?post=146557"},{"taxonomy":"product_tag","embeddable":true,"href":"https:\/\/pizbube.ch\/en\/wp-json\/wp\/v2\/product_tag?post=146557"}],"curies":[{"name":"wp","href":"https:\/\/api.w.org\/{rel}","templated":true}]}}