{"id":146558,"date":"2021-01-15T10:53:53","date_gmt":"2021-01-15T10:53:53","guid":{"rendered":"https:\/\/codengine3.ch\/?product=import-placeholder-for-208651"},"modified":"2023-04-11T10:17:53","modified_gmt":"2023-04-11T08:17:53","slug":"silence","status":"publish","type":"product","link":"https:\/\/pizbube.ch\/en\/shop\/silence\/","title":{"rendered":"SILENCE"},"content":{"rendered":"<p>Kaum war die Fotografie erfunden, folgten auch schon die rasenden Reporter. Je<br \/>\nschneller die Verschl\u00fcsse das Knacken lernten, desto aufregender wurden die<br \/>\nSujets. Highspeed ist heute in der Echtzeitfotografie das Schl\u00fcsselwort. Da<br \/>\ntut es richtig gut, sich der innovativen Fotografin Caroline Fink<br \/>\nanzuvertrauen und mit ihr die Stille der Natur zu entdecken: in den Bergen, in<br \/>\nder W\u00fcste, in den W\u00e4ldern, beim Anblick der Wolken und des Himmels.<\/p>\n<p>Silence ist ein grosses Bildvergn\u00fcgen &#8211; und mehr noch: der Weg zur Entspannung<br \/>\ndurch Betrachtung &#8211; f\u00fcr von Hektik getriebene Zeitgenossen. Es ist kein<br \/>\nZufall, dass Caroline Fink ihre fr\u00fchen Sujets fast alle in den Bergen fand.<br \/>\nDie Berge stehen f\u00fcr unendliche Zeitbegriffe, ja, f\u00fcr Zeitlosigkeit, f\u00fcr Demut<br \/>\nauch und f\u00fcr Einkehr bei sich selbst. Die Erfinder der Bibliotherapie hatten<br \/>\ndas Wort vor Augen. Doch schon der grosse Dichter Rumi schrieb als Meister des<br \/>\nWorts: &#171;Eine grosse Stille \u00fcberkommt mich. Und ich frage mich, warum ich je<br \/>\nWorte brauchte.&#187; Er ahnte, dass viele Antworten und das Geheimnis des Lebens<br \/>\nin der Stille liegen.<\/p>\n<p>Caroline Fink hat sich mit Silence auf den Weg gemacht, den Betrachter an der<br \/>\nFaszination teilhaben zu lassen, die stille Motive auf uns aus\u00fcben. Ihre<br \/>\nBilder lassen zur Ruhe kommen und regen gleichsam an, die Landschaft wieder so<br \/>\nzu sehen, wie sie war, als sie einfach noch Landschaft sein durfte. So gesehen<br \/>\nist Silence eine wunderbare Schule des Sehens, Verstehens und zu sich Findens.<\/p>","protected":false},"excerpt":{"rendered":"<p>Kaum war die Fotografie erfunden, folgten auch schon die rasenden Reporter. Je schneller die Verschl\u00fcsse das Knacken lernten, desto aufregender wurden die Sujets. Highspeed ist heute in der Echtzeitfotografie das Schl\u00fcsselwort. Da tut es richtig gut, sich der innovativen Fotografin Caroline Fink anzuvertrauen und mit ihr die Stille der Natur zu entdecken: in den Bergen, [&#8230;]\n","protected":false},"featured_media":163229,"template":"","meta":[],"product_brand":[],"product_cat":[21580],"product_tag":[],"class_list":{"0":"post-146558","1":"product","2":"type-product","3":"status-publish","4":"has-post-thumbnail","6":"product_cat-kunst-kultur","7":"pa_autor-fink","8":"pa_erscheinungsjahr-21546","9":"pa_region-schweiz","10":"pa_sprache-de","12":"first","13":"onbackorder","14":"taxable","15":"shipping-taxable","16":"purchasable","17":"product-type-simple"},"_links":{"self":[{"href":"https:\/\/pizbube.ch\/en\/wp-json\/wp\/v2\/product\/146558","targetHints":{"allow":["GET"]}}],"collection":[{"href":"https:\/\/pizbube.ch\/en\/wp-json\/wp\/v2\/product"}],"about":[{"href":"https:\/\/pizbube.ch\/en\/wp-json\/wp\/v2\/types\/product"}],"wp:featuredmedia":[{"embeddable":true,"href":"https:\/\/pizbube.ch\/en\/wp-json\/wp\/v2\/media\/163229"}],"wp:attachment":[{"href":"https:\/\/pizbube.ch\/en\/wp-json\/wp\/v2\/media?parent=146558"}],"wp:term":[{"taxonomy":"product_brand","embeddable":true,"href":"https:\/\/pizbube.ch\/en\/wp-json\/wp\/v2\/product_brand?post=146558"},{"taxonomy":"product_cat","embeddable":true,"href":"https:\/\/pizbube.ch\/en\/wp-json\/wp\/v2\/product_cat?post=146558"},{"taxonomy":"product_tag","embeddable":true,"href":"https:\/\/pizbube.ch\/en\/wp-json\/wp\/v2\/product_tag?post=146558"}],"curies":[{"name":"wp","href":"https:\/\/api.w.org\/{rel}","templated":true}]}}