{"id":146559,"date":"2021-01-15T10:53:54","date_gmt":"2021-01-15T10:53:54","guid":{"rendered":"https:\/\/codengine3.ch\/?product=import-placeholder-for-208694"},"modified":"2021-04-10T10:22:50","modified_gmt":"2021-04-10T08:22:50","slug":"a-glaciers-requiem","status":"publish","type":"product","link":"https:\/\/pizbube.ch\/en\/shop\/a-glaciers-requiem\/","title":{"rendered":"A Glacier&#8217;s Requiem"},"content":{"rendered":"<p>Die Multimedia-K\u00fcnstlerin Julia Calfee lebte monatelang unter einfachsten<br \/>\nBedingungen auf 2.100 Metern \u00fc. M. am Fu\u00df des schweizerischen L\u00e4nta-Gletschers<br \/>\n\u2013 sie wollte die Bilder und T\u00f6ne der schmelzenden Gletscher verstehen und<br \/>\narchivieren, die unter ihren H\u00e4nden und vor ihren Augen verschwanden.<\/p>\n<p>Das Ergebnis dieser mehrmonatigen Arbeit waren mehr als 300 Tonaufnahmen und<br \/>\nTausende von Schwarz-Wei\u00df-Fotos. Calfees letztendliche Bildauswahl<br \/>\ntranszendiert das Thema: Sie portr\u00e4tiert auf abstrakte Weise die Bestandteile<br \/>\ndieser sich stets wandelnden Natur. Ebenso kraftvoll sind ihre Tonaufnahmen,<br \/>\ndie sie editiert und neu aneinandergereiht in Form einer Vinyl-Schallplatte<br \/>\npr\u00e4sentiert. Au\u00dfergew\u00f6hnlich ausgestattet und gestaltet, ist A Glacier\u2019s<br \/>\nRequiem ein einzigartiges Bild- und Tondenkmal fu\u0308r die Eisriesen dieser Welt.<\/p>\n<p>Vinyl-Schallplatte<br \/>\n12&#8243;, 180 g Vinyl (45 rpm) 20&#8217;24, Sinfonie von Julia Calfee aus ihren<br \/>\nTonaufnamen des schmelzenden Gletschers<\/p>\n<p>Beitr\u00e4ge von Daniel Haefliger, Edu Haubensak, Yang Lian, Peter Schneider,<br \/>\nMorris Wolf<br \/>\nGestaltet von Pentagram Design Berlin<br \/>\nFesteinband<br \/>\nmit Vinyl-Schallplatte im Schuber<br \/>\n30,5 x 31 cm<br \/>\n112 Seiten<br \/>\n40 Duplexabb.<br \/>\nEnglisch, With 12&#187; Vinyl Record<\/p>","protected":false},"excerpt":{"rendered":"<ul>\n<li><a href=\"https:\/\/vimeo.com\/168949270\" target=\"_blank\" rel=\"noopener\">Video: Making Of A Glacier\u2019s Requiem By Julia Calfee<\/a><\/li>\n<\/ul>","protected":false},"featured_media":40981,"template":"","meta":[],"product_brand":[],"product_cat":[21580],"product_tag":[],"class_list":{"0":"post-146559","1":"product","2":"type-product","3":"status-publish","4":"has-post-thumbnail","6":"product_cat-kunst-kultur","7":"pa_autor-calfee","8":"pa_erscheinungsjahr-21571","9":"pa_region-schweiz","10":"pa_sprache-en","12":"first","13":"onbackorder","14":"taxable","15":"shipping-taxable","16":"purchasable","17":"product-type-simple"},"_links":{"self":[{"href":"https:\/\/pizbube.ch\/en\/wp-json\/wp\/v2\/product\/146559","targetHints":{"allow":["GET"]}}],"collection":[{"href":"https:\/\/pizbube.ch\/en\/wp-json\/wp\/v2\/product"}],"about":[{"href":"https:\/\/pizbube.ch\/en\/wp-json\/wp\/v2\/types\/product"}],"wp:featuredmedia":[{"embeddable":true,"href":"https:\/\/pizbube.ch\/en\/wp-json\/wp\/v2\/media\/40981"}],"wp:attachment":[{"href":"https:\/\/pizbube.ch\/en\/wp-json\/wp\/v2\/media?parent=146559"}],"wp:term":[{"taxonomy":"product_brand","embeddable":true,"href":"https:\/\/pizbube.ch\/en\/wp-json\/wp\/v2\/product_brand?post=146559"},{"taxonomy":"product_cat","embeddable":true,"href":"https:\/\/pizbube.ch\/en\/wp-json\/wp\/v2\/product_cat?post=146559"},{"taxonomy":"product_tag","embeddable":true,"href":"https:\/\/pizbube.ch\/en\/wp-json\/wp\/v2\/product_tag?post=146559"}],"curies":[{"name":"wp","href":"https:\/\/api.w.org\/{rel}","templated":true}]}}